{"id":4113,"date":"2020-11-02T16:32:56","date_gmt":"2020-11-02T16:32:56","guid":{"rendered":"https:\/\/cocinas-tenerife.com\/cocinas-modernas\/"},"modified":"2020-11-14T15:24:40","modified_gmt":"2020-11-14T15:24:40","slug":"cocinas-modernas","status":"publish","type":"page","link":"https:\/\/cocinas-tenerife.com\/es\/cocinas-modernas\/","title":{"rendered":"Cocinas modernas"},"content":{"rendered":"\t\t<div data-elementor-type=\"wp-page\" data-elementor-id=\"4113\" class=\"elementor elementor-4113 elementor-3615\" data-elementor-post-type=\"page\">\n\t\t\t\t\t\t<section class=\"elementor-section elementor-top-section elementor-element elementor-element-c0bc47d elementor-section-full_width elementor-section-height-default elementor-section-height-default\" data-id=\"c0bc47d\" data-element_type=\"section\" data-e-type=\"section\">\n\t\t\t\t\t\t<div class=\"elementor-container elementor-column-gap-default\">\n\t\t\t\t\t<div class=\"elementor-column elementor-col-100 elementor-top-column elementor-element elementor-element-d3ced4e\" data-id=\"d3ced4e\" data-element_type=\"column\" data-e-type=\"column\">\n\t\t\t<div class=\"elementor-widget-wrap elementor-element-populated\">\n\t\t\t\t\t\t<div class=\"elementor-element elementor-element-224f6a6 elementor-widget elementor-widget-image\" data-id=\"224f6a6\" data-element_type=\"widget\" data-e-type=\"widget\" data-widget_type=\"image.default\">\n\t\t\t\t<div class=\"elementor-widget-container\">\n\t\t\t\t\t\t\t\t\t\t\t\t\t\t\t<img fetchpriority=\"high\" decoding=\"async\" width=\"2702\" height=\"762\" src=\"https:\/\/cocinas-tenerife.com\/wp-content\/uploads\/2019\/12\/moderne-kueche-0106_easytouch963-riva371_50331_19-1351x381-1.jpg\" class=\"attachment-full size-full wp-image-2681\" alt=\"Moderne K\u00fcche bei 1-2-3 K\u00fcchen, Puerto de la Cruz, Teneriffa\" srcset=\"https:\/\/cocinas-tenerife.com\/wp-content\/uploads\/2019\/12\/moderne-kueche-0106_easytouch963-riva371_50331_19-1351x381-1.jpg 2702w, https:\/\/cocinas-tenerife.com\/wp-content\/uploads\/2019\/12\/moderne-kueche-0106_easytouch963-riva371_50331_19-1351x381-1-300x85.jpg 300w, https:\/\/cocinas-tenerife.com\/wp-content\/uploads\/2019\/12\/moderne-kueche-0106_easytouch963-riva371_50331_19-1351x381-1-1024x289.jpg 1024w, https:\/\/cocinas-tenerife.com\/wp-content\/uploads\/2019\/12\/moderne-kueche-0106_easytouch963-riva371_50331_19-1351x381-1-768x217.jpg 768w, https:\/\/cocinas-tenerife.com\/wp-content\/uploads\/2019\/12\/moderne-kueche-0106_easytouch963-riva371_50331_19-1351x381-1-1536x433.jpg 1536w, https:\/\/cocinas-tenerife.com\/wp-content\/uploads\/2019\/12\/moderne-kueche-0106_easytouch963-riva371_50331_19-1351x381-1-2048x578.jpg 2048w, https:\/\/cocinas-tenerife.com\/wp-content\/uploads\/2019\/12\/moderne-kueche-0106_easytouch963-riva371_50331_19-1351x381-1-1080x305.jpg 1080w, https:\/\/cocinas-tenerife.com\/wp-content\/uploads\/2019\/12\/moderne-kueche-0106_easytouch963-riva371_50331_19-1351x381-1-1280x361.jpg 1280w, https:\/\/cocinas-tenerife.com\/wp-content\/uploads\/2019\/12\/moderne-kueche-0106_easytouch963-riva371_50331_19-1351x381-1-980x276.jpg 980w, https:\/\/cocinas-tenerife.com\/wp-content\/uploads\/2019\/12\/moderne-kueche-0106_easytouch963-riva371_50331_19-1351x381-1-480x135.jpg 480w\" sizes=\"(max-width: 2702px) 100vw, 2702px\" \/>\t\t\t\t\t\t\t\t\t\t\t\t\t\t\t<\/div>\n\t\t\t\t<\/div>\n\t\t\t\t\t<\/div>\n\t\t<\/div>\n\t\t\t\t\t<\/div>\n\t\t<\/section>\n\t\t\t\t<section class=\"elementor-section elementor-top-section elementor-element elementor-element-dbb22be elementor-section-boxed elementor-section-height-default elementor-section-height-default\" data-id=\"dbb22be\" data-element_type=\"section\" data-e-type=\"section\">\n\t\t\t\t\t\t<div class=\"elementor-container elementor-column-gap-default\">\n\t\t\t\t\t<div class=\"elementor-column elementor-col-100 elementor-top-column elementor-element elementor-element-dbb50a5\" data-id=\"dbb50a5\" data-element_type=\"column\" data-e-type=\"column\">\n\t\t\t<div class=\"elementor-widget-wrap elementor-element-populated\">\n\t\t\t\t\t\t<div class=\"elementor-element elementor-element-a1c5054 elementor-widget elementor-widget-spacer\" data-id=\"a1c5054\" data-element_type=\"widget\" data-e-type=\"widget\" data-widget_type=\"spacer.default\">\n\t\t\t\t<div class=\"elementor-widget-container\">\n\t\t\t\t\t\t\t<div class=\"elementor-spacer\">\n\t\t\t<div class=\"elementor-spacer-inner\"><\/div>\n\t\t<\/div>\n\t\t\t\t\t\t<\/div>\n\t\t\t\t<\/div>\n\t\t\t\t<div class=\"elementor-element elementor-element-6cc9285 elementor-widget elementor-widget-heading\" data-id=\"6cc9285\" data-element_type=\"widget\" data-e-type=\"widget\" data-widget_type=\"heading.default\">\n\t\t\t\t<div class=\"elementor-widget-container\">\n\t\t\t\t\t<h1 class=\"elementor-heading-title elementor-size-default\">Cocinas modernas<\/h1>\t\t\t\t<\/div>\n\t\t\t\t<\/div>\n\t\t\t\t<div class=\"elementor-element elementor-element-70df8c1 elementor-widget elementor-widget-heading\" data-id=\"70df8c1\" data-element_type=\"widget\" data-e-type=\"widget\" data-widget_type=\"heading.default\">\n\t\t\t\t<div class=\"elementor-widget-container\">\n\t\t\t\t\t<h2 class=\"elementor-heading-title elementor-size-default\">La vida moderna futurista en la era digital<\/h2>\t\t\t\t<\/div>\n\t\t\t\t<\/div>\n\t\t\t\t<div class=\"elementor-element elementor-element-68527b7 elementor-widget elementor-widget-spacer\" data-id=\"68527b7\" data-element_type=\"widget\" data-e-type=\"widget\" data-widget_type=\"spacer.default\">\n\t\t\t\t<div class=\"elementor-widget-container\">\n\t\t\t\t\t\t\t<div class=\"elementor-spacer\">\n\t\t\t<div class=\"elementor-spacer-inner\"><\/div>\n\t\t<\/div>\n\t\t\t\t\t\t<\/div>\n\t\t\t\t<\/div>\n\t\t\t\t<div class=\"elementor-element elementor-element-05cd5e3 elementor-widget elementor-widget-text-editor\" data-id=\"05cd5e3\" data-element_type=\"widget\" data-e-type=\"widget\" data-widget_type=\"text-editor.default\">\n\t\t\t\t<div class=\"elementor-widget-container\">\n\t\t\t\t\t\t\t\t\t<p>Aqu\u00ed es donde el dise\u00f1o vanguardista de la cocina se une a los colores de moda, los materiales innovadores y los electrodom\u00e9sticos de alta tecnolog\u00eda de Siemens, Bosch y Neff de BSH, que se pueden controlar a trav\u00e9s de su smartphone y recibir \u00f3rdenes precisas incluso cuando no est\u00e1 en casa.<\/p>\n<p>Una cocina que est\u00e1 al d\u00eda y siempre un paso adelante visualmente. Ya sea madera, laca o vidrio, nuestras cocinas modernas impresionan con una atractiva interacci\u00f3n de materiales, colores y un dise\u00f1o seguro. Los elementos extravagantes y el equipamiento de alta calidad dan a estas cocinas un car\u00e1cter fuerte.<\/p>\n<p>Para su nueva cocina tambi\u00e9n ofrecemos <a href=\"https:\/\/cocinas-tenerife.com\/es\/fregadero\/\">fregaderos de cer\u00e1mica, acero inoxidable y Silgranit<\/a> en muchos colores y con grifos mezcladores a juego.<\/p>\n\t\t\t\t\t\t\t\t<\/div>\n\t\t\t\t<\/div>\n\t\t\t\t<div class=\"elementor-element elementor-element-4a4aa64 elementor-widget elementor-widget-spacer\" data-id=\"4a4aa64\" data-element_type=\"widget\" data-e-type=\"widget\" data-widget_type=\"spacer.default\">\n\t\t\t\t<div class=\"elementor-widget-container\">\n\t\t\t\t\t\t\t<div class=\"elementor-spacer\">\n\t\t\t<div class=\"elementor-spacer-inner\"><\/div>\n\t\t<\/div>\n\t\t\t\t\t\t<\/div>\n\t\t\t\t<\/div>\n\t\t\t\t\t<\/div>\n\t\t<\/div>\n\t\t\t\t\t<\/div>\n\t\t<\/section>\n\t\t\t\t<section class=\"elementor-section elementor-top-section elementor-element elementor-element-e10c3ce elementor-section-boxed elementor-section-height-default elementor-section-height-default\" data-id=\"e10c3ce\" data-element_type=\"section\" data-e-type=\"section\">\n\t\t\t\t\t\t<div class=\"elementor-container elementor-column-gap-default\">\n\t\t\t\t\t<div class=\"elementor-column elementor-col-100 elementor-top-column elementor-element elementor-element-6e66993\" data-id=\"6e66993\" data-element_type=\"column\" data-e-type=\"column\">\n\t\t\t<div class=\"elementor-widget-wrap elementor-element-populated\">\n\t\t\t\t\t\t<div class=\"elementor-element elementor-element-06d1871 elementor-widget elementor-widget-gallery\" data-id=\"06d1871\" data-element_type=\"widget\" data-e-type=\"widget\" data-settings=\"{&quot;lazyload&quot;:&quot;yes&quot;,&quot;gallery_layout&quot;:&quot;grid&quot;,&quot;columns&quot;:4,&quot;columns_tablet&quot;:2,&quot;columns_mobile&quot;:1,&quot;gap&quot;:{&quot;unit&quot;:&quot;px&quot;,&quot;size&quot;:10,&quot;sizes&quot;:[]},&quot;gap_tablet&quot;:{&quot;unit&quot;:&quot;px&quot;,&quot;size&quot;:10,&quot;sizes&quot;:[]},&quot;gap_mobile&quot;:{&quot;unit&quot;:&quot;px&quot;,&quot;size&quot;:10,&quot;sizes&quot;:[]},&quot;link_to&quot;:&quot;file&quot;,&quot;aspect_ratio&quot;:&quot;3:2&quot;,&quot;overlay_background&quot;:&quot;yes&quot;,&quot;content_hover_animation&quot;:&quot;fade-in&quot;}\" data-widget_type=\"gallery.default\">\n\t\t\t\t<div class=\"elementor-widget-container\">\n\t\t\t\t\t\t\t<div class=\"elementor-gallery__container\">\n\t\t\t\t\t\t\t<a class=\"e-gallery-item elementor-gallery-item elementor-animated-content\" href=\"https:\/\/cocinas-tenerife.com\/wp-content\/uploads\/2020\/05\/165_fashion.jpg\" data-elementor-open-lightbox=\"yes\" data-elementor-lightbox-slideshow=\"06d1871\" data-e-action-hash=\"#elementor-action%3Aaction%3Dlightbox%26settings%3DeyJpZCI6MzYyMCwidXJsIjoiaHR0cHM6XC9cL2NvY2luYXMtdGVuZXJpZmUuY29tXC93cC1jb250ZW50XC91cGxvYWRzXC8yMDIwXC8wNVwvMTY1X2Zhc2hpb24uanBnIiwic2xpZGVzaG93IjoiMDZkMTg3MSJ9\">\n\t\t\t\t\t<div class=\"e-gallery-image elementor-gallery-item__image\" data-thumbnail=\"https:\/\/cocinas-tenerife.com\/wp-content\/uploads\/2020\/05\/165_fashion-768x366.jpg\" data-width=\"768\" data-height=\"366\" aria-label=\"Modern Living K\u00fcchen bei Cocinas Tenerife, Puerto de la Cruz\" role=\"img\" ><\/div>\n\t\t\t\t\t\t\t\t\t\t\t<div class=\"elementor-gallery-item__overlay\"><\/div>\n\t\t\t\t\t\t\t\t\t\t\t\t\t\t<\/a>\n\t\t\t\t\t\t\t<a class=\"e-gallery-item elementor-gallery-item elementor-animated-content\" href=\"https:\/\/cocinas-tenerife.com\/wp-content\/uploads\/2020\/05\/168_fashion.jpg\" data-elementor-open-lightbox=\"yes\" data-elementor-lightbox-slideshow=\"06d1871\" data-e-action-hash=\"#elementor-action%3Aaction%3Dlightbox%26settings%3DeyJpZCI6MzYyMywidXJsIjoiaHR0cHM6XC9cL2NvY2luYXMtdGVuZXJpZmUuY29tXC93cC1jb250ZW50XC91cGxvYWRzXC8yMDIwXC8wNVwvMTY4X2Zhc2hpb24uanBnIiwic2xpZGVzaG93IjoiMDZkMTg3MSJ9\">\n\t\t\t\t\t<div class=\"e-gallery-image elementor-gallery-item__image\" data-thumbnail=\"https:\/\/cocinas-tenerife.com\/wp-content\/uploads\/2020\/05\/168_fashion-768x366.jpg\" data-width=\"768\" data-height=\"366\" aria-label=\"Modern Living K\u00fcchen bei Cocinas Tenerife, Puerto de la Cruz\" role=\"img\" ><\/div>\n\t\t\t\t\t\t\t\t\t\t\t<div class=\"elementor-gallery-item__overlay\"><\/div>\n\t\t\t\t\t\t\t\t\t\t\t\t\t\t<\/a>\n\t\t\t\t\t\t\t<a class=\"e-gallery-item elementor-gallery-item elementor-animated-content\" href=\"https:\/\/cocinas-tenerife.com\/wp-content\/uploads\/2020\/05\/171_fashion.jpg\" data-elementor-open-lightbox=\"yes\" data-elementor-lightbox-slideshow=\"06d1871\" data-e-action-hash=\"#elementor-action%3Aaction%3Dlightbox%26settings%3DeyJpZCI6MzYyNiwidXJsIjoiaHR0cHM6XC9cL2NvY2luYXMtdGVuZXJpZmUuY29tXC93cC1jb250ZW50XC91cGxvYWRzXC8yMDIwXC8wNVwvMTcxX2Zhc2hpb24uanBnIiwic2xpZGVzaG93IjoiMDZkMTg3MSJ9\">\n\t\t\t\t\t<div class=\"e-gallery-image elementor-gallery-item__image\" data-thumbnail=\"https:\/\/cocinas-tenerife.com\/wp-content\/uploads\/2020\/05\/171_fashion-768x366.jpg\" data-width=\"768\" data-height=\"366\" aria-label=\"Modern Living K\u00fcchen bei Cocinas Tenerife, Puerto de la Cruz\" role=\"img\" ><\/div>\n\t\t\t\t\t\t\t\t\t\t\t<div class=\"elementor-gallery-item__overlay\"><\/div>\n\t\t\t\t\t\t\t\t\t\t\t\t\t\t<\/a>\n\t\t\t\t\t\t\t<a class=\"e-gallery-item elementor-gallery-item elementor-animated-content\" href=\"https:\/\/cocinas-tenerife.com\/wp-content\/uploads\/2020\/05\/337_touch.jpg\" data-elementor-open-lightbox=\"yes\" data-elementor-lightbox-slideshow=\"06d1871\" data-e-action-hash=\"#elementor-action%3Aaction%3Dlightbox%26settings%3DeyJpZCI6MzYyOSwidXJsIjoiaHR0cHM6XC9cL2NvY2luYXMtdGVuZXJpZmUuY29tXC93cC1jb250ZW50XC91cGxvYWRzXC8yMDIwXC8wNVwvMzM3X3RvdWNoLmpwZyIsInNsaWRlc2hvdyI6IjA2ZDE4NzEifQ%3D%3D\">\n\t\t\t\t\t<div class=\"e-gallery-image elementor-gallery-item__image\" data-thumbnail=\"https:\/\/cocinas-tenerife.com\/wp-content\/uploads\/2020\/05\/337_touch-768x366.jpg\" data-width=\"768\" data-height=\"366\" aria-label=\"Modern Living K\u00fcchen bei Cocinas Tenerife, Puerto de la Cruz\" role=\"img\" ><\/div>\n\t\t\t\t\t\t\t\t\t\t\t<div class=\"elementor-gallery-item__overlay\"><\/div>\n\t\t\t\t\t\t\t\t\t\t\t\t\t\t<\/a>\n\t\t\t\t\t\t\t<a class=\"e-gallery-item elementor-gallery-item elementor-animated-content\" href=\"https:\/\/cocinas-tenerife.com\/wp-content\/uploads\/2020\/05\/405_structura.jpg\" data-elementor-open-lightbox=\"yes\" data-elementor-lightbox-slideshow=\"06d1871\" data-e-action-hash=\"#elementor-action%3Aaction%3Dlightbox%26settings%3DeyJpZCI6MzYzMiwidXJsIjoiaHR0cHM6XC9cL2NvY2luYXMtdGVuZXJpZmUuY29tXC93cC1jb250ZW50XC91cGxvYWRzXC8yMDIwXC8wNVwvNDA1X3N0cnVjdHVyYS5qcGciLCJzbGlkZXNob3ciOiIwNmQxODcxIn0%3D\">\n\t\t\t\t\t<div class=\"e-gallery-image elementor-gallery-item__image\" data-thumbnail=\"https:\/\/cocinas-tenerife.com\/wp-content\/uploads\/2020\/05\/405_structura-768x366.jpg\" data-width=\"768\" data-height=\"366\" aria-label=\"Modern Living K\u00fcchen bei Cocinas Tenerife, Puerto de la Cruz\" role=\"img\" ><\/div>\n\t\t\t\t\t\t\t\t\t\t\t<div class=\"elementor-gallery-item__overlay\"><\/div>\n\t\t\t\t\t\t\t\t\t\t\t\t\t\t<\/a>\n\t\t\t\t\t\t\t<a class=\"e-gallery-item elementor-gallery-item elementor-animated-content\" href=\"https:\/\/cocinas-tenerife.com\/wp-content\/uploads\/2020\/05\/427_laser.jpg\" data-elementor-open-lightbox=\"yes\" data-elementor-lightbox-slideshow=\"06d1871\" data-e-action-hash=\"#elementor-action%3Aaction%3Dlightbox%26settings%3DeyJpZCI6MzYzNSwidXJsIjoiaHR0cHM6XC9cL2NvY2luYXMtdGVuZXJpZmUuY29tXC93cC1jb250ZW50XC91cGxvYWRzXC8yMDIwXC8wNVwvNDI3X2xhc2VyLmpwZyIsInNsaWRlc2hvdyI6IjA2ZDE4NzEifQ%3D%3D\">\n\t\t\t\t\t<div class=\"e-gallery-image elementor-gallery-item__image\" data-thumbnail=\"https:\/\/cocinas-tenerife.com\/wp-content\/uploads\/2020\/05\/427_laser-768x366.jpg\" data-width=\"768\" data-height=\"366\" aria-label=\"Modern Living K\u00fcchen bei Cocinas Tenerife, Puerto de la Cruz\" role=\"img\" ><\/div>\n\t\t\t\t\t\t\t\t\t\t\t<div class=\"elementor-gallery-item__overlay\"><\/div>\n\t\t\t\t\t\t\t\t\t\t\t\t\t\t<\/a>\n\t\t\t\t\t\t\t<a class=\"e-gallery-item elementor-gallery-item elementor-animated-content\" href=\"https:\/\/cocinas-tenerife.com\/wp-content\/uploads\/2020\/05\/467_focus.jpg\" data-elementor-open-lightbox=\"yes\" data-elementor-lightbox-slideshow=\"06d1871\" data-e-action-hash=\"#elementor-action%3Aaction%3Dlightbox%26settings%3DeyJpZCI6MzYzOCwidXJsIjoiaHR0cHM6XC9cL2NvY2luYXMtdGVuZXJpZmUuY29tXC93cC1jb250ZW50XC91cGxvYWRzXC8yMDIwXC8wNVwvNDY3X2ZvY3VzLmpwZyIsInNsaWRlc2hvdyI6IjA2ZDE4NzEifQ%3D%3D\">\n\t\t\t\t\t<div class=\"e-gallery-image elementor-gallery-item__image\" data-thumbnail=\"https:\/\/cocinas-tenerife.com\/wp-content\/uploads\/2020\/05\/467_focus-768x366.jpg\" data-width=\"768\" data-height=\"366\" aria-label=\"Modern Living K\u00fcchen bei Cocinas Tenerife, Puerto de la Cruz\" role=\"img\" ><\/div>\n\t\t\t\t\t\t\t\t\t\t\t<div class=\"elementor-gallery-item__overlay\"><\/div>\n\t\t\t\t\t\t\t\t\t\t\t\t\t\t<\/a>\n\t\t\t\t\t\t\t<a class=\"e-gallery-item elementor-gallery-item elementor-animated-content\" href=\"https:\/\/cocinas-tenerife.com\/wp-content\/uploads\/2020\/05\/814_lux.jpg\" data-elementor-open-lightbox=\"yes\" data-elementor-lightbox-slideshow=\"06d1871\" data-e-action-hash=\"#elementor-action%3Aaction%3Dlightbox%26settings%3DeyJpZCI6MzY0MSwidXJsIjoiaHR0cHM6XC9cL2NvY2luYXMtdGVuZXJpZmUuY29tXC93cC1jb250ZW50XC91cGxvYWRzXC8yMDIwXC8wNVwvODE0X2x1eC5qcGciLCJzbGlkZXNob3ciOiIwNmQxODcxIn0%3D\">\n\t\t\t\t\t<div class=\"e-gallery-image elementor-gallery-item__image\" data-thumbnail=\"https:\/\/cocinas-tenerife.com\/wp-content\/uploads\/2020\/05\/814_lux-768x366.jpg\" data-width=\"768\" data-height=\"366\" aria-label=\"Modern Living K\u00fcchen bei Cocinas Tenerife, Puerto de la Cruz\" role=\"img\" ><\/div>\n\t\t\t\t\t\t\t\t\t\t\t<div class=\"elementor-gallery-item__overlay\"><\/div>\n\t\t\t\t\t\t\t\t\t\t\t\t\t\t<\/a>\n\t\t\t\t\t<\/div>\n\t\t\t\t\t<\/div>\n\t\t\t\t<\/div>\n\t\t\t\t<div class=\"elementor-element elementor-element-9b2c6b9 elementor-widget elementor-widget-spacer\" data-id=\"9b2c6b9\" data-element_type=\"widget\" data-e-type=\"widget\" data-widget_type=\"spacer.default\">\n\t\t\t\t<div class=\"elementor-widget-container\">\n\t\t\t\t\t\t\t<div class=\"elementor-spacer\">\n\t\t\t<div class=\"elementor-spacer-inner\"><\/div>\n\t\t<\/div>\n\t\t\t\t\t\t<\/div>\n\t\t\t\t<\/div>\n\t\t\t\t\t<\/div>\n\t\t<\/div>\n\t\t\t\t\t<\/div>\n\t\t<\/section>\n\t\t\t\t<\/div>\n\t\t","protected":false},"excerpt":{"rendered":"<p>Cocinas modernas La vida moderna futurista en la era digital Aqu\u00ed es donde el dise\u00f1o vanguardista de la cocina se une a los colores de moda, los materiales innovadores y los electrodom\u00e9sticos de alta tecnolog\u00eda de Siemens, Bosch y Neff de BSH, que se pueden controlar a trav\u00e9s de su smartphone y recibir \u00f3rdenes precisas [&hellip;]<\/p>\n","protected":false},"author":2,"featured_media":0,"parent":0,"menu_order":0,"comment_status":"closed","ping_status":"closed","template":"","meta":{"footnotes":""},"class_list":["post-4113","page","type-page","status-publish","hentry"],"yoast_head":"<!-- This site is optimized with the Yoast SEO plugin v27.4 - https:\/\/yoast.com\/product\/yoast-seo-wordpress\/ -->\n<title>Cocinas modernas 123 Cocinas, Puerto de la Cruz, Tenerife<\/title>\n<meta name=\"robots\" content=\"index, follow, max-snippet:-1, max-image-preview:large, max-video-preview:-1\" \/>\n<link rel=\"canonical\" href=\"https:\/\/cocinas-tenerife.com\/es\/cocinas-modernas\/\" \/>\n<meta property=\"og:locale\" content=\"es_ES\" \/>\n<meta property=\"og:type\" content=\"article\" \/>\n<meta property=\"og:title\" content=\"Cocinas modernas 123 Cocinas, Puerto de la Cruz, Tenerife\" \/>\n<meta property=\"og:description\" content=\"Cocinas modernas La vida moderna futurista en la era digital Aqu\u00ed es donde el dise\u00f1o vanguardista de la cocina se une a los colores de moda, los materiales innovadores y los electrodom\u00e9sticos de alta tecnolog\u00eda de Siemens, Bosch y Neff de BSH, que se pueden controlar a trav\u00e9s de su smartphone y recibir \u00f3rdenes precisas [&hellip;]\" \/>\n<meta property=\"og:url\" content=\"https:\/\/cocinas-tenerife.com\/es\/cocinas-modernas\/\" \/>\n<meta property=\"og:site_name\" content=\"123 Cocinas, Puerto de la Cruz, Tenerife\" \/>\n<meta property=\"article:modified_time\" content=\"2020-11-14T15:24:40+00:00\" \/>\n<meta property=\"og:image\" content=\"https:\/\/cocinas-tenerife.com\/wp-content\/uploads\/2019\/12\/moderne-kueche-0106_easytouch963-riva371_50331_19-1351x381-1.jpg\" \/>\n<meta name=\"twitter:card\" content=\"summary_large_image\" \/>\n<meta name=\"twitter:label1\" content=\"Tiempo de lectura\" \/>\n\t<meta name=\"twitter:data1\" content=\"1 minuto\" \/>\n<script type=\"application\/ld+json\" class=\"yoast-schema-graph\">{\"@context\":\"https:\\\/\\\/schema.org\",\"@graph\":[{\"@type\":\"WebPage\",\"@id\":\"https:\\\/\\\/cocinas-tenerife.com\\\/es\\\/cocinas-modernas\\\/\",\"url\":\"https:\\\/\\\/cocinas-tenerife.com\\\/es\\\/cocinas-modernas\\\/\",\"name\":\"Cocinas modernas 123 Cocinas, Puerto de la Cruz, Tenerife\",\"isPartOf\":{\"@id\":\"https:\\\/\\\/cocinas-tenerife.com\\\/es\\\/#website\"},\"primaryImageOfPage\":{\"@id\":\"https:\\\/\\\/cocinas-tenerife.com\\\/es\\\/cocinas-modernas\\\/#primaryimage\"},\"image\":{\"@id\":\"https:\\\/\\\/cocinas-tenerife.com\\\/es\\\/cocinas-modernas\\\/#primaryimage\"},\"thumbnailUrl\":\"https:\\\/\\\/cocinas-tenerife.com\\\/wp-content\\\/uploads\\\/2019\\\/12\\\/moderne-kueche-0106_easytouch963-riva371_50331_19-1351x381-1.jpg\",\"datePublished\":\"2020-11-02T16:32:56+00:00\",\"dateModified\":\"2020-11-14T15:24:40+00:00\",\"breadcrumb\":{\"@id\":\"https:\\\/\\\/cocinas-tenerife.com\\\/es\\\/cocinas-modernas\\\/#breadcrumb\"},\"inLanguage\":\"es\",\"potentialAction\":[{\"@type\":\"ReadAction\",\"target\":[\"https:\\\/\\\/cocinas-tenerife.com\\\/es\\\/cocinas-modernas\\\/\"]}]},{\"@type\":\"ImageObject\",\"inLanguage\":\"es\",\"@id\":\"https:\\\/\\\/cocinas-tenerife.com\\\/es\\\/cocinas-modernas\\\/#primaryimage\",\"url\":\"https:\\\/\\\/cocinas-tenerife.com\\\/wp-content\\\/uploads\\\/2019\\\/12\\\/moderne-kueche-0106_easytouch963-riva371_50331_19-1351x381-1.jpg\",\"contentUrl\":\"https:\\\/\\\/cocinas-tenerife.com\\\/wp-content\\\/uploads\\\/2019\\\/12\\\/moderne-kueche-0106_easytouch963-riva371_50331_19-1351x381-1.jpg\"},{\"@type\":\"BreadcrumbList\",\"@id\":\"https:\\\/\\\/cocinas-tenerife.com\\\/es\\\/cocinas-modernas\\\/#breadcrumb\",\"itemListElement\":[{\"@type\":\"ListItem\",\"position\":1,\"name\":\"Portada\",\"item\":\"https:\\\/\\\/cocinas-tenerife.com\\\/es\\\/\"},{\"@type\":\"ListItem\",\"position\":2,\"name\":\"Cocinas modernas\"}]},{\"@type\":\"WebSite\",\"@id\":\"https:\\\/\\\/cocinas-tenerife.com\\\/es\\\/#website\",\"url\":\"https:\\\/\\\/cocinas-tenerife.com\\\/es\\\/\",\"name\":\"123-Cocinas\",\"description\":\"Ihr K\u00fcchen-Spezialist in Puerto de la Cruz\",\"publisher\":{\"@id\":\"https:\\\/\\\/cocinas-tenerife.com\\\/es\\\/#organization\"},\"potentialAction\":[{\"@type\":\"SearchAction\",\"target\":{\"@type\":\"EntryPoint\",\"urlTemplate\":\"https:\\\/\\\/cocinas-tenerife.com\\\/es\\\/?s={search_term_string}\"},\"query-input\":{\"@type\":\"PropertyValueSpecification\",\"valueRequired\":true,\"valueName\":\"search_term_string\"}}],\"inLanguage\":\"es\"},{\"@type\":\"Organization\",\"@id\":\"https:\\\/\\\/cocinas-tenerife.com\\\/es\\\/#organization\",\"name\":\"1 2 3 Cocinas\",\"url\":\"https:\\\/\\\/cocinas-tenerife.com\\\/es\\\/\",\"logo\":{\"@type\":\"ImageObject\",\"inLanguage\":\"es\",\"@id\":\"https:\\\/\\\/cocinas-tenerife.com\\\/es\\\/#\\\/schema\\\/logo\\\/image\\\/\",\"url\":\"https:\\\/\\\/cocinas-tenerife.com\\\/wp-content\\\/uploads\\\/2015\\\/02\\\/Logo-123cocinas-hoch-1024x533.jpg\",\"contentUrl\":\"https:\\\/\\\/cocinas-tenerife.com\\\/wp-content\\\/uploads\\\/2015\\\/02\\\/Logo-123cocinas-hoch-1024x533.jpg\",\"width\":1024,\"height\":533,\"caption\":\"1 2 3 Cocinas\"},\"image\":{\"@id\":\"https:\\\/\\\/cocinas-tenerife.com\\\/es\\\/#\\\/schema\\\/logo\\\/image\\\/\"}}]}<\/script>\n<!-- \/ Yoast SEO plugin. -->","yoast_head_json":{"title":"Cocinas modernas 123 Cocinas, Puerto de la Cruz, Tenerife","robots":{"index":"index","follow":"follow","max-snippet":"max-snippet:-1","max-image-preview":"max-image-preview:large","max-video-preview":"max-video-preview:-1"},"canonical":"https:\/\/cocinas-tenerife.com\/es\/cocinas-modernas\/","og_locale":"es_ES","og_type":"article","og_title":"Cocinas modernas 123 Cocinas, Puerto de la Cruz, Tenerife","og_description":"Cocinas modernas La vida moderna futurista en la era digital Aqu\u00ed es donde el dise\u00f1o vanguardista de la cocina se une a los colores de moda, los materiales innovadores y los electrodom\u00e9sticos de alta tecnolog\u00eda de Siemens, Bosch y Neff de BSH, que se pueden controlar a trav\u00e9s de su smartphone y recibir \u00f3rdenes precisas [&hellip;]","og_url":"https:\/\/cocinas-tenerife.com\/es\/cocinas-modernas\/","og_site_name":"123 Cocinas, Puerto de la Cruz, Tenerife","article_modified_time":"2020-11-14T15:24:40+00:00","og_image":[{"url":"https:\/\/cocinas-tenerife.com\/wp-content\/uploads\/2019\/12\/moderne-kueche-0106_easytouch963-riva371_50331_19-1351x381-1.jpg","type":"","width":"","height":""}],"twitter_card":"summary_large_image","twitter_misc":{"Tiempo de lectura":"1 minuto"},"schema":{"@context":"https:\/\/schema.org","@graph":[{"@type":"WebPage","@id":"https:\/\/cocinas-tenerife.com\/es\/cocinas-modernas\/","url":"https:\/\/cocinas-tenerife.com\/es\/cocinas-modernas\/","name":"Cocinas modernas 123 Cocinas, Puerto de la Cruz, Tenerife","isPartOf":{"@id":"https:\/\/cocinas-tenerife.com\/es\/#website"},"primaryImageOfPage":{"@id":"https:\/\/cocinas-tenerife.com\/es\/cocinas-modernas\/#primaryimage"},"image":{"@id":"https:\/\/cocinas-tenerife.com\/es\/cocinas-modernas\/#primaryimage"},"thumbnailUrl":"https:\/\/cocinas-tenerife.com\/wp-content\/uploads\/2019\/12\/moderne-kueche-0106_easytouch963-riva371_50331_19-1351x381-1.jpg","datePublished":"2020-11-02T16:32:56+00:00","dateModified":"2020-11-14T15:24:40+00:00","breadcrumb":{"@id":"https:\/\/cocinas-tenerife.com\/es\/cocinas-modernas\/#breadcrumb"},"inLanguage":"es","potentialAction":[{"@type":"ReadAction","target":["https:\/\/cocinas-tenerife.com\/es\/cocinas-modernas\/"]}]},{"@type":"ImageObject","inLanguage":"es","@id":"https:\/\/cocinas-tenerife.com\/es\/cocinas-modernas\/#primaryimage","url":"https:\/\/cocinas-tenerife.com\/wp-content\/uploads\/2019\/12\/moderne-kueche-0106_easytouch963-riva371_50331_19-1351x381-1.jpg","contentUrl":"https:\/\/cocinas-tenerife.com\/wp-content\/uploads\/2019\/12\/moderne-kueche-0106_easytouch963-riva371_50331_19-1351x381-1.jpg"},{"@type":"BreadcrumbList","@id":"https:\/\/cocinas-tenerife.com\/es\/cocinas-modernas\/#breadcrumb","itemListElement":[{"@type":"ListItem","position":1,"name":"Portada","item":"https:\/\/cocinas-tenerife.com\/es\/"},{"@type":"ListItem","position":2,"name":"Cocinas modernas"}]},{"@type":"WebSite","@id":"https:\/\/cocinas-tenerife.com\/es\/#website","url":"https:\/\/cocinas-tenerife.com\/es\/","name":"123-Cocinas","description":"Ihr K\u00fcchen-Spezialist in Puerto de la Cruz","publisher":{"@id":"https:\/\/cocinas-tenerife.com\/es\/#organization"},"potentialAction":[{"@type":"SearchAction","target":{"@type":"EntryPoint","urlTemplate":"https:\/\/cocinas-tenerife.com\/es\/?s={search_term_string}"},"query-input":{"@type":"PropertyValueSpecification","valueRequired":true,"valueName":"search_term_string"}}],"inLanguage":"es"},{"@type":"Organization","@id":"https:\/\/cocinas-tenerife.com\/es\/#organization","name":"1 2 3 Cocinas","url":"https:\/\/cocinas-tenerife.com\/es\/","logo":{"@type":"ImageObject","inLanguage":"es","@id":"https:\/\/cocinas-tenerife.com\/es\/#\/schema\/logo\/image\/","url":"https:\/\/cocinas-tenerife.com\/wp-content\/uploads\/2015\/02\/Logo-123cocinas-hoch-1024x533.jpg","contentUrl":"https:\/\/cocinas-tenerife.com\/wp-content\/uploads\/2015\/02\/Logo-123cocinas-hoch-1024x533.jpg","width":1024,"height":533,"caption":"1 2 3 Cocinas"},"image":{"@id":"https:\/\/cocinas-tenerife.com\/es\/#\/schema\/logo\/image\/"}}]}},"_links":{"self":[{"href":"https:\/\/cocinas-tenerife.com\/es\/wp-json\/wp\/v2\/pages\/4113","targetHints":{"allow":["GET"]}}],"collection":[{"href":"https:\/\/cocinas-tenerife.com\/es\/wp-json\/wp\/v2\/pages"}],"about":[{"href":"https:\/\/cocinas-tenerife.com\/es\/wp-json\/wp\/v2\/types\/page"}],"author":[{"embeddable":true,"href":"https:\/\/cocinas-tenerife.com\/es\/wp-json\/wp\/v2\/users\/2"}],"replies":[{"embeddable":true,"href":"https:\/\/cocinas-tenerife.com\/es\/wp-json\/wp\/v2\/comments?post=4113"}],"version-history":[{"count":1,"href":"https:\/\/cocinas-tenerife.com\/es\/wp-json\/wp\/v2\/pages\/4113\/revisions"}],"predecessor-version":[{"id":4114,"href":"https:\/\/cocinas-tenerife.com\/es\/wp-json\/wp\/v2\/pages\/4113\/revisions\/4114"}],"wp:attachment":[{"href":"https:\/\/cocinas-tenerife.com\/es\/wp-json\/wp\/v2\/media?parent=4113"}],"curies":[{"name":"wp","href":"https:\/\/api.w.org\/{rel}","templated":true}]}}