{"id":2586,"date":"2019-12-25T10:37:09","date_gmt":"2019-12-25T10:37:09","guid":{"rendered":"https:\/\/cocinas-tenerife.com\/contacto\/"},"modified":"2022-10-31T17:12:20","modified_gmt":"2022-10-31T17:12:20","slug":"contacto","status":"publish","type":"page","link":"https:\/\/cocinas-tenerife.com\/es\/contacto\/","title":{"rendered":"Contacto"},"content":{"rendered":"\t\t<div data-elementor-type=\"wp-page\" data-elementor-id=\"2586\" class=\"elementor elementor-2586 elementor-566\" data-elementor-post-type=\"page\">\n\t\t\t\t\t\t<section class=\"elementor-section elementor-top-section elementor-element elementor-element-b3ccaf4 elementor-section-full_width elementor-section-height-default elementor-section-height-default\" data-id=\"b3ccaf4\" data-element_type=\"section\" data-e-type=\"section\">\n\t\t\t\t\t\t<div class=\"elementor-container elementor-column-gap-default\">\n\t\t\t\t\t<div class=\"elementor-column elementor-col-100 elementor-top-column elementor-element elementor-element-e7f50ab\" data-id=\"e7f50ab\" data-element_type=\"column\" data-e-type=\"column\">\n\t\t\t<div class=\"elementor-widget-wrap elementor-element-populated\">\n\t\t\t\t\t\t<div class=\"elementor-element elementor-element-86c6faa elementor-widget elementor-widget-image\" data-id=\"86c6faa\" data-element_type=\"widget\" data-e-type=\"widget\" data-widget_type=\"image.default\">\n\t\t\t\t<div class=\"elementor-widget-container\">\n\t\t\t\t\t\t\t\t\t\t\t\t\t\t\t<img fetchpriority=\"high\" decoding=\"async\" width=\"2702\" height=\"762\" src=\"https:\/\/cocinas-tenerife.com\/wp-content\/uploads\/2020\/01\/moderne-kuechen-bei-1-2-3-kuechen-puerto-de-la-cruz-1.jpg\" class=\"attachment-full size-full wp-image-2925\" alt=\"C\u00f3mo encontrarnos - 1 2 3 Cocinas Tenerife - Puerto de la Cruz\" srcset=\"https:\/\/cocinas-tenerife.com\/wp-content\/uploads\/2020\/01\/moderne-kuechen-bei-1-2-3-kuechen-puerto-de-la-cruz-1.jpg 2702w, https:\/\/cocinas-tenerife.com\/wp-content\/uploads\/2020\/01\/moderne-kuechen-bei-1-2-3-kuechen-puerto-de-la-cruz-1-300x85.jpg 300w, https:\/\/cocinas-tenerife.com\/wp-content\/uploads\/2020\/01\/moderne-kuechen-bei-1-2-3-kuechen-puerto-de-la-cruz-1-1024x289.jpg 1024w, https:\/\/cocinas-tenerife.com\/wp-content\/uploads\/2020\/01\/moderne-kuechen-bei-1-2-3-kuechen-puerto-de-la-cruz-1-768x217.jpg 768w, https:\/\/cocinas-tenerife.com\/wp-content\/uploads\/2020\/01\/moderne-kuechen-bei-1-2-3-kuechen-puerto-de-la-cruz-1-1536x433.jpg 1536w, https:\/\/cocinas-tenerife.com\/wp-content\/uploads\/2020\/01\/moderne-kuechen-bei-1-2-3-kuechen-puerto-de-la-cruz-1-2048x578.jpg 2048w, https:\/\/cocinas-tenerife.com\/wp-content\/uploads\/2020\/01\/moderne-kuechen-bei-1-2-3-kuechen-puerto-de-la-cruz-1-1080x305.jpg 1080w, https:\/\/cocinas-tenerife.com\/wp-content\/uploads\/2020\/01\/moderne-kuechen-bei-1-2-3-kuechen-puerto-de-la-cruz-1-1280x361.jpg 1280w, https:\/\/cocinas-tenerife.com\/wp-content\/uploads\/2020\/01\/moderne-kuechen-bei-1-2-3-kuechen-puerto-de-la-cruz-1-980x276.jpg 980w, https:\/\/cocinas-tenerife.com\/wp-content\/uploads\/2020\/01\/moderne-kuechen-bei-1-2-3-kuechen-puerto-de-la-cruz-1-480x135.jpg 480w\" sizes=\"(max-width: 2702px) 100vw, 2702px\" \/>\t\t\t\t\t\t\t\t\t\t\t\t\t\t\t<\/div>\n\t\t\t\t<\/div>\n\t\t\t\t<div class=\"elementor-element elementor-element-7cc2f12 elementor-widget elementor-widget-spacer\" data-id=\"7cc2f12\" data-element_type=\"widget\" data-e-type=\"widget\" data-widget_type=\"spacer.default\">\n\t\t\t\t<div class=\"elementor-widget-container\">\n\t\t\t\t\t\t\t<div class=\"elementor-spacer\">\n\t\t\t<div class=\"elementor-spacer-inner\"><\/div>\n\t\t<\/div>\n\t\t\t\t\t\t<\/div>\n\t\t\t\t<\/div>\n\t\t\t\t\t<\/div>\n\t\t<\/div>\n\t\t\t\t\t<\/div>\n\t\t<\/section>\n\t\t\t\t<section class=\"elementor-section elementor-top-section elementor-element elementor-element-233409d elementor-section-boxed elementor-section-height-default elementor-section-height-default\" data-id=\"233409d\" data-element_type=\"section\" data-e-type=\"section\">\n\t\t\t\t\t\t<div class=\"elementor-container elementor-column-gap-default\">\n\t\t\t\t\t<div class=\"elementor-column elementor-col-100 elementor-top-column elementor-element elementor-element-c9ca85a\" data-id=\"c9ca85a\" data-element_type=\"column\" data-e-type=\"column\">\n\t\t\t<div class=\"elementor-widget-wrap elementor-element-populated\">\n\t\t\t\t\t\t<div class=\"elementor-element elementor-element-16b7b7e elementor-widget elementor-widget-heading\" data-id=\"16b7b7e\" data-element_type=\"widget\" data-e-type=\"widget\" data-widget_type=\"heading.default\">\n\t\t\t\t<div class=\"elementor-widget-container\">\n\t\t\t\t\t<h1 class=\"elementor-heading-title elementor-size-default\">Vis\u00edtanos en nuestro estudio de cocina:<\/h1>\t\t\t\t<\/div>\n\t\t\t\t<\/div>\n\t\t\t\t<div class=\"elementor-element elementor-element-5a14359 elementor-widget elementor-widget-spacer\" data-id=\"5a14359\" data-element_type=\"widget\" data-e-type=\"widget\" data-widget_type=\"spacer.default\">\n\t\t\t\t<div class=\"elementor-widget-container\">\n\t\t\t\t\t\t\t<div class=\"elementor-spacer\">\n\t\t\t<div class=\"elementor-spacer-inner\"><\/div>\n\t\t<\/div>\n\t\t\t\t\t\t<\/div>\n\t\t\t\t<\/div>\n\t\t\t\t\t<\/div>\n\t\t<\/div>\n\t\t\t\t\t<\/div>\n\t\t<\/section>\n\t\t\t\t<section class=\"elementor-section elementor-top-section elementor-element elementor-element-663703f8 elementor-section-full_width elementor-section-height-default elementor-section-height-default\" data-id=\"663703f8\" data-element_type=\"section\" data-e-type=\"section\" data-settings=\"{&quot;background_background&quot;:&quot;classic&quot;}\">\n\t\t\t\t\t\t<div class=\"elementor-container elementor-column-gap-default\">\n\t\t\t\t\t<div class=\"elementor-column elementor-col-100 elementor-top-column elementor-element elementor-element-392fd463\" data-id=\"392fd463\" data-element_type=\"column\" data-e-type=\"column\">\n\t\t\t<div class=\"elementor-widget-wrap elementor-element-populated\">\n\t\t\t\t\t\t<section class=\"elementor-section elementor-inner-section elementor-element elementor-element-102526a elementor-section-boxed elementor-section-height-default elementor-section-height-default\" data-id=\"102526a\" data-element_type=\"section\" data-e-type=\"section\">\n\t\t\t\t\t\t<div class=\"elementor-container elementor-column-gap-default\">\n\t\t\t\t\t<div class=\"elementor-column elementor-col-50 elementor-inner-column elementor-element elementor-element-71219093\" data-id=\"71219093\" data-element_type=\"column\" data-e-type=\"column\">\n\t\t\t<div class=\"elementor-widget-wrap elementor-element-populated\">\n\t\t\t\t\t\t<div class=\"elementor-element elementor-element-1d52038f elementor-widget elementor-widget-text-editor\" data-id=\"1d52038f\" data-element_type=\"widget\" data-e-type=\"widget\" data-widget_type=\"text-editor.default\">\n\t\t\t\t<div class=\"elementor-widget-container\">\n\t\t\t\t\t\t\t\t\t<p>Avda. Marqu\u00e9s de Villanueva del Prada,<br>La Cupula, La Paz, Local 89<\/p>\r\n<p>38400 Puerto de la Cruz,<br>Santa Cruz de Tenerife<\/p>\r\n<p>Festnetznummer: +34 922 380767<br>Mobiltelefonnummer: +34 699 198345<\/p>\r\n<p>E-Mail: <a href=\"mailto:info@cocinas-tenerife.com\">info@cocinas-tenerife.com<\/a><\/p>\r\n<p><strong>Termine nach Vereinbarung<\/strong><\/p>\t\t\t\t\t\t\t\t<\/div>\n\t\t\t\t<\/div>\n\t\t\t\t\t<\/div>\n\t\t<\/div>\n\t\t\t\t<div class=\"elementor-column elementor-col-50 elementor-inner-column elementor-element elementor-element-4c5355bc\" data-id=\"4c5355bc\" data-element_type=\"column\" data-e-type=\"column\">\n\t\t\t<div class=\"elementor-widget-wrap elementor-element-populated\">\n\t\t\t\t\t\t<div class=\"elementor-element elementor-element-4f291581 elementor-widget elementor-widget-image\" data-id=\"4f291581\" data-element_type=\"widget\" data-e-type=\"widget\" data-widget_type=\"image.default\">\n\t\t\t\t<div class=\"elementor-widget-container\">\n\t\t\t\t\t\t\t\t\t\t\t\t<figure class=\"wp-caption\">\n\t\t\t\t\t\t\t\t\t\t\t<a href=\"https:\/\/g.page\/1-2-3-cocinas?share\" target=\"_blank\" rel=\"nofollow\">\n\t\t\t\t\t\t\t<img decoding=\"async\" width=\"800\" height=\"556\" src=\"https:\/\/cocinas-tenerife.com\/wp-content\/uploads\/2022\/10\/google-maps-cochinas-tenerife-santa-cruz-1024x712.jpg\" class=\"attachment-large size-large wp-image-4211\" alt=\"Google Maps 123-Cochinas, Tenerife, Santa Cruz\" srcset=\"https:\/\/cocinas-tenerife.com\/wp-content\/uploads\/2022\/10\/google-maps-cochinas-tenerife-santa-cruz-1024x712.jpg 1024w, https:\/\/cocinas-tenerife.com\/wp-content\/uploads\/2022\/10\/google-maps-cochinas-tenerife-santa-cruz-300x208.jpg 300w, https:\/\/cocinas-tenerife.com\/wp-content\/uploads\/2022\/10\/google-maps-cochinas-tenerife-santa-cruz-768x534.jpg 768w, https:\/\/cocinas-tenerife.com\/wp-content\/uploads\/2022\/10\/google-maps-cochinas-tenerife-santa-cruz.jpg 1108w\" sizes=\"(max-width: 800px) 100vw, 800px\" \/>\t\t\t\t\t\t\t\t<\/a>\n\t\t\t\t\t\t\t\t\t\t\t<figcaption class=\"widget-image-caption wp-caption-text\">Haga clic en el mapa y se abrir\u00e1 Google Maps.<\/figcaption>\n\t\t\t\t\t\t\t\t\t\t<\/figure>\n\t\t\t\t\t\t\t\t\t<\/div>\n\t\t\t\t<\/div>\n\t\t\t\t\t<\/div>\n\t\t<\/div>\n\t\t\t\t\t<\/div>\n\t\t<\/section>\n\t\t\t\t\t<\/div>\n\t\t<\/div>\n\t\t\t\t\t<\/div>\n\t\t<\/section>\n\t\t\t\t<section class=\"elementor-section elementor-top-section elementor-element elementor-element-706c9545 elementor-section-boxed elementor-section-height-default elementor-section-height-default\" data-id=\"706c9545\" data-element_type=\"section\" data-e-type=\"section\" data-settings=\"{&quot;background_background&quot;:&quot;classic&quot;}\">\n\t\t\t\t\t\t<div class=\"elementor-container elementor-column-gap-default\">\n\t\t\t\t\t<div class=\"elementor-column elementor-col-50 elementor-top-column elementor-element elementor-element-eb390fd\" data-id=\"eb390fd\" data-element_type=\"column\" data-e-type=\"column\">\n\t\t\t<div class=\"elementor-widget-wrap elementor-element-populated\">\n\t\t\t\t\t\t<div class=\"elementor-element elementor-element-4dd408c6 elementor-widget elementor-widget-heading\" data-id=\"4dd408c6\" data-element_type=\"widget\" data-e-type=\"widget\" data-widget_type=\"heading.default\">\n\t\t\t\t<div class=\"elementor-widget-container\">\n\t\t\t\t\t<h3 class=\"elementor-heading-title elementor-size-default\">Vis\u00edtenos tambi\u00e9n en Alemania:<\/h3>\t\t\t\t<\/div>\n\t\t\t\t<\/div>\n\t\t\t\t<div class=\"elementor-element elementor-element-7880e388 elementor-widget elementor-widget-text-editor\" data-id=\"7880e388\" data-element_type=\"widget\" data-e-type=\"widget\" data-widget_type=\"text-editor.default\">\n\t\t\t\t<div class=\"elementor-widget-container\">\n\t\t\t\t\t\t\t\t\t<p>Buchenweg 4<br>95643 Tirschenreuth<br>Bayern (Oberpfalz)<\/p>\r\n<p>Ansprechpartner: Otto Fried<\/p>\r\n<p>Mobiltelefonnummer: +49 176 64429809<\/p>\r\n<p><a href=\"mailto:info@cocinas-tenerife.com\">info@cocinas-tenerife.com<\/a><\/p>\r\n<p><b>Termine nach Vereinbarung<\/b><\/p>\t\t\t\t\t\t\t\t<\/div>\n\t\t\t\t<\/div>\n\t\t\t\t\t<\/div>\n\t\t<\/div>\n\t\t\t\t<div class=\"elementor-column elementor-col-50 elementor-top-column elementor-element elementor-element-4821c82a\" data-id=\"4821c82a\" data-element_type=\"column\" data-e-type=\"column\">\n\t\t\t<div class=\"elementor-widget-wrap elementor-element-populated\">\n\t\t\t\t\t\t<div class=\"elementor-element elementor-element-2d8596d9 elementor-widget elementor-widget-image\" data-id=\"2d8596d9\" data-element_type=\"widget\" data-e-type=\"widget\" data-widget_type=\"image.default\">\n\t\t\t\t<div class=\"elementor-widget-container\">\n\t\t\t\t\t\t\t\t\t\t\t\t<figure class=\"wp-caption\">\n\t\t\t\t\t\t\t\t\t\t\t<a href=\"https:\/\/goo.gl\/maps\/b9B5p3me3DbKnx369\">\n\t\t\t\t\t\t\t<img decoding=\"async\" width=\"800\" height=\"596\" src=\"https:\/\/cocinas-tenerife.com\/wp-content\/uploads\/2022\/10\/google-maps-cochinas-tenerife-deutschland-1024x763.jpg\" class=\"attachment-large size-large wp-image-4214\" alt=\"Google Maps 123-Cochinas\" srcset=\"https:\/\/cocinas-tenerife.com\/wp-content\/uploads\/2022\/10\/google-maps-cochinas-tenerife-deutschland-1024x763.jpg 1024w, https:\/\/cocinas-tenerife.com\/wp-content\/uploads\/2022\/10\/google-maps-cochinas-tenerife-deutschland-300x224.jpg 300w, https:\/\/cocinas-tenerife.com\/wp-content\/uploads\/2022\/10\/google-maps-cochinas-tenerife-deutschland-768x573.jpg 768w, https:\/\/cocinas-tenerife.com\/wp-content\/uploads\/2022\/10\/google-maps-cochinas-tenerife-deutschland.jpg 1100w\" sizes=\"(max-width: 800px) 100vw, 800px\" \/>\t\t\t\t\t\t\t\t<\/a>\n\t\t\t\t\t\t\t\t\t\t\t<figcaption class=\"widget-image-caption wp-caption-text\">Haga clic en el mapa y se abrir\u00e1 Google Maps.<\/figcaption>\n\t\t\t\t\t\t\t\t\t\t<\/figure>\n\t\t\t\t\t\t\t\t\t<\/div>\n\t\t\t\t<\/div>\n\t\t\t\t\t<\/div>\n\t\t<\/div>\n\t\t\t\t\t<\/div>\n\t\t<\/section>\n\t\t\t\t<\/div>\n\t\t","protected":false},"excerpt":{"rendered":"<p>Vis\u00edtanos en nuestro estudio de cocina: Avda. Marqu\u00e9s de Villanueva del Prada,La Cupula, La Paz, Local 89 38400 Puerto de la Cruz,Santa Cruz de Tenerife Festnetznummer: +34 922 380767Mobiltelefonnummer: +34 699 198345 E-Mail: info@cocinas-tenerife.com Termine nach Vereinbarung Haga clic en el mapa y se abrir\u00e1 Google Maps. Vis\u00edtenos tambi\u00e9n en Alemania: Buchenweg 495643 TirschenreuthBayern (Oberpfalz) [&hellip;]<\/p>\n","protected":false},"author":1,"featured_media":0,"parent":0,"menu_order":95,"comment_status":"closed","ping_status":"closed","template":"","meta":{"footnotes":""},"class_list":["post-2586","page","type-page","status-publish","hentry"],"yoast_head":"<!-- This site is optimized with the Yoast SEO plugin v27.4 - https:\/\/yoast.com\/product\/yoast-seo-wordpress\/ -->\n<title>123 Cocinas: Tienda de cocinas y muebles en Tenerife<\/title>\n<meta name=\"description\" content=\"Visitanos en: La Cupula, La Paz, Local 89 38400 Puerto de la Cruz! Descubre nuestra selecci\u00f3n de muebles de cocina, electrodomesticos, robots de cocina, lavajillas\" \/>\n<meta name=\"robots\" content=\"index, follow, max-snippet:-1, max-image-preview:large, max-video-preview:-1\" \/>\n<link rel=\"canonical\" href=\"https:\/\/cocinas-tenerife.com\/es\/contacto\/\" \/>\n<meta property=\"og:locale\" content=\"es_ES\" \/>\n<meta property=\"og:type\" content=\"article\" \/>\n<meta property=\"og:title\" content=\"123 Cocinas: Tienda de cocinas y muebles en Tenerife\" \/>\n<meta property=\"og:description\" content=\"Visitanos en: La Cupula, La Paz, Local 89 38400 Puerto de la Cruz! Descubre nuestra selecci\u00f3n de muebles de cocina, electrodomesticos, robots de cocina, lavajillas\" \/>\n<meta property=\"og:url\" content=\"https:\/\/cocinas-tenerife.com\/es\/contacto\/\" \/>\n<meta property=\"og:site_name\" content=\"123 Cocinas, Puerto de la Cruz, Tenerife\" \/>\n<meta property=\"article:modified_time\" content=\"2022-10-31T17:12:20+00:00\" \/>\n<meta property=\"og:image\" content=\"https:\/\/cocinas-tenerife.com\/wp-content\/uploads\/2020\/01\/moderne-kuechen-bei-1-2-3-kuechen-puerto-de-la-cruz-1.jpg\" \/>\n<meta name=\"twitter:card\" content=\"summary_large_image\" \/>\n<script type=\"application\/ld+json\" class=\"yoast-schema-graph\">{\"@context\":\"https:\\\/\\\/schema.org\",\"@graph\":[{\"@type\":\"WebPage\",\"@id\":\"https:\\\/\\\/cocinas-tenerife.com\\\/es\\\/contacto\\\/\",\"url\":\"https:\\\/\\\/cocinas-tenerife.com\\\/es\\\/contacto\\\/\",\"name\":\"123 Cocinas: Tienda de cocinas y muebles en Tenerife\",\"isPartOf\":{\"@id\":\"https:\\\/\\\/cocinas-tenerife.com\\\/es\\\/#website\"},\"primaryImageOfPage\":{\"@id\":\"https:\\\/\\\/cocinas-tenerife.com\\\/es\\\/contacto\\\/#primaryimage\"},\"image\":{\"@id\":\"https:\\\/\\\/cocinas-tenerife.com\\\/es\\\/contacto\\\/#primaryimage\"},\"thumbnailUrl\":\"https:\\\/\\\/cocinas-tenerife.com\\\/wp-content\\\/uploads\\\/2020\\\/01\\\/moderne-kuechen-bei-1-2-3-kuechen-puerto-de-la-cruz-1.jpg\",\"datePublished\":\"2019-12-25T10:37:09+00:00\",\"dateModified\":\"2022-10-31T17:12:20+00:00\",\"description\":\"Visitanos en: La Cupula, La Paz, Local 89 38400 Puerto de la Cruz! Descubre nuestra selecci\u00f3n de muebles de cocina, electrodomesticos, robots de cocina, lavajillas\",\"breadcrumb\":{\"@id\":\"https:\\\/\\\/cocinas-tenerife.com\\\/es\\\/contacto\\\/#breadcrumb\"},\"inLanguage\":\"es\",\"potentialAction\":[{\"@type\":\"ReadAction\",\"target\":[\"https:\\\/\\\/cocinas-tenerife.com\\\/es\\\/contacto\\\/\"]}]},{\"@type\":\"ImageObject\",\"inLanguage\":\"es\",\"@id\":\"https:\\\/\\\/cocinas-tenerife.com\\\/es\\\/contacto\\\/#primaryimage\",\"url\":\"https:\\\/\\\/cocinas-tenerife.com\\\/wp-content\\\/uploads\\\/2020\\\/01\\\/moderne-kuechen-bei-1-2-3-kuechen-puerto-de-la-cruz-1.jpg\",\"contentUrl\":\"https:\\\/\\\/cocinas-tenerife.com\\\/wp-content\\\/uploads\\\/2020\\\/01\\\/moderne-kuechen-bei-1-2-3-kuechen-puerto-de-la-cruz-1.jpg\"},{\"@type\":\"BreadcrumbList\",\"@id\":\"https:\\\/\\\/cocinas-tenerife.com\\\/es\\\/contacto\\\/#breadcrumb\",\"itemListElement\":[{\"@type\":\"ListItem\",\"position\":1,\"name\":\"Portada\",\"item\":\"https:\\\/\\\/cocinas-tenerife.com\\\/es\\\/\"},{\"@type\":\"ListItem\",\"position\":2,\"name\":\"Contacto\"}]},{\"@type\":\"WebSite\",\"@id\":\"https:\\\/\\\/cocinas-tenerife.com\\\/es\\\/#website\",\"url\":\"https:\\\/\\\/cocinas-tenerife.com\\\/es\\\/\",\"name\":\"123-Cocinas\",\"description\":\"Ihr K\u00fcchen-Spezialist in Puerto de la Cruz\",\"publisher\":{\"@id\":\"https:\\\/\\\/cocinas-tenerife.com\\\/es\\\/#organization\"},\"potentialAction\":[{\"@type\":\"SearchAction\",\"target\":{\"@type\":\"EntryPoint\",\"urlTemplate\":\"https:\\\/\\\/cocinas-tenerife.com\\\/es\\\/?s={search_term_string}\"},\"query-input\":{\"@type\":\"PropertyValueSpecification\",\"valueRequired\":true,\"valueName\":\"search_term_string\"}}],\"inLanguage\":\"es\"},{\"@type\":\"Organization\",\"@id\":\"https:\\\/\\\/cocinas-tenerife.com\\\/es\\\/#organization\",\"name\":\"1 2 3 Cocinas\",\"url\":\"https:\\\/\\\/cocinas-tenerife.com\\\/es\\\/\",\"logo\":{\"@type\":\"ImageObject\",\"inLanguage\":\"es\",\"@id\":\"https:\\\/\\\/cocinas-tenerife.com\\\/es\\\/#\\\/schema\\\/logo\\\/image\\\/\",\"url\":\"https:\\\/\\\/cocinas-tenerife.com\\\/wp-content\\\/uploads\\\/2015\\\/02\\\/Logo-123cocinas-hoch-1024x533.jpg\",\"contentUrl\":\"https:\\\/\\\/cocinas-tenerife.com\\\/wp-content\\\/uploads\\\/2015\\\/02\\\/Logo-123cocinas-hoch-1024x533.jpg\",\"width\":1024,\"height\":533,\"caption\":\"1 2 3 Cocinas\"},\"image\":{\"@id\":\"https:\\\/\\\/cocinas-tenerife.com\\\/es\\\/#\\\/schema\\\/logo\\\/image\\\/\"}}]}<\/script>\n<!-- \/ Yoast SEO plugin. -->","yoast_head_json":{"title":"123 Cocinas: Tienda de cocinas y muebles en Tenerife","description":"Visitanos en: La Cupula, La Paz, Local 89 38400 Puerto de la Cruz! Descubre nuestra selecci\u00f3n de muebles de cocina, electrodomesticos, robots de cocina, lavajillas","robots":{"index":"index","follow":"follow","max-snippet":"max-snippet:-1","max-image-preview":"max-image-preview:large","max-video-preview":"max-video-preview:-1"},"canonical":"https:\/\/cocinas-tenerife.com\/es\/contacto\/","og_locale":"es_ES","og_type":"article","og_title":"123 Cocinas: Tienda de cocinas y muebles en Tenerife","og_description":"Visitanos en: La Cupula, La Paz, Local 89 38400 Puerto de la Cruz! Descubre nuestra selecci\u00f3n de muebles de cocina, electrodomesticos, robots de cocina, lavajillas","og_url":"https:\/\/cocinas-tenerife.com\/es\/contacto\/","og_site_name":"123 Cocinas, Puerto de la Cruz, Tenerife","article_modified_time":"2022-10-31T17:12:20+00:00","og_image":[{"url":"https:\/\/cocinas-tenerife.com\/wp-content\/uploads\/2020\/01\/moderne-kuechen-bei-1-2-3-kuechen-puerto-de-la-cruz-1.jpg","type":"","width":"","height":""}],"twitter_card":"summary_large_image","schema":{"@context":"https:\/\/schema.org","@graph":[{"@type":"WebPage","@id":"https:\/\/cocinas-tenerife.com\/es\/contacto\/","url":"https:\/\/cocinas-tenerife.com\/es\/contacto\/","name":"123 Cocinas: Tienda de cocinas y muebles en Tenerife","isPartOf":{"@id":"https:\/\/cocinas-tenerife.com\/es\/#website"},"primaryImageOfPage":{"@id":"https:\/\/cocinas-tenerife.com\/es\/contacto\/#primaryimage"},"image":{"@id":"https:\/\/cocinas-tenerife.com\/es\/contacto\/#primaryimage"},"thumbnailUrl":"https:\/\/cocinas-tenerife.com\/wp-content\/uploads\/2020\/01\/moderne-kuechen-bei-1-2-3-kuechen-puerto-de-la-cruz-1.jpg","datePublished":"2019-12-25T10:37:09+00:00","dateModified":"2022-10-31T17:12:20+00:00","description":"Visitanos en: La Cupula, La Paz, Local 89 38400 Puerto de la Cruz! Descubre nuestra selecci\u00f3n de muebles de cocina, electrodomesticos, robots de cocina, lavajillas","breadcrumb":{"@id":"https:\/\/cocinas-tenerife.com\/es\/contacto\/#breadcrumb"},"inLanguage":"es","potentialAction":[{"@type":"ReadAction","target":["https:\/\/cocinas-tenerife.com\/es\/contacto\/"]}]},{"@type":"ImageObject","inLanguage":"es","@id":"https:\/\/cocinas-tenerife.com\/es\/contacto\/#primaryimage","url":"https:\/\/cocinas-tenerife.com\/wp-content\/uploads\/2020\/01\/moderne-kuechen-bei-1-2-3-kuechen-puerto-de-la-cruz-1.jpg","contentUrl":"https:\/\/cocinas-tenerife.com\/wp-content\/uploads\/2020\/01\/moderne-kuechen-bei-1-2-3-kuechen-puerto-de-la-cruz-1.jpg"},{"@type":"BreadcrumbList","@id":"https:\/\/cocinas-tenerife.com\/es\/contacto\/#breadcrumb","itemListElement":[{"@type":"ListItem","position":1,"name":"Portada","item":"https:\/\/cocinas-tenerife.com\/es\/"},{"@type":"ListItem","position":2,"name":"Contacto"}]},{"@type":"WebSite","@id":"https:\/\/cocinas-tenerife.com\/es\/#website","url":"https:\/\/cocinas-tenerife.com\/es\/","name":"123-Cocinas","description":"Ihr K\u00fcchen-Spezialist in Puerto de la Cruz","publisher":{"@id":"https:\/\/cocinas-tenerife.com\/es\/#organization"},"potentialAction":[{"@type":"SearchAction","target":{"@type":"EntryPoint","urlTemplate":"https:\/\/cocinas-tenerife.com\/es\/?s={search_term_string}"},"query-input":{"@type":"PropertyValueSpecification","valueRequired":true,"valueName":"search_term_string"}}],"inLanguage":"es"},{"@type":"Organization","@id":"https:\/\/cocinas-tenerife.com\/es\/#organization","name":"1 2 3 Cocinas","url":"https:\/\/cocinas-tenerife.com\/es\/","logo":{"@type":"ImageObject","inLanguage":"es","@id":"https:\/\/cocinas-tenerife.com\/es\/#\/schema\/logo\/image\/","url":"https:\/\/cocinas-tenerife.com\/wp-content\/uploads\/2015\/02\/Logo-123cocinas-hoch-1024x533.jpg","contentUrl":"https:\/\/cocinas-tenerife.com\/wp-content\/uploads\/2015\/02\/Logo-123cocinas-hoch-1024x533.jpg","width":1024,"height":533,"caption":"1 2 3 Cocinas"},"image":{"@id":"https:\/\/cocinas-tenerife.com\/es\/#\/schema\/logo\/image\/"}}]}},"_links":{"self":[{"href":"https:\/\/cocinas-tenerife.com\/es\/wp-json\/wp\/v2\/pages\/2586","targetHints":{"allow":["GET"]}}],"collection":[{"href":"https:\/\/cocinas-tenerife.com\/es\/wp-json\/wp\/v2\/pages"}],"about":[{"href":"https:\/\/cocinas-tenerife.com\/es\/wp-json\/wp\/v2\/types\/page"}],"author":[{"embeddable":true,"href":"https:\/\/cocinas-tenerife.com\/es\/wp-json\/wp\/v2\/users\/1"}],"replies":[{"embeddable":true,"href":"https:\/\/cocinas-tenerife.com\/es\/wp-json\/wp\/v2\/comments?post=2586"}],"version-history":[{"count":14,"href":"https:\/\/cocinas-tenerife.com\/es\/wp-json\/wp\/v2\/pages\/2586\/revisions"}],"predecessor-version":[{"id":4264,"href":"https:\/\/cocinas-tenerife.com\/es\/wp-json\/wp\/v2\/pages\/2586\/revisions\/4264"}],"wp:attachment":[{"href":"https:\/\/cocinas-tenerife.com\/es\/wp-json\/wp\/v2\/media?parent=2586"}],"curies":[{"name":"wp","href":"https:\/\/api.w.org\/{rel}","templated":true}]}}