{"id":2433,"date":"2019-10-03T17:51:37","date_gmt":"2019-10-03T17:51:37","guid":{"rendered":"https:\/\/cocinas-tenerife.com\/mezcla-de-tendencias\/"},"modified":"2020-01-01T17:54:38","modified_gmt":"2020-01-01T17:54:38","slug":"mezcla-de-tendencias","status":"publish","type":"page","link":"https:\/\/cocinas-tenerife.com\/es\/mezcla-de-tendencias\/","title":{"rendered":"Mezcla de tendencias"},"content":{"rendered":"\n[et_pb_section admin_label=\u00bbsection\u00bb][et_pb_row admin_label=\u00bbrow\u00bb][et_pb_column type=\u00bb4_4&#8243;][et_pb_image admin_label=\u00bbImage\u00bb src=\u00bbhttps:\/\/cocinas-tenerife.com\/wp-content\/uploads\/2017\/02\/15041_16_Touch334_B702217-Copy.jpg\u00bb url_new_window=\u00bboff\u00bb animation=\u00bbfade_in\u00bb show_in_lightbox=\u00bboff\u00bb sticky=\u00bbon\u00bb use_overlay=\u00bboff\u00bb align=\u00bbleft\u00bb force_fullwidth=\u00bboff\u00bb always_center_on_mobile=\u00bbon\u00bb use_border_color=\u00bboff\u00bb border_color=\u00bb#ffffff\u00bb border_style=\u00bbsolid\u00bb] [\/et_pb_image][\/et_pb_column][\/et_pb_row][et_pb_row admin_label=\u00bbrow\u00bb][et_pb_column type=\u00bb4_4&#8243;][et_pb_text admin_label=\u00bbInteresantes contrastes&#8230;\u00bb background_layout=\u00bblight\u00bb text_orientation=\u00bbleft\u00bb]\r\n\r\n<h2>Mezclar est\u00e1 de moda<\/h2>\r\nInteresantes contrastes o suaves acentos. Nuestra amplia gama de colores y frentes invita a combinar de forma individual. Nuestras propuestas de planificaci\u00f3n dan sugerencias para combinaciones arm\u00f3nicas de colores e imitaciones de madera y muestran c\u00f3mo se pueden emplear las combinaciones de colores y materiales en el dise\u00f1o. Por supuesto, hay muchas otras posibilidades de combinaci\u00f3n. D\u00e9jese inspirar, seleccione su combinaci\u00f3n preferida o combine completamente distinto. \u00a1Qu\u00e9 se divierta!\r\n\r\n[\/et_pb_text][\/et_pb_column][\/et_pb_row][\/et_pb_section][et_pb_section admin_label=\u00bbsection\u00bb fullwidth=\u00bboff\u00bb specialty=\u00bboff\u00bb background_color=\u00bb#f7f7f7&#8243; inner_shadow=\u00bboff\u00bb parallax=\u00bboff\u00bb][et_pb_row admin_label=\u00bbrow\u00bb][et_pb_column type=\u00bb4_4&#8243;][et_pb_text admin_label=\u00bbvariaciones de dise\u00f1o\u00bb background_layout=\u00bblight\u00bb text_orientation=\u00bbleft\u00bb]\r\n\r\n<h2>Variaciones de Dise\u00f1o<\/h2>\r\n\r\n[\/et_pb_text][et_pb_gallery admin_label=\u00bbGaler\u00eda\u00bb gallery_ids=\u00bb2004,2002,2000,1998,1996,1994,1990,1988&#8243; fullwidth=\u00bboff\u00bb posts_number=\u00bb8&#8243; show_title_and_caption=\u00bboff\u00bb show_pagination=\u00bboff\u00bb background_layout=\u00bblight\u00bb gallery_orderby=\u00bbrand\u00bb orientation=\u00bblandscape\u00bb auto=\u00bboff\u00bb hover_overlay_color=\u00bbrgba(255,255,255,0.9)\u00bb use_border_color=\u00bboff\u00bb border_color=\u00bb#ffffff\u00bb border_style=\u00bbsolid\u00bb] [\/et_pb_gallery][\/et_pb_column][\/et_pb_row][\/et_pb_section]\n","protected":false},"excerpt":{"rendered":"","protected":false},"author":1,"featured_media":0,"parent":0,"menu_order":92,"comment_status":"closed","ping_status":"closed","template":"","meta":{"footnotes":""},"class_list":["post-2433","page","type-page","status-publish","hentry"],"yoast_head":"<!-- This site is optimized with the Yoast SEO plugin v27.4 - https:\/\/yoast.com\/product\/yoast-seo-wordpress\/ -->\n<title>Tienda de muebles de cocina en Puerto de la Cruz Tenerife<\/title>\n<meta name=\"description\" content=\"Interesantes contrastes o suaves acentos. Nuestra amplia gama de colores y frentes invita a combinar de forma individual. 123 Cocinas: cocinas hecho en Alemania\" \/>\n<meta name=\"robots\" content=\"index, follow, max-snippet:-1, max-image-preview:large, max-video-preview:-1\" \/>\n<link rel=\"canonical\" href=\"https:\/\/cocinas-tenerife.com\/es\/mezcla-de-tendencias\/\" \/>\n<meta property=\"og:locale\" content=\"es_ES\" \/>\n<meta property=\"og:type\" content=\"article\" \/>\n<meta property=\"og:title\" content=\"Tienda de muebles de cocina en Puerto de la Cruz Tenerife\" \/>\n<meta property=\"og:description\" content=\"Interesantes contrastes o suaves acentos. Nuestra amplia gama de colores y frentes invita a combinar de forma individual. 123 Cocinas: cocinas hecho en Alemania\" \/>\n<meta property=\"og:url\" content=\"https:\/\/cocinas-tenerife.com\/es\/mezcla-de-tendencias\/\" \/>\n<meta property=\"og:site_name\" content=\"123 Cocinas, Puerto de la Cruz, Tenerife\" \/>\n<meta property=\"article:modified_time\" content=\"2020-01-01T17:54:38+00:00\" \/>\n<meta name=\"twitter:card\" content=\"summary_large_image\" \/>\n<meta name=\"twitter:label1\" content=\"Tiempo de lectura\" \/>\n\t<meta name=\"twitter:data1\" content=\"2 minutos\" \/>\n<script type=\"application\/ld+json\" class=\"yoast-schema-graph\">{\"@context\":\"https:\\\/\\\/schema.org\",\"@graph\":[{\"@type\":\"WebPage\",\"@id\":\"https:\\\/\\\/cocinas-tenerife.com\\\/es\\\/mezcla-de-tendencias\\\/\",\"url\":\"https:\\\/\\\/cocinas-tenerife.com\\\/es\\\/mezcla-de-tendencias\\\/\",\"name\":\"Tienda de muebles de cocina en Puerto de la Cruz Tenerife\",\"isPartOf\":{\"@id\":\"https:\\\/\\\/cocinas-tenerife.com\\\/es\\\/#website\"},\"datePublished\":\"2019-10-03T17:51:37+00:00\",\"dateModified\":\"2020-01-01T17:54:38+00:00\",\"description\":\"Interesantes contrastes o suaves acentos. Nuestra amplia gama de colores y frentes invita a combinar de forma individual. 123 Cocinas: cocinas hecho en Alemania\",\"breadcrumb\":{\"@id\":\"https:\\\/\\\/cocinas-tenerife.com\\\/es\\\/mezcla-de-tendencias\\\/#breadcrumb\"},\"inLanguage\":\"es\",\"potentialAction\":[{\"@type\":\"ReadAction\",\"target\":[\"https:\\\/\\\/cocinas-tenerife.com\\\/es\\\/mezcla-de-tendencias\\\/\"]}]},{\"@type\":\"BreadcrumbList\",\"@id\":\"https:\\\/\\\/cocinas-tenerife.com\\\/es\\\/mezcla-de-tendencias\\\/#breadcrumb\",\"itemListElement\":[{\"@type\":\"ListItem\",\"position\":1,\"name\":\"Portada\",\"item\":\"https:\\\/\\\/cocinas-tenerife.com\\\/es\\\/\"},{\"@type\":\"ListItem\",\"position\":2,\"name\":\"Mezcla de tendencias\"}]},{\"@type\":\"WebSite\",\"@id\":\"https:\\\/\\\/cocinas-tenerife.com\\\/es\\\/#website\",\"url\":\"https:\\\/\\\/cocinas-tenerife.com\\\/es\\\/\",\"name\":\"123-Cocinas\",\"description\":\"Ihr K\u00fcchen-Spezialist in Puerto de la Cruz\",\"publisher\":{\"@id\":\"https:\\\/\\\/cocinas-tenerife.com\\\/es\\\/#organization\"},\"potentialAction\":[{\"@type\":\"SearchAction\",\"target\":{\"@type\":\"EntryPoint\",\"urlTemplate\":\"https:\\\/\\\/cocinas-tenerife.com\\\/es\\\/?s={search_term_string}\"},\"query-input\":{\"@type\":\"PropertyValueSpecification\",\"valueRequired\":true,\"valueName\":\"search_term_string\"}}],\"inLanguage\":\"es\"},{\"@type\":\"Organization\",\"@id\":\"https:\\\/\\\/cocinas-tenerife.com\\\/es\\\/#organization\",\"name\":\"1 2 3 Cocinas\",\"url\":\"https:\\\/\\\/cocinas-tenerife.com\\\/es\\\/\",\"logo\":{\"@type\":\"ImageObject\",\"inLanguage\":\"es\",\"@id\":\"https:\\\/\\\/cocinas-tenerife.com\\\/es\\\/#\\\/schema\\\/logo\\\/image\\\/\",\"url\":\"https:\\\/\\\/cocinas-tenerife.com\\\/wp-content\\\/uploads\\\/2015\\\/02\\\/Logo-123cocinas-hoch-1024x533.jpg\",\"contentUrl\":\"https:\\\/\\\/cocinas-tenerife.com\\\/wp-content\\\/uploads\\\/2015\\\/02\\\/Logo-123cocinas-hoch-1024x533.jpg\",\"width\":1024,\"height\":533,\"caption\":\"1 2 3 Cocinas\"},\"image\":{\"@id\":\"https:\\\/\\\/cocinas-tenerife.com\\\/es\\\/#\\\/schema\\\/logo\\\/image\\\/\"}}]}<\/script>\n<!-- \/ Yoast SEO plugin. -->","yoast_head_json":{"title":"Tienda de muebles de cocina en Puerto de la Cruz Tenerife","description":"Interesantes contrastes o suaves acentos. Nuestra amplia gama de colores y frentes invita a combinar de forma individual. 123 Cocinas: cocinas hecho en Alemania","robots":{"index":"index","follow":"follow","max-snippet":"max-snippet:-1","max-image-preview":"max-image-preview:large","max-video-preview":"max-video-preview:-1"},"canonical":"https:\/\/cocinas-tenerife.com\/es\/mezcla-de-tendencias\/","og_locale":"es_ES","og_type":"article","og_title":"Tienda de muebles de cocina en Puerto de la Cruz Tenerife","og_description":"Interesantes contrastes o suaves acentos. Nuestra amplia gama de colores y frentes invita a combinar de forma individual. 123 Cocinas: cocinas hecho en Alemania","og_url":"https:\/\/cocinas-tenerife.com\/es\/mezcla-de-tendencias\/","og_site_name":"123 Cocinas, Puerto de la Cruz, Tenerife","article_modified_time":"2020-01-01T17:54:38+00:00","twitter_card":"summary_large_image","twitter_misc":{"Tiempo de lectura":"2 minutos"},"schema":{"@context":"https:\/\/schema.org","@graph":[{"@type":"WebPage","@id":"https:\/\/cocinas-tenerife.com\/es\/mezcla-de-tendencias\/","url":"https:\/\/cocinas-tenerife.com\/es\/mezcla-de-tendencias\/","name":"Tienda de muebles de cocina en Puerto de la Cruz Tenerife","isPartOf":{"@id":"https:\/\/cocinas-tenerife.com\/es\/#website"},"datePublished":"2019-10-03T17:51:37+00:00","dateModified":"2020-01-01T17:54:38+00:00","description":"Interesantes contrastes o suaves acentos. Nuestra amplia gama de colores y frentes invita a combinar de forma individual. 123 Cocinas: cocinas hecho en Alemania","breadcrumb":{"@id":"https:\/\/cocinas-tenerife.com\/es\/mezcla-de-tendencias\/#breadcrumb"},"inLanguage":"es","potentialAction":[{"@type":"ReadAction","target":["https:\/\/cocinas-tenerife.com\/es\/mezcla-de-tendencias\/"]}]},{"@type":"BreadcrumbList","@id":"https:\/\/cocinas-tenerife.com\/es\/mezcla-de-tendencias\/#breadcrumb","itemListElement":[{"@type":"ListItem","position":1,"name":"Portada","item":"https:\/\/cocinas-tenerife.com\/es\/"},{"@type":"ListItem","position":2,"name":"Mezcla de tendencias"}]},{"@type":"WebSite","@id":"https:\/\/cocinas-tenerife.com\/es\/#website","url":"https:\/\/cocinas-tenerife.com\/es\/","name":"123-Cocinas","description":"Ihr K\u00fcchen-Spezialist in Puerto de la Cruz","publisher":{"@id":"https:\/\/cocinas-tenerife.com\/es\/#organization"},"potentialAction":[{"@type":"SearchAction","target":{"@type":"EntryPoint","urlTemplate":"https:\/\/cocinas-tenerife.com\/es\/?s={search_term_string}"},"query-input":{"@type":"PropertyValueSpecification","valueRequired":true,"valueName":"search_term_string"}}],"inLanguage":"es"},{"@type":"Organization","@id":"https:\/\/cocinas-tenerife.com\/es\/#organization","name":"1 2 3 Cocinas","url":"https:\/\/cocinas-tenerife.com\/es\/","logo":{"@type":"ImageObject","inLanguage":"es","@id":"https:\/\/cocinas-tenerife.com\/es\/#\/schema\/logo\/image\/","url":"https:\/\/cocinas-tenerife.com\/wp-content\/uploads\/2015\/02\/Logo-123cocinas-hoch-1024x533.jpg","contentUrl":"https:\/\/cocinas-tenerife.com\/wp-content\/uploads\/2015\/02\/Logo-123cocinas-hoch-1024x533.jpg","width":1024,"height":533,"caption":"1 2 3 Cocinas"},"image":{"@id":"https:\/\/cocinas-tenerife.com\/es\/#\/schema\/logo\/image\/"}}]}},"_links":{"self":[{"href":"https:\/\/cocinas-tenerife.com\/es\/wp-json\/wp\/v2\/pages\/2433","targetHints":{"allow":["GET"]}}],"collection":[{"href":"https:\/\/cocinas-tenerife.com\/es\/wp-json\/wp\/v2\/pages"}],"about":[{"href":"https:\/\/cocinas-tenerife.com\/es\/wp-json\/wp\/v2\/types\/page"}],"author":[{"embeddable":true,"href":"https:\/\/cocinas-tenerife.com\/es\/wp-json\/wp\/v2\/users\/1"}],"replies":[{"embeddable":true,"href":"https:\/\/cocinas-tenerife.com\/es\/wp-json\/wp\/v2\/comments?post=2433"}],"version-history":[{"count":5,"href":"https:\/\/cocinas-tenerife.com\/es\/wp-json\/wp\/v2\/pages\/2433\/revisions"}],"predecessor-version":[{"id":2895,"href":"https:\/\/cocinas-tenerife.com\/es\/wp-json\/wp\/v2\/pages\/2433\/revisions\/2895"}],"wp:attachment":[{"href":"https:\/\/cocinas-tenerife.com\/es\/wp-json\/wp\/v2\/media?parent=2433"}],"curies":[{"name":"wp","href":"https:\/\/api.w.org\/{rel}","templated":true}]}}