{"id":2389,"date":"2019-10-03T17:26:18","date_gmt":"2019-10-03T17:26:18","guid":{"rendered":"https:\/\/cocinas-tenerife.com\/fregadero\/"},"modified":"2020-11-14T15:15:16","modified_gmt":"2020-11-14T15:15:16","slug":"fregadero","status":"publish","type":"page","link":"https:\/\/cocinas-tenerife.com\/es\/fregadero\/","title":{"rendered":"Fregaderos y grifos de cocina"},"content":{"rendered":"\t\t<div data-elementor-type=\"wp-page\" data-elementor-id=\"2389\" class=\"elementor elementor-2389 elementor-1628\" data-elementor-post-type=\"page\">\n\t\t\t\t\t\t<section class=\"elementor-section elementor-top-section elementor-element elementor-element-e5125c0 elementor-section-full_width elementor-section-height-default elementor-section-height-default\" data-id=\"e5125c0\" data-element_type=\"section\" data-e-type=\"section\">\n\t\t\t\t\t\t<div class=\"elementor-container elementor-column-gap-default\">\n\t\t\t\t\t<div class=\"elementor-column elementor-col-100 elementor-top-column elementor-element elementor-element-bd0ef3f\" data-id=\"bd0ef3f\" data-element_type=\"column\" data-e-type=\"column\">\n\t\t\t<div class=\"elementor-widget-wrap elementor-element-populated\">\n\t\t\t\t\t\t<div class=\"elementor-element elementor-element-6a1e6ca elementor-widget elementor-widget-image\" data-id=\"6a1e6ca\" data-element_type=\"widget\" data-e-type=\"widget\" data-widget_type=\"image.default\">\n\t\t\t\t<div class=\"elementor-widget-container\">\n\t\t\t\t\t\t\t\t\t\t\t\t\t\t\t<img fetchpriority=\"high\" decoding=\"async\" width=\"2702\" height=\"762\" src=\"https:\/\/cocinas-tenerife.com\/wp-content\/uploads\/2020\/05\/spuelen-und-mischbatterien-bei-cocinas-tenerife-puerto-de-la-cruz.jpg\" class=\"attachment-full size-full wp-image-3878\" alt=\"Sp\u00fclen und Mischbatterien bei Cocinas Tenerife, Puerto de la Cruz\" srcset=\"https:\/\/cocinas-tenerife.com\/wp-content\/uploads\/2020\/05\/spuelen-und-mischbatterien-bei-cocinas-tenerife-puerto-de-la-cruz.jpg 2702w, https:\/\/cocinas-tenerife.com\/wp-content\/uploads\/2020\/05\/spuelen-und-mischbatterien-bei-cocinas-tenerife-puerto-de-la-cruz-300x85.jpg 300w, https:\/\/cocinas-tenerife.com\/wp-content\/uploads\/2020\/05\/spuelen-und-mischbatterien-bei-cocinas-tenerife-puerto-de-la-cruz-1024x289.jpg 1024w, https:\/\/cocinas-tenerife.com\/wp-content\/uploads\/2020\/05\/spuelen-und-mischbatterien-bei-cocinas-tenerife-puerto-de-la-cruz-768x217.jpg 768w, https:\/\/cocinas-tenerife.com\/wp-content\/uploads\/2020\/05\/spuelen-und-mischbatterien-bei-cocinas-tenerife-puerto-de-la-cruz-1536x433.jpg 1536w, https:\/\/cocinas-tenerife.com\/wp-content\/uploads\/2020\/05\/spuelen-und-mischbatterien-bei-cocinas-tenerife-puerto-de-la-cruz-2048x578.jpg 2048w\" sizes=\"(max-width: 2702px) 100vw, 2702px\" \/>\t\t\t\t\t\t\t\t\t\t\t\t\t\t\t<\/div>\n\t\t\t\t<\/div>\n\t\t\t\t\t<\/div>\n\t\t<\/div>\n\t\t\t\t\t<\/div>\n\t\t<\/section>\n\t\t\t\t<section class=\"elementor-section elementor-top-section elementor-element elementor-element-460c328 elementor-section-boxed elementor-section-height-default elementor-section-height-default\" data-id=\"460c328\" data-element_type=\"section\" data-e-type=\"section\">\n\t\t\t\t\t\t<div class=\"elementor-container elementor-column-gap-default\">\n\t\t\t\t\t<div class=\"elementor-column elementor-col-100 elementor-top-column elementor-element elementor-element-829ddcf\" data-id=\"829ddcf\" data-element_type=\"column\" data-e-type=\"column\">\n\t\t\t<div class=\"elementor-widget-wrap elementor-element-populated\">\n\t\t\t\t\t\t<div class=\"elementor-element elementor-element-7149ea8 elementor-widget elementor-widget-spacer\" data-id=\"7149ea8\" data-element_type=\"widget\" data-e-type=\"widget\" data-widget_type=\"spacer.default\">\n\t\t\t\t<div class=\"elementor-widget-container\">\n\t\t\t\t\t\t\t<div class=\"elementor-spacer\">\n\t\t\t<div class=\"elementor-spacer-inner\"><\/div>\n\t\t<\/div>\n\t\t\t\t\t\t<\/div>\n\t\t\t\t<\/div>\n\t\t\t\t<div class=\"elementor-element elementor-element-b3d9e0e elementor-widget elementor-widget-heading\" data-id=\"b3d9e0e\" data-element_type=\"widget\" data-e-type=\"widget\" data-widget_type=\"heading.default\">\n\t\t\t\t<div class=\"elementor-widget-container\">\n\t\t\t\t\t<h1 class=\"elementor-heading-title elementor-size-default\">Fregaderos y grifos de cocina<\/h1>\t\t\t\t<\/div>\n\t\t\t\t<\/div>\n\t\t\t\t<div class=\"elementor-element elementor-element-6d33e14 elementor-widget elementor-widget-heading\" data-id=\"6d33e14\" data-element_type=\"widget\" data-e-type=\"widget\" data-widget_type=\"heading.default\">\n\t\t\t\t<div class=\"elementor-widget-container\">\n\t\t\t\t\t<h2 class=\"elementor-heading-title elementor-size-default\">Deja que el fregadero y los accesorios de la cocina brillen<\/h2>\t\t\t\t<\/div>\n\t\t\t\t<\/div>\n\t\t\t\t<div class=\"elementor-element elementor-element-350d586 elementor-widget elementor-widget-spacer\" data-id=\"350d586\" data-element_type=\"widget\" data-e-type=\"widget\" data-widget_type=\"spacer.default\">\n\t\t\t\t<div class=\"elementor-widget-container\">\n\t\t\t\t\t\t\t<div class=\"elementor-spacer\">\n\t\t\t<div class=\"elementor-spacer-inner\"><\/div>\n\t\t<\/div>\n\t\t\t\t\t\t<\/div>\n\t\t\t\t<\/div>\n\t\t\t\t<div class=\"elementor-element elementor-element-b777a70 elementor-widget elementor-widget-text-editor\" data-id=\"b777a70\" data-element_type=\"widget\" data-e-type=\"widget\" data-widget_type=\"text-editor.default\">\n\t\t\t\t<div class=\"elementor-widget-container\">\n\t\t\t\t\t\t\t\t\t<p>Adem\u00e1s del uso vers\u00e1til de un fregadero de cocina, que debe adaptarse a su forma de trabajo, la forma, el material y el color son tambi\u00e9n muy importantes, con el \u00e9nfasis en la facilidad de cuidado. Le ofrecemos fregaderos de acero inoxidable, cer\u00e1mica, granito o piedra artificial en los \u00faltimos dise\u00f1os.<\/p>\n<p>El fregadero puede planearse a ras de la superficie, por encima o por debajo.<\/p>\n<p>En cooperaci\u00f3n con nuestros socios Franke, Systemceram y Blanco, encontraremos el fregadero perfecto con accesorios de cocina para su cocina.<\/p>\n\t\t\t\t\t\t\t\t<\/div>\n\t\t\t\t<\/div>\n\t\t\t\t<div class=\"elementor-element elementor-element-d96afa3 elementor-widget elementor-widget-spacer\" data-id=\"d96afa3\" data-element_type=\"widget\" data-e-type=\"widget\" data-widget_type=\"spacer.default\">\n\t\t\t\t<div class=\"elementor-widget-container\">\n\t\t\t\t\t\t\t<div class=\"elementor-spacer\">\n\t\t\t<div class=\"elementor-spacer-inner\"><\/div>\n\t\t<\/div>\n\t\t\t\t\t\t<\/div>\n\t\t\t\t<\/div>\n\t\t\t\t<section class=\"elementor-section elementor-inner-section elementor-element elementor-element-6ea2df2 elementor-section-boxed elementor-section-height-default elementor-section-height-default\" data-id=\"6ea2df2\" data-element_type=\"section\" data-e-type=\"section\">\n\t\t\t\t\t\t<div class=\"elementor-container elementor-column-gap-default\">\n\t\t\t\t\t<div class=\"elementor-column elementor-col-33 elementor-inner-column elementor-element elementor-element-3633963\" data-id=\"3633963\" data-element_type=\"column\" data-e-type=\"column\">\n\t\t\t<div class=\"elementor-widget-wrap elementor-element-populated\">\n\t\t\t\t\t\t<div class=\"elementor-element elementor-element-17a6a38 elementor-widget elementor-widget-image\" data-id=\"17a6a38\" data-element_type=\"widget\" data-e-type=\"widget\" data-widget_type=\"image.default\">\n\t\t\t\t<div class=\"elementor-widget-container\">\n\t\t\t\t\t\t\t\t\t\t\t\t\t\t\t\t<a href=\"https:\/\/www.systemceram.de\/\" target=\"_blank\">\n\t\t\t\t\t\t\t<img decoding=\"async\" width=\"800\" height=\"260\" src=\"https:\/\/cocinas-tenerife.com\/wp-content\/uploads\/2020\/05\/systemceram-1-1024x333.jpg\" class=\"attachment-large size-large wp-image-3741\" alt=\"\" srcset=\"https:\/\/cocinas-tenerife.com\/wp-content\/uploads\/2020\/05\/systemceram-1-1024x333.jpg 1024w, https:\/\/cocinas-tenerife.com\/wp-content\/uploads\/2020\/05\/systemceram-1-300x98.jpg 300w, https:\/\/cocinas-tenerife.com\/wp-content\/uploads\/2020\/05\/systemceram-1-768x250.jpg 768w, https:\/\/cocinas-tenerife.com\/wp-content\/uploads\/2020\/05\/systemceram-1-1536x500.jpg 1536w, https:\/\/cocinas-tenerife.com\/wp-content\/uploads\/2020\/05\/systemceram-1-2048x667.jpg 2048w\" sizes=\"(max-width: 800px) 100vw, 800px\" \/>\t\t\t\t\t\t\t\t<\/a>\n\t\t\t\t\t\t\t\t\t\t\t\t\t\t\t<\/div>\n\t\t\t\t<\/div>\n\t\t\t\t\t<\/div>\n\t\t<\/div>\n\t\t\t\t<div class=\"elementor-column elementor-col-33 elementor-inner-column elementor-element elementor-element-cff0b7c\" data-id=\"cff0b7c\" data-element_type=\"column\" data-e-type=\"column\">\n\t\t\t<div class=\"elementor-widget-wrap elementor-element-populated\">\n\t\t\t\t\t\t<div class=\"elementor-element elementor-element-205ae86 elementor-widget elementor-widget-image\" data-id=\"205ae86\" data-element_type=\"widget\" data-e-type=\"widget\" data-widget_type=\"image.default\">\n\t\t\t\t<div class=\"elementor-widget-container\">\n\t\t\t\t\t\t\t\t\t\t\t\t\t\t\t\t<a href=\"https:\/\/www.franke.com\/de\/de\/ks\/produkte\/kuechen-spuele.html\" target=\"_blank\">\n\t\t\t\t\t\t\t<img decoding=\"async\" width=\"800\" height=\"252\" src=\"https:\/\/cocinas-tenerife.com\/wp-content\/uploads\/2020\/05\/logo-franke.jpg\" class=\"attachment-large size-large wp-image-3729\" alt=\"\" srcset=\"https:\/\/cocinas-tenerife.com\/wp-content\/uploads\/2020\/05\/logo-franke.jpg 800w, https:\/\/cocinas-tenerife.com\/wp-content\/uploads\/2020\/05\/logo-franke-300x95.jpg 300w, https:\/\/cocinas-tenerife.com\/wp-content\/uploads\/2020\/05\/logo-franke-768x242.jpg 768w\" sizes=\"(max-width: 800px) 100vw, 800px\" \/>\t\t\t\t\t\t\t\t<\/a>\n\t\t\t\t\t\t\t\t\t\t\t\t\t\t\t<\/div>\n\t\t\t\t<\/div>\n\t\t\t\t\t<\/div>\n\t\t<\/div>\n\t\t\t\t<div class=\"elementor-column elementor-col-33 elementor-inner-column elementor-element elementor-element-1a60148\" data-id=\"1a60148\" data-element_type=\"column\" data-e-type=\"column\">\n\t\t\t<div class=\"elementor-widget-wrap elementor-element-populated\">\n\t\t\t\t\t\t<div class=\"elementor-element elementor-element-f5b4e73 elementor-widget elementor-widget-image\" data-id=\"f5b4e73\" data-element_type=\"widget\" data-e-type=\"widget\" data-widget_type=\"image.default\">\n\t\t\t\t<div class=\"elementor-widget-container\">\n\t\t\t\t\t\t\t\t\t\t\t\t\t\t\t\t<a href=\"https:\/\/www.blanco.com\/de-de\/spuelen\/\" target=\"_blank\">\n\t\t\t\t\t\t\t<img loading=\"lazy\" decoding=\"async\" width=\"800\" height=\"295\" src=\"https:\/\/cocinas-tenerife.com\/wp-content\/uploads\/2020\/05\/logo-blanco-proffessional-1024x377.jpg\" class=\"attachment-large size-large wp-image-3867\" alt=\"Logo Blanco Professional\" srcset=\"https:\/\/cocinas-tenerife.com\/wp-content\/uploads\/2020\/05\/logo-blanco-proffessional-1024x377.jpg 1024w, https:\/\/cocinas-tenerife.com\/wp-content\/uploads\/2020\/05\/logo-blanco-proffessional-300x111.jpg 300w, https:\/\/cocinas-tenerife.com\/wp-content\/uploads\/2020\/05\/logo-blanco-proffessional-768x283.jpg 768w, https:\/\/cocinas-tenerife.com\/wp-content\/uploads\/2020\/05\/logo-blanco-proffessional.jpg 1042w\" sizes=\"(max-width: 800px) 100vw, 800px\" \/>\t\t\t\t\t\t\t\t<\/a>\n\t\t\t\t\t\t\t\t\t\t\t\t\t\t\t<\/div>\n\t\t\t\t<\/div>\n\t\t\t\t\t<\/div>\n\t\t<\/div>\n\t\t\t\t\t<\/div>\n\t\t<\/section>\n\t\t\t\t<div class=\"elementor-element elementor-element-2e2254c elementor-widget elementor-widget-spacer\" data-id=\"2e2254c\" data-element_type=\"widget\" data-e-type=\"widget\" data-widget_type=\"spacer.default\">\n\t\t\t\t<div class=\"elementor-widget-container\">\n\t\t\t\t\t\t\t<div class=\"elementor-spacer\">\n\t\t\t<div class=\"elementor-spacer-inner\"><\/div>\n\t\t<\/div>\n\t\t\t\t\t\t<\/div>\n\t\t\t\t<\/div>\n\t\t\t\t<div class=\"elementor-element elementor-element-a265542 elementor-widget elementor-widget-text-editor\" data-id=\"a265542\" data-element_type=\"widget\" data-e-type=\"widget\" data-widget_type=\"text-editor.default\">\n\t\t\t\t<div class=\"elementor-widget-container\">\n\t\t\t\t\t\t\t\t\t<p>A juego con el dise\u00f1o de su cocina, tambi\u00e9n ofrecemos <a href=\"https:\/\/cocinas-tenerife.com\/es\/sala\/\">muebles de sal\u00f3n<\/a> y <a href=\"https:\/\/cocinas-tenerife.com\/es\/muebles-de-bano\/\">ba\u00f1o<\/a>, <a href=\"https:\/\/cocinas-tenerife.com\/es\/guardarropa\/\">sistemas de estanter\u00edas y armarios<\/a>, as\u00ed como los \u00faltimos <a href=\"https:\/\/cocinas-tenerife.com\/es\/electrodomesticos-2\/\">electrodom\u00e9sticos<\/a> de Bosch, Siemens y NEFF.<\/p>\n\t\t\t\t\t\t\t\t<\/div>\n\t\t\t\t<\/div>\n\t\t\t\t\t<\/div>\n\t\t<\/div>\n\t\t\t\t\t<\/div>\n\t\t<\/section>\n\t\t\t\t<\/div>\n\t\t","protected":false},"excerpt":{"rendered":"<p>Fregaderos y grifos de cocina Deja que el fregadero y los accesorios de la cocina brillen Adem\u00e1s del uso vers\u00e1til de un fregadero de cocina, que debe adaptarse a su forma de trabajo, la forma, el material y el color son tambi\u00e9n muy importantes, con el \u00e9nfasis en la facilidad de cuidado. Le ofrecemos fregaderos [&hellip;]<\/p>\n","protected":false},"author":2,"featured_media":0,"parent":0,"menu_order":0,"comment_status":"closed","ping_status":"closed","template":"","meta":{"footnotes":""},"class_list":["post-2389","page","type-page","status-publish","hentry"],"yoast_head":"<!-- This site is optimized with the Yoast SEO plugin v27.3 - https:\/\/yoast.com\/product\/yoast-seo-wordpress\/ -->\n<title>Fregaderos y grifos de cocina - 123 Cocinas, Puerto de la Cruz, Tenerife<\/title>\n<meta name=\"robots\" content=\"index, follow, max-snippet:-1, max-image-preview:large, max-video-preview:-1\" \/>\n<link rel=\"canonical\" href=\"https:\/\/cocinas-tenerife.com\/es\/fregadero\/\" \/>\n<meta property=\"og:locale\" content=\"es_ES\" \/>\n<meta property=\"og:type\" content=\"article\" \/>\n<meta property=\"og:title\" content=\"Fregaderos y grifos de cocina - 123 Cocinas, Puerto de la Cruz, Tenerife\" \/>\n<meta property=\"og:description\" content=\"Fregaderos y grifos de cocina Deja que el fregadero y los accesorios de la cocina brillen Adem\u00e1s del uso vers\u00e1til de un fregadero de cocina, que debe adaptarse a su forma de trabajo, la forma, el material y el color son tambi\u00e9n muy importantes, con el \u00e9nfasis en la facilidad de cuidado. Le ofrecemos fregaderos [&hellip;]\" \/>\n<meta property=\"og:url\" content=\"https:\/\/cocinas-tenerife.com\/es\/fregadero\/\" \/>\n<meta property=\"og:site_name\" content=\"123 Cocinas, Puerto de la Cruz, Tenerife\" \/>\n<meta property=\"article:modified_time\" content=\"2020-11-14T15:15:16+00:00\" \/>\n<meta property=\"og:image\" content=\"https:\/\/cocinas-tenerife.com\/wp-content\/uploads\/2020\/05\/spuelen-und-mischbatterien-bei-cocinas-tenerife-puerto-de-la-cruz.jpg\" \/>\n<meta name=\"twitter:card\" content=\"summary_large_image\" \/>\n<meta name=\"twitter:label1\" content=\"Tiempo de lectura\" \/>\n\t<meta name=\"twitter:data1\" content=\"1 minuto\" \/>\n<script type=\"application\/ld+json\" class=\"yoast-schema-graph\">{\"@context\":\"https:\\\/\\\/schema.org\",\"@graph\":[{\"@type\":\"WebPage\",\"@id\":\"https:\\\/\\\/cocinas-tenerife.com\\\/es\\\/fregadero\\\/\",\"url\":\"https:\\\/\\\/cocinas-tenerife.com\\\/es\\\/fregadero\\\/\",\"name\":\"Fregaderos y grifos de cocina - 123 Cocinas, Puerto de la Cruz, Tenerife\",\"isPartOf\":{\"@id\":\"https:\\\/\\\/cocinas-tenerife.com\\\/es\\\/#website\"},\"primaryImageOfPage\":{\"@id\":\"https:\\\/\\\/cocinas-tenerife.com\\\/es\\\/fregadero\\\/#primaryimage\"},\"image\":{\"@id\":\"https:\\\/\\\/cocinas-tenerife.com\\\/es\\\/fregadero\\\/#primaryimage\"},\"thumbnailUrl\":\"https:\\\/\\\/cocinas-tenerife.com\\\/wp-content\\\/uploads\\\/2020\\\/05\\\/spuelen-und-mischbatterien-bei-cocinas-tenerife-puerto-de-la-cruz.jpg\",\"datePublished\":\"2019-10-03T17:26:18+00:00\",\"dateModified\":\"2020-11-14T15:15:16+00:00\",\"breadcrumb\":{\"@id\":\"https:\\\/\\\/cocinas-tenerife.com\\\/es\\\/fregadero\\\/#breadcrumb\"},\"inLanguage\":\"es\",\"potentialAction\":[{\"@type\":\"ReadAction\",\"target\":[\"https:\\\/\\\/cocinas-tenerife.com\\\/es\\\/fregadero\\\/\"]}]},{\"@type\":\"ImageObject\",\"inLanguage\":\"es\",\"@id\":\"https:\\\/\\\/cocinas-tenerife.com\\\/es\\\/fregadero\\\/#primaryimage\",\"url\":\"https:\\\/\\\/cocinas-tenerife.com\\\/wp-content\\\/uploads\\\/2020\\\/05\\\/spuelen-und-mischbatterien-bei-cocinas-tenerife-puerto-de-la-cruz.jpg\",\"contentUrl\":\"https:\\\/\\\/cocinas-tenerife.com\\\/wp-content\\\/uploads\\\/2020\\\/05\\\/spuelen-und-mischbatterien-bei-cocinas-tenerife-puerto-de-la-cruz.jpg\"},{\"@type\":\"BreadcrumbList\",\"@id\":\"https:\\\/\\\/cocinas-tenerife.com\\\/es\\\/fregadero\\\/#breadcrumb\",\"itemListElement\":[{\"@type\":\"ListItem\",\"position\":1,\"name\":\"Portada\",\"item\":\"https:\\\/\\\/cocinas-tenerife.com\\\/es\\\/\"},{\"@type\":\"ListItem\",\"position\":2,\"name\":\"Fregaderos y grifos de cocina\"}]},{\"@type\":\"WebSite\",\"@id\":\"https:\\\/\\\/cocinas-tenerife.com\\\/es\\\/#website\",\"url\":\"https:\\\/\\\/cocinas-tenerife.com\\\/es\\\/\",\"name\":\"123-Cocinas\",\"description\":\"Ihr K\u00fcchen-Spezialist in Puerto de la Cruz\",\"publisher\":{\"@id\":\"https:\\\/\\\/cocinas-tenerife.com\\\/es\\\/#organization\"},\"potentialAction\":[{\"@type\":\"SearchAction\",\"target\":{\"@type\":\"EntryPoint\",\"urlTemplate\":\"https:\\\/\\\/cocinas-tenerife.com\\\/es\\\/?s={search_term_string}\"},\"query-input\":{\"@type\":\"PropertyValueSpecification\",\"valueRequired\":true,\"valueName\":\"search_term_string\"}}],\"inLanguage\":\"es\"},{\"@type\":\"Organization\",\"@id\":\"https:\\\/\\\/cocinas-tenerife.com\\\/es\\\/#organization\",\"name\":\"1 2 3 Cocinas\",\"url\":\"https:\\\/\\\/cocinas-tenerife.com\\\/es\\\/\",\"logo\":{\"@type\":\"ImageObject\",\"inLanguage\":\"es\",\"@id\":\"https:\\\/\\\/cocinas-tenerife.com\\\/es\\\/#\\\/schema\\\/logo\\\/image\\\/\",\"url\":\"https:\\\/\\\/cocinas-tenerife.com\\\/wp-content\\\/uploads\\\/2015\\\/02\\\/Logo-123cocinas-hoch-1024x533.jpg\",\"contentUrl\":\"https:\\\/\\\/cocinas-tenerife.com\\\/wp-content\\\/uploads\\\/2015\\\/02\\\/Logo-123cocinas-hoch-1024x533.jpg\",\"width\":1024,\"height\":533,\"caption\":\"1 2 3 Cocinas\"},\"image\":{\"@id\":\"https:\\\/\\\/cocinas-tenerife.com\\\/es\\\/#\\\/schema\\\/logo\\\/image\\\/\"}}]}<\/script>\n<!-- \/ Yoast SEO plugin. -->","yoast_head_json":{"title":"Fregaderos y grifos de cocina - 123 Cocinas, Puerto de la Cruz, Tenerife","robots":{"index":"index","follow":"follow","max-snippet":"max-snippet:-1","max-image-preview":"max-image-preview:large","max-video-preview":"max-video-preview:-1"},"canonical":"https:\/\/cocinas-tenerife.com\/es\/fregadero\/","og_locale":"es_ES","og_type":"article","og_title":"Fregaderos y grifos de cocina - 123 Cocinas, Puerto de la Cruz, Tenerife","og_description":"Fregaderos y grifos de cocina Deja que el fregadero y los accesorios de la cocina brillen Adem\u00e1s del uso vers\u00e1til de un fregadero de cocina, que debe adaptarse a su forma de trabajo, la forma, el material y el color son tambi\u00e9n muy importantes, con el \u00e9nfasis en la facilidad de cuidado. Le ofrecemos fregaderos [&hellip;]","og_url":"https:\/\/cocinas-tenerife.com\/es\/fregadero\/","og_site_name":"123 Cocinas, Puerto de la Cruz, Tenerife","article_modified_time":"2020-11-14T15:15:16+00:00","og_image":[{"url":"https:\/\/cocinas-tenerife.com\/wp-content\/uploads\/2020\/05\/spuelen-und-mischbatterien-bei-cocinas-tenerife-puerto-de-la-cruz.jpg","type":"","width":"","height":""}],"twitter_card":"summary_large_image","twitter_misc":{"Tiempo de lectura":"1 minuto"},"schema":{"@context":"https:\/\/schema.org","@graph":[{"@type":"WebPage","@id":"https:\/\/cocinas-tenerife.com\/es\/fregadero\/","url":"https:\/\/cocinas-tenerife.com\/es\/fregadero\/","name":"Fregaderos y grifos de cocina - 123 Cocinas, Puerto de la Cruz, Tenerife","isPartOf":{"@id":"https:\/\/cocinas-tenerife.com\/es\/#website"},"primaryImageOfPage":{"@id":"https:\/\/cocinas-tenerife.com\/es\/fregadero\/#primaryimage"},"image":{"@id":"https:\/\/cocinas-tenerife.com\/es\/fregadero\/#primaryimage"},"thumbnailUrl":"https:\/\/cocinas-tenerife.com\/wp-content\/uploads\/2020\/05\/spuelen-und-mischbatterien-bei-cocinas-tenerife-puerto-de-la-cruz.jpg","datePublished":"2019-10-03T17:26:18+00:00","dateModified":"2020-11-14T15:15:16+00:00","breadcrumb":{"@id":"https:\/\/cocinas-tenerife.com\/es\/fregadero\/#breadcrumb"},"inLanguage":"es","potentialAction":[{"@type":"ReadAction","target":["https:\/\/cocinas-tenerife.com\/es\/fregadero\/"]}]},{"@type":"ImageObject","inLanguage":"es","@id":"https:\/\/cocinas-tenerife.com\/es\/fregadero\/#primaryimage","url":"https:\/\/cocinas-tenerife.com\/wp-content\/uploads\/2020\/05\/spuelen-und-mischbatterien-bei-cocinas-tenerife-puerto-de-la-cruz.jpg","contentUrl":"https:\/\/cocinas-tenerife.com\/wp-content\/uploads\/2020\/05\/spuelen-und-mischbatterien-bei-cocinas-tenerife-puerto-de-la-cruz.jpg"},{"@type":"BreadcrumbList","@id":"https:\/\/cocinas-tenerife.com\/es\/fregadero\/#breadcrumb","itemListElement":[{"@type":"ListItem","position":1,"name":"Portada","item":"https:\/\/cocinas-tenerife.com\/es\/"},{"@type":"ListItem","position":2,"name":"Fregaderos y grifos de cocina"}]},{"@type":"WebSite","@id":"https:\/\/cocinas-tenerife.com\/es\/#website","url":"https:\/\/cocinas-tenerife.com\/es\/","name":"123-Cocinas","description":"Ihr K\u00fcchen-Spezialist in Puerto de la Cruz","publisher":{"@id":"https:\/\/cocinas-tenerife.com\/es\/#organization"},"potentialAction":[{"@type":"SearchAction","target":{"@type":"EntryPoint","urlTemplate":"https:\/\/cocinas-tenerife.com\/es\/?s={search_term_string}"},"query-input":{"@type":"PropertyValueSpecification","valueRequired":true,"valueName":"search_term_string"}}],"inLanguage":"es"},{"@type":"Organization","@id":"https:\/\/cocinas-tenerife.com\/es\/#organization","name":"1 2 3 Cocinas","url":"https:\/\/cocinas-tenerife.com\/es\/","logo":{"@type":"ImageObject","inLanguage":"es","@id":"https:\/\/cocinas-tenerife.com\/es\/#\/schema\/logo\/image\/","url":"https:\/\/cocinas-tenerife.com\/wp-content\/uploads\/2015\/02\/Logo-123cocinas-hoch-1024x533.jpg","contentUrl":"https:\/\/cocinas-tenerife.com\/wp-content\/uploads\/2015\/02\/Logo-123cocinas-hoch-1024x533.jpg","width":1024,"height":533,"caption":"1 2 3 Cocinas"},"image":{"@id":"https:\/\/cocinas-tenerife.com\/es\/#\/schema\/logo\/image\/"}}]}},"_links":{"self":[{"href":"https:\/\/cocinas-tenerife.com\/es\/wp-json\/wp\/v2\/pages\/2389","targetHints":{"allow":["GET"]}}],"collection":[{"href":"https:\/\/cocinas-tenerife.com\/es\/wp-json\/wp\/v2\/pages"}],"about":[{"href":"https:\/\/cocinas-tenerife.com\/es\/wp-json\/wp\/v2\/types\/page"}],"author":[{"embeddable":true,"href":"https:\/\/cocinas-tenerife.com\/es\/wp-json\/wp\/v2\/users\/2"}],"replies":[{"embeddable":true,"href":"https:\/\/cocinas-tenerife.com\/es\/wp-json\/wp\/v2\/comments?post=2389"}],"version-history":[{"count":5,"href":"https:\/\/cocinas-tenerife.com\/es\/wp-json\/wp\/v2\/pages\/2389\/revisions"}],"predecessor-version":[{"id":4142,"href":"https:\/\/cocinas-tenerife.com\/es\/wp-json\/wp\/v2\/pages\/2389\/revisions\/4142"}],"wp:attachment":[{"href":"https:\/\/cocinas-tenerife.com\/es\/wp-json\/wp\/v2\/media?parent=2389"}],"curies":[{"name":"wp","href":"https:\/\/api.w.org\/{rel}","templated":true}]}}