{"id":2353,"date":"2019-10-03T17:06:28","date_gmt":"2019-10-03T17:06:28","guid":{"rendered":"https:\/\/cocinas-tenerife.com\/accesorios\/"},"modified":"2019-10-03T17:06:28","modified_gmt":"2019-10-03T17:06:28","slug":"accesorios","status":"publish","type":"page","link":"https:\/\/cocinas-tenerife.com\/es\/accesorios\/","title":{"rendered":"Accesorios"},"content":{"rendered":"\n[et_pb_section admin_label=\u00bbsection\u00bb][et_pb_row admin_label=\u00bbrow\u00bb][et_pb_column type=\u00bb4_4&#8243;][et_pb_image admin_label=\u00bbImage\u00bb src=\u00bbhttps:\/\/cocinas-tenerife.com\/wp-content\/uploads\/2017\/02\/S94_Focus460_M_8781-Copy.jpg\u00bb url_new_window=\u00bboff\u00bb animation=\u00bbfade_in\u00bb show_in_lightbox=\u00bboff\u00bb sticky=\u00bbon\u00bb use_overlay=\u00bboff\u00bb align=\u00bbleft\u00bb force_fullwidth=\u00bboff\u00bb always_center_on_mobile=\u00bbon\u00bb use_border_color=\u00bboff\u00bb border_color=\u00bb#ffffff\u00bb border_style=\u00bbsolid\u00bb] [\/et_pb_image][\/et_pb_column][\/et_pb_row][et_pb_row admin_label=\u00bbrow\u00bb][et_pb_column type=\u00bb4_4&#8243;][et_pb_text admin_label=\u00bbTexto\u00bb background_layout=\u00bblight\u00bb text_orientation=\u00bbleft\u00bb]\r\n<h2>La cocina bien organizada<\/h2>\r\nNuestras cocinas son el resultado de la experiencia cosechada durante d\u00e9cadas y de probados sistemas. As\u00ed tambi\u00e9n de las innovaciones que garantizan de manera inconfundible una vida diaria y un trabajo agradable y excepcionalmente funcional en nuestras cocinas.\r\n\r\n[\/et_pb_text][\/et_pb_column][\/et_pb_row][et_pb_row admin_label=\u00bbrow\u00bb][et_pb_column type=\u00bb1_2&#8243;][et_pb_text admin_label=\u00bbTexto\u00bb background_layout=\u00bblight\u00bb text_orientation=\u00bbleft\u00bb]\r\n<h2>Profi<span style=\"font-size: 20px; line-height: 30px;\">+<\/span><\/h2>\r\n[\/et_pb_text][et_pb_image admin_label=\u00bbImagen\u00bb src=\u00bbhttps:\/\/cocinas-tenerife.com\/wp-content\/uploads\/2015\/04\/profi-plus.jpg\u00bb show_in_lightbox=\u00bboff\u00bb url_new_window=\u00bboff\u00bb animation=\u00bbleft\u00bb sticky=\u00bboff\u00bb] [\/et_pb_image][et_pb_text admin_label=\u00bbTexto\u00bb background_layout=\u00bblight\u00bb text_orientation=\u00bbleft\u00bb]\r\n\r\nNuestras cocinas est\u00e1n equipadas en serie con el innovador sistema de cajones Profi<b>+<\/b>. Profi<b>+<\/b>\u00a0significa es sin\u00f3nimo de confort de deslizamiento \u00fanico, extraordinaria estabilidad, est\u00e9tica universal y m\u00faltiples posibilidades de equipamiento. Otras ventajas de este \u00fanico sistema de cajones y gavetas son la ampliaci\u00f3n del espacio para guardar menaje as\u00ed como c\u00f3modas posibilidades de montaje y ajuste.\r\n\r\n[\/et_pb_text][\/et_pb_column][et_pb_column type=\u00bb1_2&#8243;][et_pb_text admin_label=\u00bbTexto\u00bb background_layout=\u00bblight\u00bb text_orientation=\u00bbleft\u00bb]\r\n<h2>Sensys<\/h2>\r\n[\/et_pb_text][et_pb_image admin_label=\u00bbImagen\u00bb src=\u00bbhttps:\/\/cocinas-tenerife.com\/wp-content\/uploads\/2015\/04\/sensys.jpg\u00bb show_in_lightbox=\u00bboff\u00bb url_new_window=\u00bboff\u00bb animation=\u00bbleft\u00bb sticky=\u00bboff\u00bb] [\/et_pb_image][et_pb_text admin_label=\u00bbTexto\u00bb background_layout=\u00bblight\u00bb text_orientation=\u00bbleft\u00bb]\r\n\r\nNuestras cocinas est\u00e1n equipadas en serie con bisagras Sensys. Sensys representa la \u00faltima generaci\u00f3n en tecnolog\u00eda de bisagras: El sistema de amortiguaci\u00f3n Silent est\u00e1 integrado de forma invisible en la bisagra. Una innovaci\u00f3n que cumple los m\u00e1s altos requerimientos de confort y funcionamiento. Las puertas se cierran de forma uniforme y silenciosa con un suave movimiento de la mu\u00f1eca.\r\n\r\n[\/et_pb_text][\/et_pb_column][\/et_pb_row][\/et_pb_section][et_pb_section admin_label=\u00bbsection\u00bb fullwidth=\u00bboff\u00bb specialty=\u00bboff\u00bb][et_pb_row admin_label=\u00bbrow\u00bb][et_pb_column type=\u00bb4_4&#8243;][et_pb_text admin_label=\u00bbTexto\u00bb background_layout=\u00bblight\u00bb text_orientation=\u00bbleft\u00bb]\r\n<h2>Organizaci\u00f3n de cocinas<\/h2>\r\n<p align=\"justify\">Un trabajo agradable en la cocina tiene que ver mucho con una perfecta organizaci\u00f3n, ya que \u00e9sta facilita el quehacer diario en la cocina, procura orden y facilita la visi\u00f3n general. Y porque sabemos que las exigencias y los requerimientos var\u00edan en gran medida. Usted\u00a0encontrar\u00e1 una amplia selecci\u00f3n de estos pr\u00e1cticos \u201cutensilios de cocina\u201d en nuestro sistema de m\u00f3dulos de cocina. Podr\u00e1\u00a0elegir a su gusto, ya sean elementos de cajones de equipamiento individual, sistemas ecol\u00f3gicos de separaci\u00f3n de la basura, soluciones de rinc\u00f3n que requieren poco espacio o inteligentes organizaciones de almacena miento.<\/p>\r\n[\/et_pb_text][et_pb_gallery admin_label=\u00bbGaler\u00eda\u00bb gallery_ids=\u00bb2076,2078,2080,1764,1766,2034,1768,2086,1810,2082,1772,2026,1778,1780,1782,1784,1788,1800,1802,1770,1806,1808,1812,2084,2088,2092,2090,1818,1822,1824,1826,1828,1840,1842,1844,1846,1848,1854,1860,1862,1864,1866,1868,1870,2028,2032,2036,2038,2042,2044,2046,2048,2052,1834,2040,2050,2056,1830,2058,2054,1978,1836,1832,2060,2062,2064,2066,2068,2070,2072,2074&#8243; fullwidth=\u00bboff\u00bb posts_number=\u00bb8&#8243; show_title_and_caption=\u00bboff\u00bb show_pagination=\u00bbon\u00bb background_layout=\u00bblight\u00bb orientation=\u00bblandscape\u00bb auto=\u00bboff\u00bb hover_overlay_color=\u00bbrgba(255,255,255,0.9)\u00bb use_border_color=\u00bboff\u00bb border_color=\u00bb#ffffff\u00bb border_style=\u00bbsolid\u00bb saved_tabs=\u00bball\u00bb] [\/et_pb_gallery][\/et_pb_column][\/et_pb_row][\/et_pb_section]\n","protected":false},"excerpt":{"rendered":"","protected":false},"author":1,"featured_media":0,"parent":0,"menu_order":100,"comment_status":"closed","ping_status":"closed","template":"","meta":{"footnotes":""},"class_list":["post-2353","page","type-page","status-publish","hentry"],"yoast_head":"<!-- This site is optimized with the Yoast SEO plugin v27.3 - https:\/\/yoast.com\/product\/yoast-seo-wordpress\/ -->\n<title>Tienda de cocinas en Tenerife Norte - 123 Cocinas<\/title>\n<meta name=\"description\" content=\"Nuestras cocinas son el resultado de la experiencia cosechada durante d\u00e9cadas y de probados sistemas. Ofrecemos cocinas de NOBILLIA, hecho en Alemania!\" \/>\n<meta name=\"robots\" content=\"index, follow, max-snippet:-1, max-image-preview:large, max-video-preview:-1\" \/>\n<link rel=\"canonical\" href=\"https:\/\/cocinas-tenerife.com\/es\/accesorios\/\" \/>\n<meta property=\"og:locale\" content=\"es_ES\" \/>\n<meta property=\"og:type\" content=\"article\" \/>\n<meta property=\"og:title\" content=\"Tienda de cocinas en Tenerife Norte - 123 Cocinas\" \/>\n<meta property=\"og:description\" content=\"Nuestras cocinas son el resultado de la experiencia cosechada durante d\u00e9cadas y de probados sistemas. Ofrecemos cocinas de NOBILLIA, hecho en Alemania!\" \/>\n<meta property=\"og:url\" content=\"https:\/\/cocinas-tenerife.com\/es\/accesorios\/\" \/>\n<meta property=\"og:site_name\" content=\"123 Cocinas, Puerto de la Cruz, Tenerife\" \/>\n<meta name=\"twitter:card\" content=\"summary_large_image\" \/>\n<meta name=\"twitter:label1\" content=\"Tiempo de lectura\" \/>\n\t<meta name=\"twitter:data1\" content=\"3 minutos\" \/>\n<script type=\"application\/ld+json\" class=\"yoast-schema-graph\">{\"@context\":\"https:\\\/\\\/schema.org\",\"@graph\":[{\"@type\":\"WebPage\",\"@id\":\"https:\\\/\\\/cocinas-tenerife.com\\\/es\\\/accesorios\\\/\",\"url\":\"https:\\\/\\\/cocinas-tenerife.com\\\/es\\\/accesorios\\\/\",\"name\":\"Tienda de cocinas en Tenerife Norte - 123 Cocinas\",\"isPartOf\":{\"@id\":\"https:\\\/\\\/cocinas-tenerife.com\\\/es\\\/#website\"},\"datePublished\":\"2019-10-03T17:06:28+00:00\",\"description\":\"Nuestras cocinas son el resultado de la experiencia cosechada durante d\u00e9cadas y de probados sistemas. Ofrecemos cocinas de NOBILLIA, hecho en Alemania!\",\"breadcrumb\":{\"@id\":\"https:\\\/\\\/cocinas-tenerife.com\\\/es\\\/accesorios\\\/#breadcrumb\"},\"inLanguage\":\"es\",\"potentialAction\":[{\"@type\":\"ReadAction\",\"target\":[\"https:\\\/\\\/cocinas-tenerife.com\\\/es\\\/accesorios\\\/\"]}]},{\"@type\":\"BreadcrumbList\",\"@id\":\"https:\\\/\\\/cocinas-tenerife.com\\\/es\\\/accesorios\\\/#breadcrumb\",\"itemListElement\":[{\"@type\":\"ListItem\",\"position\":1,\"name\":\"Portada\",\"item\":\"https:\\\/\\\/cocinas-tenerife.com\\\/es\\\/\"},{\"@type\":\"ListItem\",\"position\":2,\"name\":\"Accesorios\"}]},{\"@type\":\"WebSite\",\"@id\":\"https:\\\/\\\/cocinas-tenerife.com\\\/es\\\/#website\",\"url\":\"https:\\\/\\\/cocinas-tenerife.com\\\/es\\\/\",\"name\":\"123-Cocinas\",\"description\":\"Ihr K\u00fcchen-Spezialist in Puerto de la Cruz\",\"publisher\":{\"@id\":\"https:\\\/\\\/cocinas-tenerife.com\\\/es\\\/#organization\"},\"potentialAction\":[{\"@type\":\"SearchAction\",\"target\":{\"@type\":\"EntryPoint\",\"urlTemplate\":\"https:\\\/\\\/cocinas-tenerife.com\\\/es\\\/?s={search_term_string}\"},\"query-input\":{\"@type\":\"PropertyValueSpecification\",\"valueRequired\":true,\"valueName\":\"search_term_string\"}}],\"inLanguage\":\"es\"},{\"@type\":\"Organization\",\"@id\":\"https:\\\/\\\/cocinas-tenerife.com\\\/es\\\/#organization\",\"name\":\"1 2 3 Cocinas\",\"url\":\"https:\\\/\\\/cocinas-tenerife.com\\\/es\\\/\",\"logo\":{\"@type\":\"ImageObject\",\"inLanguage\":\"es\",\"@id\":\"https:\\\/\\\/cocinas-tenerife.com\\\/es\\\/#\\\/schema\\\/logo\\\/image\\\/\",\"url\":\"https:\\\/\\\/cocinas-tenerife.com\\\/wp-content\\\/uploads\\\/2015\\\/02\\\/Logo-123cocinas-hoch-1024x533.jpg\",\"contentUrl\":\"https:\\\/\\\/cocinas-tenerife.com\\\/wp-content\\\/uploads\\\/2015\\\/02\\\/Logo-123cocinas-hoch-1024x533.jpg\",\"width\":1024,\"height\":533,\"caption\":\"1 2 3 Cocinas\"},\"image\":{\"@id\":\"https:\\\/\\\/cocinas-tenerife.com\\\/es\\\/#\\\/schema\\\/logo\\\/image\\\/\"}}]}<\/script>\n<!-- \/ Yoast SEO plugin. -->","yoast_head_json":{"title":"Tienda de cocinas en Tenerife Norte - 123 Cocinas","description":"Nuestras cocinas son el resultado de la experiencia cosechada durante d\u00e9cadas y de probados sistemas. Ofrecemos cocinas de NOBILLIA, hecho en Alemania!","robots":{"index":"index","follow":"follow","max-snippet":"max-snippet:-1","max-image-preview":"max-image-preview:large","max-video-preview":"max-video-preview:-1"},"canonical":"https:\/\/cocinas-tenerife.com\/es\/accesorios\/","og_locale":"es_ES","og_type":"article","og_title":"Tienda de cocinas en Tenerife Norte - 123 Cocinas","og_description":"Nuestras cocinas son el resultado de la experiencia cosechada durante d\u00e9cadas y de probados sistemas. Ofrecemos cocinas de NOBILLIA, hecho en Alemania!","og_url":"https:\/\/cocinas-tenerife.com\/es\/accesorios\/","og_site_name":"123 Cocinas, Puerto de la Cruz, Tenerife","twitter_card":"summary_large_image","twitter_misc":{"Tiempo de lectura":"3 minutos"},"schema":{"@context":"https:\/\/schema.org","@graph":[{"@type":"WebPage","@id":"https:\/\/cocinas-tenerife.com\/es\/accesorios\/","url":"https:\/\/cocinas-tenerife.com\/es\/accesorios\/","name":"Tienda de cocinas en Tenerife Norte - 123 Cocinas","isPartOf":{"@id":"https:\/\/cocinas-tenerife.com\/es\/#website"},"datePublished":"2019-10-03T17:06:28+00:00","description":"Nuestras cocinas son el resultado de la experiencia cosechada durante d\u00e9cadas y de probados sistemas. Ofrecemos cocinas de NOBILLIA, hecho en Alemania!","breadcrumb":{"@id":"https:\/\/cocinas-tenerife.com\/es\/accesorios\/#breadcrumb"},"inLanguage":"es","potentialAction":[{"@type":"ReadAction","target":["https:\/\/cocinas-tenerife.com\/es\/accesorios\/"]}]},{"@type":"BreadcrumbList","@id":"https:\/\/cocinas-tenerife.com\/es\/accesorios\/#breadcrumb","itemListElement":[{"@type":"ListItem","position":1,"name":"Portada","item":"https:\/\/cocinas-tenerife.com\/es\/"},{"@type":"ListItem","position":2,"name":"Accesorios"}]},{"@type":"WebSite","@id":"https:\/\/cocinas-tenerife.com\/es\/#website","url":"https:\/\/cocinas-tenerife.com\/es\/","name":"123-Cocinas","description":"Ihr K\u00fcchen-Spezialist in Puerto de la Cruz","publisher":{"@id":"https:\/\/cocinas-tenerife.com\/es\/#organization"},"potentialAction":[{"@type":"SearchAction","target":{"@type":"EntryPoint","urlTemplate":"https:\/\/cocinas-tenerife.com\/es\/?s={search_term_string}"},"query-input":{"@type":"PropertyValueSpecification","valueRequired":true,"valueName":"search_term_string"}}],"inLanguage":"es"},{"@type":"Organization","@id":"https:\/\/cocinas-tenerife.com\/es\/#organization","name":"1 2 3 Cocinas","url":"https:\/\/cocinas-tenerife.com\/es\/","logo":{"@type":"ImageObject","inLanguage":"es","@id":"https:\/\/cocinas-tenerife.com\/es\/#\/schema\/logo\/image\/","url":"https:\/\/cocinas-tenerife.com\/wp-content\/uploads\/2015\/02\/Logo-123cocinas-hoch-1024x533.jpg","contentUrl":"https:\/\/cocinas-tenerife.com\/wp-content\/uploads\/2015\/02\/Logo-123cocinas-hoch-1024x533.jpg","width":1024,"height":533,"caption":"1 2 3 Cocinas"},"image":{"@id":"https:\/\/cocinas-tenerife.com\/es\/#\/schema\/logo\/image\/"}}]}},"_links":{"self":[{"href":"https:\/\/cocinas-tenerife.com\/es\/wp-json\/wp\/v2\/pages\/2353","targetHints":{"allow":["GET"]}}],"collection":[{"href":"https:\/\/cocinas-tenerife.com\/es\/wp-json\/wp\/v2\/pages"}],"about":[{"href":"https:\/\/cocinas-tenerife.com\/es\/wp-json\/wp\/v2\/types\/page"}],"author":[{"embeddable":true,"href":"https:\/\/cocinas-tenerife.com\/es\/wp-json\/wp\/v2\/users\/1"}],"replies":[{"embeddable":true,"href":"https:\/\/cocinas-tenerife.com\/es\/wp-json\/wp\/v2\/comments?post=2353"}],"version-history":[{"count":2,"href":"https:\/\/cocinas-tenerife.com\/es\/wp-json\/wp\/v2\/pages\/2353\/revisions"}],"predecessor-version":[{"id":2355,"href":"https:\/\/cocinas-tenerife.com\/es\/wp-json\/wp\/v2\/pages\/2353\/revisions\/2355"}],"wp:attachment":[{"href":"https:\/\/cocinas-tenerife.com\/es\/wp-json\/wp\/v2\/media?parent=2353"}],"curies":[{"name":"wp","href":"https:\/\/api.w.org\/{rel}","templated":true}]}}