{"id":2324,"date":"2019-10-03T16:08:00","date_gmt":"2019-10-03T16:08:00","guid":{"rendered":"https:\/\/cocinas-tenerife.com\/line-n\/"},"modified":"2020-11-02T13:24:15","modified_gmt":"2020-11-02T13:24:15","slug":"line-n","status":"publish","type":"page","link":"https:\/\/cocinas-tenerife.com\/es\/line-n\/","title":{"rendered":"Line N"},"content":{"rendered":"\t\t<div data-elementor-type=\"wp-page\" data-elementor-id=\"2324\" class=\"elementor elementor-2324 elementor-559\" data-elementor-post-type=\"page\">\n\t\t\t\t\t\t<section class=\"elementor-section elementor-top-section elementor-element elementor-element-7875a00 elementor-section-full_width elementor-section-height-default elementor-section-height-default\" data-id=\"7875a00\" data-element_type=\"section\" data-e-type=\"section\">\n\t\t\t\t\t\t<div class=\"elementor-container elementor-column-gap-default\">\n\t\t\t\t\t<div class=\"elementor-column elementor-col-100 elementor-top-column elementor-element elementor-element-34faa43\" data-id=\"34faa43\" data-element_type=\"column\" data-e-type=\"column\">\n\t\t\t<div class=\"elementor-widget-wrap elementor-element-populated\">\n\t\t\t\t\t\t<div class=\"elementor-element elementor-element-8d52eef elementor-widget elementor-widget-image\" data-id=\"8d52eef\" data-element_type=\"widget\" data-e-type=\"widget\" data-widget_type=\"image.default\">\n\t\t\t\t<div class=\"elementor-widget-container\">\n\t\t\t\t\t\t\t\t\t\t\t\t\t\t\t<img fetchpriority=\"high\" decoding=\"async\" width=\"2702\" height=\"762\" src=\"https:\/\/cocinas-tenerife.com\/wp-content\/uploads\/2020\/05\/design-kuechen-s141_structura400_m_15281.jpg\" class=\"attachment-full size-full wp-image-3606\" alt=\"Design K\u00fcchen bei Cocinas Tenerife, Puerto de la Cruz\" srcset=\"https:\/\/cocinas-tenerife.com\/wp-content\/uploads\/2020\/05\/design-kuechen-s141_structura400_m_15281.jpg 2702w, https:\/\/cocinas-tenerife.com\/wp-content\/uploads\/2020\/05\/design-kuechen-s141_structura400_m_15281-300x85.jpg 300w, https:\/\/cocinas-tenerife.com\/wp-content\/uploads\/2020\/05\/design-kuechen-s141_structura400_m_15281-1024x289.jpg 1024w, https:\/\/cocinas-tenerife.com\/wp-content\/uploads\/2020\/05\/design-kuechen-s141_structura400_m_15281-768x217.jpg 768w, https:\/\/cocinas-tenerife.com\/wp-content\/uploads\/2020\/05\/design-kuechen-s141_structura400_m_15281-1536x433.jpg 1536w, https:\/\/cocinas-tenerife.com\/wp-content\/uploads\/2020\/05\/design-kuechen-s141_structura400_m_15281-2048x578.jpg 2048w, https:\/\/cocinas-tenerife.com\/wp-content\/uploads\/2020\/05\/design-kuechen-s141_structura400_m_15281-1080x305.jpg 1080w, https:\/\/cocinas-tenerife.com\/wp-content\/uploads\/2020\/05\/design-kuechen-s141_structura400_m_15281-1280x361.jpg 1280w, https:\/\/cocinas-tenerife.com\/wp-content\/uploads\/2020\/05\/design-kuechen-s141_structura400_m_15281-980x276.jpg 980w, https:\/\/cocinas-tenerife.com\/wp-content\/uploads\/2020\/05\/design-kuechen-s141_structura400_m_15281-480x135.jpg 480w\" sizes=\"(max-width: 2702px) 100vw, 2702px\" \/>\t\t\t\t\t\t\t\t\t\t\t\t\t\t\t<\/div>\n\t\t\t\t<\/div>\n\t\t\t\t\t<\/div>\n\t\t<\/div>\n\t\t\t\t\t<\/div>\n\t\t<\/section>\n\t\t\t\t<section class=\"elementor-section elementor-top-section elementor-element elementor-element-58ab9d9 elementor-section-boxed elementor-section-height-default elementor-section-height-default\" data-id=\"58ab9d9\" data-element_type=\"section\" data-e-type=\"section\">\n\t\t\t\t\t\t<div class=\"elementor-container elementor-column-gap-default\">\n\t\t\t\t\t<div class=\"elementor-column elementor-col-100 elementor-top-column elementor-element elementor-element-8160405\" data-id=\"8160405\" data-element_type=\"column\" data-e-type=\"column\">\n\t\t\t<div class=\"elementor-widget-wrap elementor-element-populated\">\n\t\t\t\t\t\t<div class=\"elementor-element elementor-element-16df7d9 elementor-widget elementor-widget-spacer\" data-id=\"16df7d9\" data-element_type=\"widget\" data-e-type=\"widget\" data-widget_type=\"spacer.default\">\n\t\t\t\t<div class=\"elementor-widget-container\">\n\t\t\t\t\t\t\t<div class=\"elementor-spacer\">\n\t\t\t<div class=\"elementor-spacer-inner\"><\/div>\n\t\t<\/div>\n\t\t\t\t\t\t<\/div>\n\t\t\t\t<\/div>\n\t\t\t\t<div class=\"elementor-element elementor-element-86ca600 elementor-widget elementor-widget-heading\" data-id=\"86ca600\" data-element_type=\"widget\" data-e-type=\"widget\" data-widget_type=\"heading.default\">\n\t\t\t\t<div class=\"elementor-widget-container\">\n\t\t\t\t\t<h1 class=\"elementor-heading-title elementor-size-default\">Cocinas sin tiradores<\/h1>\t\t\t\t<\/div>\n\t\t\t\t<\/div>\n\t\t\t\t<div class=\"elementor-element elementor-element-257eed6 elementor-widget elementor-widget-heading\" data-id=\"257eed6\" data-element_type=\"widget\" data-e-type=\"widget\" data-widget_type=\"heading.default\">\n\t\t\t\t<div class=\"elementor-widget-container\">\n\t\t\t\t\t<h2 class=\"elementor-heading-title elementor-size-default\">La cocina de la L\u00ednea N con manijas invisibles<\/h2>\t\t\t\t<\/div>\n\t\t\t\t<\/div>\n\t\t\t\t<div class=\"elementor-element elementor-element-c7628be elementor-widget elementor-widget-spacer\" data-id=\"c7628be\" data-element_type=\"widget\" data-e-type=\"widget\" data-widget_type=\"spacer.default\">\n\t\t\t\t<div class=\"elementor-widget-container\">\n\t\t\t\t\t\t\t<div class=\"elementor-spacer\">\n\t\t\t<div class=\"elementor-spacer-inner\"><\/div>\n\t\t<\/div>\n\t\t\t\t\t\t<\/div>\n\t\t\t\t<\/div>\n\t\t\t\t<div class=\"elementor-element elementor-element-24aa338 elementor-widget elementor-widget-text-editor\" data-id=\"24aa338\" data-element_type=\"widget\" data-e-type=\"widget\" data-widget_type=\"text-editor.default\">\n\t\t\t\t<div class=\"elementor-widget-container\">\n\t\t\t\t\t\t\t\t\t<p>Una cocina totalmente en l\u00ednea con su estilo de vida. A la moda, de alta calidad, innovadora y planificada hasta el m\u00e1s m\u00ednimo detalle y concentrada s\u00f3lo en lo esencial. Con su forma noble subraya el estilo de vida moderno de su propietario sin ser molesto. Insp\u00edrese en las formas suaves, las cocinas sin tiradores y las superficies lacadas de alta calidad.<\/p>\n<p>Cree m\u00e1s espacio omitiendo los tiradores y optando por manijas de aluminio integrados, disponibles en 8 colores diferentes.<\/p>\n<p>Para combinar con el dise\u00f1o de su cocina, tambi\u00e9n ofrecemos <a href=\"https:\/\/cocinas-tenerife.com\/es\/sala\/\">muebles de sal\u00f3n<\/a>, <a href=\"https:\/\/cocinas-tenerife.com\/es\/guardarropa\/\">sistemas de estanter\u00edas<\/a> y los \u00faltimos <a href=\"https:\/\/cocinas-tenerife.com\/es\/electrodomesticos-2\/\">electrodom\u00e9sticos<\/a>.<\/p>\n\t\t\t\t\t\t\t\t<\/div>\n\t\t\t\t<\/div>\n\t\t\t\t<div class=\"elementor-element elementor-element-51ca4b6 elementor-widget elementor-widget-spacer\" data-id=\"51ca4b6\" data-element_type=\"widget\" data-e-type=\"widget\" data-widget_type=\"spacer.default\">\n\t\t\t\t<div class=\"elementor-widget-container\">\n\t\t\t\t\t\t\t<div class=\"elementor-spacer\">\n\t\t\t<div class=\"elementor-spacer-inner\"><\/div>\n\t\t<\/div>\n\t\t\t\t\t\t<\/div>\n\t\t\t\t<\/div>\n\t\t\t\t\t<\/div>\n\t\t<\/div>\n\t\t\t\t\t<\/div>\n\t\t<\/section>\n\t\t\t\t<section class=\"elementor-section elementor-top-section elementor-element elementor-element-ed2d36d elementor-section-boxed elementor-section-height-default elementor-section-height-default\" data-id=\"ed2d36d\" data-element_type=\"section\" data-e-type=\"section\">\n\t\t\t\t\t\t<div class=\"elementor-container elementor-column-gap-default\">\n\t\t\t\t\t<div class=\"elementor-column elementor-col-100 elementor-top-column elementor-element elementor-element-d0f64fb\" data-id=\"d0f64fb\" data-element_type=\"column\" data-e-type=\"column\">\n\t\t\t<div class=\"elementor-widget-wrap elementor-element-populated\">\n\t\t\t\t\t\t<div class=\"elementor-element elementor-element-9d1b734 elementor-widget elementor-widget-gallery\" data-id=\"9d1b734\" data-element_type=\"widget\" data-e-type=\"widget\" data-settings=\"{&quot;lazyload&quot;:&quot;yes&quot;,&quot;gallery_layout&quot;:&quot;grid&quot;,&quot;columns&quot;:4,&quot;columns_tablet&quot;:2,&quot;columns_mobile&quot;:1,&quot;gap&quot;:{&quot;unit&quot;:&quot;px&quot;,&quot;size&quot;:10,&quot;sizes&quot;:[]},&quot;gap_tablet&quot;:{&quot;unit&quot;:&quot;px&quot;,&quot;size&quot;:10,&quot;sizes&quot;:[]},&quot;gap_mobile&quot;:{&quot;unit&quot;:&quot;px&quot;,&quot;size&quot;:10,&quot;sizes&quot;:[]},&quot;link_to&quot;:&quot;file&quot;,&quot;aspect_ratio&quot;:&quot;3:2&quot;,&quot;overlay_background&quot;:&quot;yes&quot;,&quot;content_hover_animation&quot;:&quot;fade-in&quot;}\" data-widget_type=\"gallery.default\">\n\t\t\t\t<div class=\"elementor-widget-container\">\n\t\t\t\t\t\t\t<div class=\"elementor-gallery__container\">\n\t\t\t\t\t\t\t<a class=\"e-gallery-item elementor-gallery-item elementor-animated-content\" href=\"https:\/\/cocinas-tenerife.com\/wp-content\/uploads\/2020\/05\/892_riva.jpg\" data-elementor-open-lightbox=\"yes\" data-elementor-lightbox-slideshow=\"9d1b734\" data-e-action-hash=\"#elementor-action%3Aaction%3Dlightbox%26settings%3DeyJpZCI6MzU1MSwidXJsIjoiaHR0cHM6XC9cL2NvY2luYXMtdGVuZXJpZmUuY29tXC93cC1jb250ZW50XC91cGxvYWRzXC8yMDIwXC8wNVwvODkyX3JpdmEuanBnIiwic2xpZGVzaG93IjoiOWQxYjczNCJ9\">\n\t\t\t\t\t<div class=\"e-gallery-image elementor-gallery-item__image\" data-thumbnail=\"https:\/\/cocinas-tenerife.com\/wp-content\/uploads\/2020\/05\/892_riva-768x366.jpg\" data-width=\"768\" data-height=\"366\" aria-label=\"Line N - Moderne K\u00fcche bei 1-2-3 K\u00fcchen, Puerto de la Cruz, Teneriffa\" role=\"img\" ><\/div>\n\t\t\t\t\t\t\t\t\t\t\t<div class=\"elementor-gallery-item__overlay\"><\/div>\n\t\t\t\t\t\t\t\t\t\t\t\t\t\t<\/a>\n\t\t\t\t\t\t\t<a class=\"e-gallery-item elementor-gallery-item elementor-animated-content\" href=\"https:\/\/cocinas-tenerife.com\/wp-content\/uploads\/2020\/05\/887_riva.jpg\" data-elementor-open-lightbox=\"yes\" data-elementor-lightbox-slideshow=\"9d1b734\" data-e-action-hash=\"#elementor-action%3Aaction%3Dlightbox%26settings%3DeyJpZCI6MzU0OCwidXJsIjoiaHR0cHM6XC9cL2NvY2luYXMtdGVuZXJpZmUuY29tXC93cC1jb250ZW50XC91cGxvYWRzXC8yMDIwXC8wNVwvODg3X3JpdmEuanBnIiwic2xpZGVzaG93IjoiOWQxYjczNCJ9\">\n\t\t\t\t\t<div class=\"e-gallery-image elementor-gallery-item__image\" data-thumbnail=\"https:\/\/cocinas-tenerife.com\/wp-content\/uploads\/2020\/05\/887_riva-768x366.jpg\" data-width=\"768\" data-height=\"366\" aria-label=\"Line N - Moderne K\u00fcche bei 1-2-3 K\u00fcchen, Puerto de la Cruz, Teneriffa\" role=\"img\" ><\/div>\n\t\t\t\t\t\t\t\t\t\t\t<div class=\"elementor-gallery-item__overlay\"><\/div>\n\t\t\t\t\t\t\t\t\t\t\t\t\t\t<\/a>\n\t\t\t\t\t\t\t<a class=\"e-gallery-item elementor-gallery-item elementor-animated-content\" href=\"https:\/\/cocinas-tenerife.com\/wp-content\/uploads\/2020\/05\/819_lux.jpg\" data-elementor-open-lightbox=\"yes\" data-elementor-lightbox-slideshow=\"9d1b734\" data-e-action-hash=\"#elementor-action%3Aaction%3Dlightbox%26settings%3DeyJpZCI6MzU0NSwidXJsIjoiaHR0cHM6XC9cL2NvY2luYXMtdGVuZXJpZmUuY29tXC93cC1jb250ZW50XC91cGxvYWRzXC8yMDIwXC8wNVwvODE5X2x1eC5qcGciLCJzbGlkZXNob3ciOiI5ZDFiNzM0In0%3D\">\n\t\t\t\t\t<div class=\"e-gallery-image elementor-gallery-item__image\" data-thumbnail=\"https:\/\/cocinas-tenerife.com\/wp-content\/uploads\/2020\/05\/819_lux-768x366.jpg\" data-width=\"768\" data-height=\"366\" aria-label=\"Line N - Moderne K\u00fcche bei 1-2-3 K\u00fcchen, Puerto de la Cruz, Teneriffa\" role=\"img\" ><\/div>\n\t\t\t\t\t\t\t\t\t\t\t<div class=\"elementor-gallery-item__overlay\"><\/div>\n\t\t\t\t\t\t\t\t\t\t\t\t\t\t<\/a>\n\t\t\t\t\t\t\t<a class=\"e-gallery-item elementor-gallery-item elementor-animated-content\" href=\"https:\/\/cocinas-tenerife.com\/wp-content\/uploads\/2020\/05\/803_cemento.jpg\" data-elementor-open-lightbox=\"yes\" data-elementor-lightbox-slideshow=\"9d1b734\" data-e-action-hash=\"#elementor-action%3Aaction%3Dlightbox%26settings%3DeyJpZCI6MzU0MiwidXJsIjoiaHR0cHM6XC9cL2NvY2luYXMtdGVuZXJpZmUuY29tXC93cC1jb250ZW50XC91cGxvYWRzXC8yMDIwXC8wNVwvODAzX2NlbWVudG8uanBnIiwic2xpZGVzaG93IjoiOWQxYjczNCJ9\">\n\t\t\t\t\t<div class=\"e-gallery-image elementor-gallery-item__image\" data-thumbnail=\"https:\/\/cocinas-tenerife.com\/wp-content\/uploads\/2020\/05\/803_cemento-768x366.jpg\" data-width=\"768\" data-height=\"366\" aria-label=\"Line N - Moderne K\u00fcche bei 1-2-3 K\u00fcchen, Puerto de la Cruz, Teneriffa\" role=\"img\" ><\/div>\n\t\t\t\t\t\t\t\t\t\t\t<div class=\"elementor-gallery-item__overlay\"><\/div>\n\t\t\t\t\t\t\t\t\t\t\t\t\t\t<\/a>\n\t\t\t\t\t\t\t<a class=\"e-gallery-item elementor-gallery-item elementor-animated-content\" href=\"https:\/\/cocinas-tenerife.com\/wp-content\/uploads\/2020\/05\/551_inline.jpg\" data-elementor-open-lightbox=\"yes\" data-elementor-lightbox-slideshow=\"9d1b734\" data-e-action-hash=\"#elementor-action%3Aaction%3Dlightbox%26settings%3DeyJpZCI6MzUzOSwidXJsIjoiaHR0cHM6XC9cL2NvY2luYXMtdGVuZXJpZmUuY29tXC93cC1jb250ZW50XC91cGxvYWRzXC8yMDIwXC8wNVwvNTUxX2lubGluZS5qcGciLCJzbGlkZXNob3ciOiI5ZDFiNzM0In0%3D\">\n\t\t\t\t\t<div class=\"e-gallery-image elementor-gallery-item__image\" data-thumbnail=\"https:\/\/cocinas-tenerife.com\/wp-content\/uploads\/2020\/05\/551_inline-768x366.jpg\" data-width=\"768\" data-height=\"366\" aria-label=\"Line N - Moderne K\u00fcche bei 1-2-3 K\u00fcchen, Puerto de la Cruz, Teneriffa\" role=\"img\" ><\/div>\n\t\t\t\t\t\t\t\t\t\t\t<div class=\"elementor-gallery-item__overlay\"><\/div>\n\t\t\t\t\t\t\t\t\t\t\t\t\t\t<\/a>\n\t\t\t\t\t\t\t<a class=\"e-gallery-item elementor-gallery-item elementor-animated-content\" href=\"https:\/\/cocinas-tenerife.com\/wp-content\/uploads\/2020\/05\/340_touch.jpg\" data-elementor-open-lightbox=\"yes\" data-elementor-lightbox-slideshow=\"9d1b734\" data-e-action-hash=\"#elementor-action%3Aaction%3Dlightbox%26settings%3DeyJpZCI6MzUzNiwidXJsIjoiaHR0cHM6XC9cL2NvY2luYXMtdGVuZXJpZmUuY29tXC93cC1jb250ZW50XC91cGxvYWRzXC8yMDIwXC8wNVwvMzQwX3RvdWNoLmpwZyIsInNsaWRlc2hvdyI6IjlkMWI3MzQifQ%3D%3D\">\n\t\t\t\t\t<div class=\"e-gallery-image elementor-gallery-item__image\" data-thumbnail=\"https:\/\/cocinas-tenerife.com\/wp-content\/uploads\/2020\/05\/340_touch-768x366.jpg\" data-width=\"768\" data-height=\"366\" aria-label=\"Line N - Moderne K\u00fcche bei 1-2-3 K\u00fcchen, Puerto de la Cruz, Teneriffa\" role=\"img\" ><\/div>\n\t\t\t\t\t\t\t\t\t\t\t<div class=\"elementor-gallery-item__overlay\"><\/div>\n\t\t\t\t\t\t\t\t\t\t\t\t\t\t<\/a>\n\t\t\t\t\t\t\t<a class=\"e-gallery-item elementor-gallery-item elementor-animated-content\" href=\"https:\/\/cocinas-tenerife.com\/wp-content\/uploads\/2020\/05\/304_stoneart.jpg\" data-elementor-open-lightbox=\"yes\" data-elementor-lightbox-slideshow=\"9d1b734\" data-e-action-hash=\"#elementor-action%3Aaction%3Dlightbox%26settings%3DeyJpZCI6MzUzMywidXJsIjoiaHR0cHM6XC9cL2NvY2luYXMtdGVuZXJpZmUuY29tXC93cC1jb250ZW50XC91cGxvYWRzXC8yMDIwXC8wNVwvMzA0X3N0b25lYXJ0LmpwZyIsInNsaWRlc2hvdyI6IjlkMWI3MzQifQ%3D%3D\">\n\t\t\t\t\t<div class=\"e-gallery-image elementor-gallery-item__image\" data-thumbnail=\"https:\/\/cocinas-tenerife.com\/wp-content\/uploads\/2020\/05\/304_stoneart-768x366.jpg\" data-width=\"768\" data-height=\"366\" aria-label=\"Line N - Moderne K\u00fcche bei 1-2-3 K\u00fcchen, Puerto de la Cruz, Teneriffa\" role=\"img\" ><\/div>\n\t\t\t\t\t\t\t\t\t\t\t<div class=\"elementor-gallery-item__overlay\"><\/div>\n\t\t\t\t\t\t\t\t\t\t\t\t\t\t<\/a>\n\t\t\t\t\t\t\t<a class=\"e-gallery-item elementor-gallery-item elementor-animated-content\" href=\"https:\/\/cocinas-tenerife.com\/wp-content\/uploads\/2020\/05\/216_inox.jpg\" data-elementor-open-lightbox=\"yes\" data-elementor-lightbox-slideshow=\"9d1b734\" data-e-action-hash=\"#elementor-action%3Aaction%3Dlightbox%26settings%3DeyJpZCI6MzUzMCwidXJsIjoiaHR0cHM6XC9cL2NvY2luYXMtdGVuZXJpZmUuY29tXC93cC1jb250ZW50XC91cGxvYWRzXC8yMDIwXC8wNVwvMjE2X2lub3guanBnIiwic2xpZGVzaG93IjoiOWQxYjczNCJ9\">\n\t\t\t\t\t<div class=\"e-gallery-image elementor-gallery-item__image\" data-thumbnail=\"https:\/\/cocinas-tenerife.com\/wp-content\/uploads\/2020\/05\/216_inox-768x366.jpg\" data-width=\"768\" data-height=\"366\" aria-label=\"Line N - Moderne K\u00fcche bei 1-2-3 K\u00fcchen, Puerto de la Cruz, Teneriffa\" role=\"img\" ><\/div>\n\t\t\t\t\t\t\t\t\t\t\t<div class=\"elementor-gallery-item__overlay\"><\/div>\n\t\t\t\t\t\t\t\t\t\t\t\t\t\t<\/a>\n\t\t\t\t\t<\/div>\n\t\t\t\t\t<\/div>\n\t\t\t\t<\/div>\n\t\t\t\t<div class=\"elementor-element elementor-element-727f641 elementor-widget elementor-widget-spacer\" data-id=\"727f641\" data-element_type=\"widget\" data-e-type=\"widget\" data-widget_type=\"spacer.default\">\n\t\t\t\t<div class=\"elementor-widget-container\">\n\t\t\t\t\t\t\t<div class=\"elementor-spacer\">\n\t\t\t<div class=\"elementor-spacer-inner\"><\/div>\n\t\t<\/div>\n\t\t\t\t\t\t<\/div>\n\t\t\t\t<\/div>\n\t\t\t\t\t<\/div>\n\t\t<\/div>\n\t\t\t\t\t<\/div>\n\t\t<\/section>\n\t\t\t\t<\/div>\n\t\t","protected":false},"excerpt":{"rendered":"<p>Cocinas sin tiradores La cocina de la L\u00ednea N con manijas invisibles Una cocina totalmente en l\u00ednea con su estilo de vida. A la moda, de alta calidad, innovadora y planificada hasta el m\u00e1s m\u00ednimo detalle y concentrada s\u00f3lo en lo esencial. Con su forma noble subraya el estilo de vida moderno de su propietario [&hellip;]<\/p>\n","protected":false},"author":1,"featured_media":0,"parent":0,"menu_order":91,"comment_status":"closed","ping_status":"closed","template":"","meta":{"footnotes":""},"class_list":["post-2324","page","type-page","status-publish","hentry"],"yoast_head":"<!-- This site is optimized with the Yoast SEO plugin v27.3 - https:\/\/yoast.com\/product\/yoast-seo-wordpress\/ -->\n<title>123 Cocinas: Su tienda de cocinas en Tenerife!<\/title>\n<meta name=\"description\" content=\"La Line N de Nobilia: Este dise\u00f1o moderno de cocinas dan sensaci\u00f3n de amplitud y una sofisticada sencillez. Frentes de laca de alta calidad o frentes mate.\" \/>\n<meta name=\"robots\" content=\"index, follow, max-snippet:-1, max-image-preview:large, max-video-preview:-1\" \/>\n<link rel=\"canonical\" href=\"https:\/\/cocinas-tenerife.com\/es\/line-n\/\" \/>\n<meta property=\"og:locale\" content=\"es_ES\" \/>\n<meta property=\"og:type\" content=\"article\" \/>\n<meta property=\"og:title\" content=\"123 Cocinas: Su tienda de cocinas en Tenerife!\" \/>\n<meta property=\"og:description\" content=\"La Line N de Nobilia: Este dise\u00f1o moderno de cocinas dan sensaci\u00f3n de amplitud y una sofisticada sencillez. Frentes de laca de alta calidad o frentes mate.\" \/>\n<meta property=\"og:url\" content=\"https:\/\/cocinas-tenerife.com\/es\/line-n\/\" \/>\n<meta property=\"og:site_name\" content=\"123 Cocinas, Puerto de la Cruz, Tenerife\" \/>\n<meta property=\"article:modified_time\" content=\"2020-11-02T13:24:15+00:00\" \/>\n<meta property=\"og:image\" content=\"https:\/\/cocinas-tenerife.com\/wp-content\/uploads\/2020\/05\/design-kuechen-s141_structura400_m_15281.jpg\" \/>\n<meta name=\"twitter:card\" content=\"summary_large_image\" \/>\n<meta name=\"twitter:label1\" content=\"Tiempo de lectura\" \/>\n\t<meta name=\"twitter:data1\" content=\"1 minuto\" \/>\n<script type=\"application\/ld+json\" class=\"yoast-schema-graph\">{\"@context\":\"https:\\\/\\\/schema.org\",\"@graph\":[{\"@type\":\"WebPage\",\"@id\":\"https:\\\/\\\/cocinas-tenerife.com\\\/es\\\/line-n\\\/\",\"url\":\"https:\\\/\\\/cocinas-tenerife.com\\\/es\\\/line-n\\\/\",\"name\":\"123 Cocinas: Su tienda de cocinas en Tenerife!\",\"isPartOf\":{\"@id\":\"https:\\\/\\\/cocinas-tenerife.com\\\/es\\\/#website\"},\"primaryImageOfPage\":{\"@id\":\"https:\\\/\\\/cocinas-tenerife.com\\\/es\\\/line-n\\\/#primaryimage\"},\"image\":{\"@id\":\"https:\\\/\\\/cocinas-tenerife.com\\\/es\\\/line-n\\\/#primaryimage\"},\"thumbnailUrl\":\"https:\\\/\\\/cocinas-tenerife.com\\\/wp-content\\\/uploads\\\/2020\\\/05\\\/design-kuechen-s141_structura400_m_15281.jpg\",\"datePublished\":\"2019-10-03T16:08:00+00:00\",\"dateModified\":\"2020-11-02T13:24:15+00:00\",\"description\":\"La Line N de Nobilia: Este dise\u00f1o moderno de cocinas dan sensaci\u00f3n de amplitud y una sofisticada sencillez. Frentes de laca de alta calidad o frentes mate.\",\"breadcrumb\":{\"@id\":\"https:\\\/\\\/cocinas-tenerife.com\\\/es\\\/line-n\\\/#breadcrumb\"},\"inLanguage\":\"es\",\"potentialAction\":[{\"@type\":\"ReadAction\",\"target\":[\"https:\\\/\\\/cocinas-tenerife.com\\\/es\\\/line-n\\\/\"]}]},{\"@type\":\"ImageObject\",\"inLanguage\":\"es\",\"@id\":\"https:\\\/\\\/cocinas-tenerife.com\\\/es\\\/line-n\\\/#primaryimage\",\"url\":\"https:\\\/\\\/cocinas-tenerife.com\\\/wp-content\\\/uploads\\\/2020\\\/05\\\/design-kuechen-s141_structura400_m_15281.jpg\",\"contentUrl\":\"https:\\\/\\\/cocinas-tenerife.com\\\/wp-content\\\/uploads\\\/2020\\\/05\\\/design-kuechen-s141_structura400_m_15281.jpg\"},{\"@type\":\"BreadcrumbList\",\"@id\":\"https:\\\/\\\/cocinas-tenerife.com\\\/es\\\/line-n\\\/#breadcrumb\",\"itemListElement\":[{\"@type\":\"ListItem\",\"position\":1,\"name\":\"Portada\",\"item\":\"https:\\\/\\\/cocinas-tenerife.com\\\/es\\\/\"},{\"@type\":\"ListItem\",\"position\":2,\"name\":\"Line N\"}]},{\"@type\":\"WebSite\",\"@id\":\"https:\\\/\\\/cocinas-tenerife.com\\\/es\\\/#website\",\"url\":\"https:\\\/\\\/cocinas-tenerife.com\\\/es\\\/\",\"name\":\"123-Cocinas\",\"description\":\"Ihr K\u00fcchen-Spezialist in Puerto de la Cruz\",\"publisher\":{\"@id\":\"https:\\\/\\\/cocinas-tenerife.com\\\/es\\\/#organization\"},\"potentialAction\":[{\"@type\":\"SearchAction\",\"target\":{\"@type\":\"EntryPoint\",\"urlTemplate\":\"https:\\\/\\\/cocinas-tenerife.com\\\/es\\\/?s={search_term_string}\"},\"query-input\":{\"@type\":\"PropertyValueSpecification\",\"valueRequired\":true,\"valueName\":\"search_term_string\"}}],\"inLanguage\":\"es\"},{\"@type\":\"Organization\",\"@id\":\"https:\\\/\\\/cocinas-tenerife.com\\\/es\\\/#organization\",\"name\":\"1 2 3 Cocinas\",\"url\":\"https:\\\/\\\/cocinas-tenerife.com\\\/es\\\/\",\"logo\":{\"@type\":\"ImageObject\",\"inLanguage\":\"es\",\"@id\":\"https:\\\/\\\/cocinas-tenerife.com\\\/es\\\/#\\\/schema\\\/logo\\\/image\\\/\",\"url\":\"https:\\\/\\\/cocinas-tenerife.com\\\/wp-content\\\/uploads\\\/2015\\\/02\\\/Logo-123cocinas-hoch-1024x533.jpg\",\"contentUrl\":\"https:\\\/\\\/cocinas-tenerife.com\\\/wp-content\\\/uploads\\\/2015\\\/02\\\/Logo-123cocinas-hoch-1024x533.jpg\",\"width\":1024,\"height\":533,\"caption\":\"1 2 3 Cocinas\"},\"image\":{\"@id\":\"https:\\\/\\\/cocinas-tenerife.com\\\/es\\\/#\\\/schema\\\/logo\\\/image\\\/\"}}]}<\/script>\n<!-- \/ Yoast SEO plugin. -->","yoast_head_json":{"title":"123 Cocinas: Su tienda de cocinas en Tenerife!","description":"La Line N de Nobilia: Este dise\u00f1o moderno de cocinas dan sensaci\u00f3n de amplitud y una sofisticada sencillez. Frentes de laca de alta calidad o frentes mate.","robots":{"index":"index","follow":"follow","max-snippet":"max-snippet:-1","max-image-preview":"max-image-preview:large","max-video-preview":"max-video-preview:-1"},"canonical":"https:\/\/cocinas-tenerife.com\/es\/line-n\/","og_locale":"es_ES","og_type":"article","og_title":"123 Cocinas: Su tienda de cocinas en Tenerife!","og_description":"La Line N de Nobilia: Este dise\u00f1o moderno de cocinas dan sensaci\u00f3n de amplitud y una sofisticada sencillez. Frentes de laca de alta calidad o frentes mate.","og_url":"https:\/\/cocinas-tenerife.com\/es\/line-n\/","og_site_name":"123 Cocinas, Puerto de la Cruz, Tenerife","article_modified_time":"2020-11-02T13:24:15+00:00","og_image":[{"url":"https:\/\/cocinas-tenerife.com\/wp-content\/uploads\/2020\/05\/design-kuechen-s141_structura400_m_15281.jpg","type":"","width":"","height":""}],"twitter_card":"summary_large_image","twitter_misc":{"Tiempo de lectura":"1 minuto"},"schema":{"@context":"https:\/\/schema.org","@graph":[{"@type":"WebPage","@id":"https:\/\/cocinas-tenerife.com\/es\/line-n\/","url":"https:\/\/cocinas-tenerife.com\/es\/line-n\/","name":"123 Cocinas: Su tienda de cocinas en Tenerife!","isPartOf":{"@id":"https:\/\/cocinas-tenerife.com\/es\/#website"},"primaryImageOfPage":{"@id":"https:\/\/cocinas-tenerife.com\/es\/line-n\/#primaryimage"},"image":{"@id":"https:\/\/cocinas-tenerife.com\/es\/line-n\/#primaryimage"},"thumbnailUrl":"https:\/\/cocinas-tenerife.com\/wp-content\/uploads\/2020\/05\/design-kuechen-s141_structura400_m_15281.jpg","datePublished":"2019-10-03T16:08:00+00:00","dateModified":"2020-11-02T13:24:15+00:00","description":"La Line N de Nobilia: Este dise\u00f1o moderno de cocinas dan sensaci\u00f3n de amplitud y una sofisticada sencillez. Frentes de laca de alta calidad o frentes mate.","breadcrumb":{"@id":"https:\/\/cocinas-tenerife.com\/es\/line-n\/#breadcrumb"},"inLanguage":"es","potentialAction":[{"@type":"ReadAction","target":["https:\/\/cocinas-tenerife.com\/es\/line-n\/"]}]},{"@type":"ImageObject","inLanguage":"es","@id":"https:\/\/cocinas-tenerife.com\/es\/line-n\/#primaryimage","url":"https:\/\/cocinas-tenerife.com\/wp-content\/uploads\/2020\/05\/design-kuechen-s141_structura400_m_15281.jpg","contentUrl":"https:\/\/cocinas-tenerife.com\/wp-content\/uploads\/2020\/05\/design-kuechen-s141_structura400_m_15281.jpg"},{"@type":"BreadcrumbList","@id":"https:\/\/cocinas-tenerife.com\/es\/line-n\/#breadcrumb","itemListElement":[{"@type":"ListItem","position":1,"name":"Portada","item":"https:\/\/cocinas-tenerife.com\/es\/"},{"@type":"ListItem","position":2,"name":"Line N"}]},{"@type":"WebSite","@id":"https:\/\/cocinas-tenerife.com\/es\/#website","url":"https:\/\/cocinas-tenerife.com\/es\/","name":"123-Cocinas","description":"Ihr K\u00fcchen-Spezialist in Puerto de la Cruz","publisher":{"@id":"https:\/\/cocinas-tenerife.com\/es\/#organization"},"potentialAction":[{"@type":"SearchAction","target":{"@type":"EntryPoint","urlTemplate":"https:\/\/cocinas-tenerife.com\/es\/?s={search_term_string}"},"query-input":{"@type":"PropertyValueSpecification","valueRequired":true,"valueName":"search_term_string"}}],"inLanguage":"es"},{"@type":"Organization","@id":"https:\/\/cocinas-tenerife.com\/es\/#organization","name":"1 2 3 Cocinas","url":"https:\/\/cocinas-tenerife.com\/es\/","logo":{"@type":"ImageObject","inLanguage":"es","@id":"https:\/\/cocinas-tenerife.com\/es\/#\/schema\/logo\/image\/","url":"https:\/\/cocinas-tenerife.com\/wp-content\/uploads\/2015\/02\/Logo-123cocinas-hoch-1024x533.jpg","contentUrl":"https:\/\/cocinas-tenerife.com\/wp-content\/uploads\/2015\/02\/Logo-123cocinas-hoch-1024x533.jpg","width":1024,"height":533,"caption":"1 2 3 Cocinas"},"image":{"@id":"https:\/\/cocinas-tenerife.com\/es\/#\/schema\/logo\/image\/"}}]}},"_links":{"self":[{"href":"https:\/\/cocinas-tenerife.com\/es\/wp-json\/wp\/v2\/pages\/2324","targetHints":{"allow":["GET"]}}],"collection":[{"href":"https:\/\/cocinas-tenerife.com\/es\/wp-json\/wp\/v2\/pages"}],"about":[{"href":"https:\/\/cocinas-tenerife.com\/es\/wp-json\/wp\/v2\/types\/page"}],"author":[{"embeddable":true,"href":"https:\/\/cocinas-tenerife.com\/es\/wp-json\/wp\/v2\/users\/1"}],"replies":[{"embeddable":true,"href":"https:\/\/cocinas-tenerife.com\/es\/wp-json\/wp\/v2\/comments?post=2324"}],"version-history":[{"count":5,"href":"https:\/\/cocinas-tenerife.com\/es\/wp-json\/wp\/v2\/pages\/2324\/revisions"}],"predecessor-version":[{"id":4090,"href":"https:\/\/cocinas-tenerife.com\/es\/wp-json\/wp\/v2\/pages\/2324\/revisions\/4090"}],"wp:attachment":[{"href":"https:\/\/cocinas-tenerife.com\/es\/wp-json\/wp\/v2\/media?parent=2324"}],"curies":[{"name":"wp","href":"https:\/\/api.w.org\/{rel}","templated":true}]}}