{"id":1651,"date":"2019-10-03T14:08:22","date_gmt":"2019-10-03T14:08:22","guid":{"rendered":"https:\/\/cocinas-tenerife.com\/muebles-de-bano\/"},"modified":"2020-10-28T12:29:12","modified_gmt":"2020-10-28T12:29:12","slug":"muebles-de-bano","status":"publish","type":"page","link":"https:\/\/cocinas-tenerife.com\/es\/muebles-de-bano\/","title":{"rendered":"Muebles de ba\u00f1o"},"content":{"rendered":"\t\t<div data-elementor-type=\"wp-page\" data-elementor-id=\"1651\" class=\"elementor elementor-1651 elementor-1610\" data-elementor-post-type=\"page\">\n\t\t\t\t\t\t<section class=\"elementor-section elementor-top-section elementor-element elementor-element-3c54f0d elementor-section-stretched elementor-section-full_width elementor-section-height-default elementor-section-height-default\" data-id=\"3c54f0d\" data-element_type=\"section\" data-e-type=\"section\" data-settings=\"{&quot;stretch_section&quot;:&quot;section-stretched&quot;}\">\n\t\t\t\t\t\t<div class=\"elementor-container elementor-column-gap-default\">\n\t\t\t\t\t<div class=\"elementor-column elementor-col-100 elementor-top-column elementor-element elementor-element-5f64af6\" data-id=\"5f64af6\" data-element_type=\"column\" data-e-type=\"column\">\n\t\t\t<div class=\"elementor-widget-wrap elementor-element-populated\">\n\t\t\t\t\t\t<div class=\"elementor-element elementor-element-7961ca3 elementor-widget elementor-widget-image\" data-id=\"7961ca3\" data-element_type=\"widget\" data-e-type=\"widget\" data-widget_type=\"image.default\">\n\t\t\t\t<div class=\"elementor-widget-container\">\n\t\t\t\t\t\t\t\t\t\t\t\t\t\t\t<img fetchpriority=\"high\" decoding=\"async\" width=\"2702\" height=\"762\" src=\"https:\/\/cocinas-tenerife.com\/wp-content\/uploads\/2019\/12\/badezimmer-0307_lux817_50493_19-1351x381-1.jpg\" class=\"attachment-full size-full wp-image-2708\" alt=\"Badm\u00f6bel - Moderne Badezimmer bei 1-2-3 K\u00fcchen, Puerto de la Cruz, Teneriffa\" srcset=\"https:\/\/cocinas-tenerife.com\/wp-content\/uploads\/2019\/12\/badezimmer-0307_lux817_50493_19-1351x381-1.jpg 2702w, https:\/\/cocinas-tenerife.com\/wp-content\/uploads\/2019\/12\/badezimmer-0307_lux817_50493_19-1351x381-1-300x85.jpg 300w, https:\/\/cocinas-tenerife.com\/wp-content\/uploads\/2019\/12\/badezimmer-0307_lux817_50493_19-1351x381-1-1024x289.jpg 1024w, https:\/\/cocinas-tenerife.com\/wp-content\/uploads\/2019\/12\/badezimmer-0307_lux817_50493_19-1351x381-1-768x217.jpg 768w, https:\/\/cocinas-tenerife.com\/wp-content\/uploads\/2019\/12\/badezimmer-0307_lux817_50493_19-1351x381-1-1536x433.jpg 1536w, https:\/\/cocinas-tenerife.com\/wp-content\/uploads\/2019\/12\/badezimmer-0307_lux817_50493_19-1351x381-1-2048x578.jpg 2048w, https:\/\/cocinas-tenerife.com\/wp-content\/uploads\/2019\/12\/badezimmer-0307_lux817_50493_19-1351x381-1-1080x305.jpg 1080w, https:\/\/cocinas-tenerife.com\/wp-content\/uploads\/2019\/12\/badezimmer-0307_lux817_50493_19-1351x381-1-1280x361.jpg 1280w, https:\/\/cocinas-tenerife.com\/wp-content\/uploads\/2019\/12\/badezimmer-0307_lux817_50493_19-1351x381-1-980x276.jpg 980w, https:\/\/cocinas-tenerife.com\/wp-content\/uploads\/2019\/12\/badezimmer-0307_lux817_50493_19-1351x381-1-480x135.jpg 480w\" sizes=\"(max-width: 2702px) 100vw, 2702px\" \/>\t\t\t\t\t\t\t\t\t\t\t\t\t\t\t<\/div>\n\t\t\t\t<\/div>\n\t\t\t\t\t<\/div>\n\t\t<\/div>\n\t\t\t\t\t<\/div>\n\t\t<\/section>\n\t\t\t\t<section class=\"elementor-section elementor-top-section elementor-element elementor-element-90f98eb elementor-section-boxed elementor-section-height-default elementor-section-height-default\" data-id=\"90f98eb\" data-element_type=\"section\" data-e-type=\"section\">\n\t\t\t\t\t\t<div class=\"elementor-container elementor-column-gap-default\">\n\t\t\t\t\t<div class=\"elementor-column elementor-col-100 elementor-top-column elementor-element elementor-element-8aea8ee\" data-id=\"8aea8ee\" data-element_type=\"column\" data-e-type=\"column\">\n\t\t\t<div class=\"elementor-widget-wrap elementor-element-populated\">\n\t\t\t\t\t\t<div class=\"elementor-element elementor-element-3ca95e3 elementor-widget elementor-widget-spacer\" data-id=\"3ca95e3\" data-element_type=\"widget\" data-e-type=\"widget\" data-widget_type=\"spacer.default\">\n\t\t\t\t<div class=\"elementor-widget-container\">\n\t\t\t\t\t\t\t<div class=\"elementor-spacer\">\n\t\t\t<div class=\"elementor-spacer-inner\"><\/div>\n\t\t<\/div>\n\t\t\t\t\t\t<\/div>\n\t\t\t\t<\/div>\n\t\t\t\t<div class=\"elementor-element elementor-element-ac8ef86 elementor-widget elementor-widget-heading\" data-id=\"ac8ef86\" data-element_type=\"widget\" data-e-type=\"widget\" data-widget_type=\"heading.default\">\n\t\t\t\t<div class=\"elementor-widget-container\">\n\t\t\t\t\t<h1 class=\"elementor-heading-title elementor-size-default\">Muebles de ba\u00f1o y dise\u00f1o de cuartos de ba\u00f1o<\/h1>\t\t\t\t<\/div>\n\t\t\t\t<\/div>\n\t\t\t\t<div class=\"elementor-element elementor-element-49c5a83 elementor-widget elementor-widget-heading\" data-id=\"49c5a83\" data-element_type=\"widget\" data-e-type=\"widget\" data-widget_type=\"heading.default\">\n\t\t\t\t<div class=\"elementor-widget-container\">\n\t\t\t\t\t<h2 class=\"elementor-heading-title elementor-size-default\">Refugio y oasis de bienestar en uno<\/h2>\t\t\t\t<\/div>\n\t\t\t\t<\/div>\n\t\t\t\t<div class=\"elementor-element elementor-element-a916864 elementor-widget elementor-widget-spacer\" data-id=\"a916864\" data-element_type=\"widget\" data-e-type=\"widget\" data-widget_type=\"spacer.default\">\n\t\t\t\t<div class=\"elementor-widget-container\">\n\t\t\t\t\t\t\t<div class=\"elementor-spacer\">\n\t\t\t<div class=\"elementor-spacer-inner\"><\/div>\n\t\t<\/div>\n\t\t\t\t\t\t<\/div>\n\t\t\t\t<\/div>\n\t\t\t\t<div class=\"elementor-element elementor-element-bf5810d elementor-widget elementor-widget-text-editor\" data-id=\"bf5810d\" data-element_type=\"widget\" data-e-type=\"widget\" data-widget_type=\"text-editor.default\">\n\t\t\t\t<div class=\"elementor-widget-container\">\n\t\t\t\t\t\t\t\t\t<p>Ya sea con aspecto de madera, hormig\u00f3n moderno o frentes de laca de alta calidad, insp\u00edrese en las tendencias actuales y cree su propio oasis de bienestar personal.<\/p>\n<p>Los muebles de ba\u00f1o de alta calidad en dise\u00f1os nobles y funcionales con superficies vers\u00e1tiles y los lavabos de cer\u00e1mica en diferentes versiones de la empresa <a href=\"https:\/\/www.systemceram.de\/\">Systemceram<\/a> ofrecen posibilidades de combinaci\u00f3n individuales para el gusto y las exigencias personales.<\/p>\n<p>Tenemos la soluci\u00f3n \u00f3ptima, independientemente de las condiciones espaciales, para que tu ba\u00f1o te invite a quedarte y relajarte. Incluso las habitaciones peque\u00f1as ofrecen muchas posibilidades y convertimos una habitaci\u00f3n funcional h\u00fameda en un templo de wellness<\/p>\n<p>Ponte en contacto con nosotros. <br \/>Tambi\u00e9n estaremos encantados de ayudarle a planificar su sala de estar o mostrarle c\u00f3mo crear sistemas de estanter\u00edas ordenadas<\/p>\n\t\t\t\t\t\t\t\t<\/div>\n\t\t\t\t<\/div>\n\t\t\t\t<div class=\"elementor-element elementor-element-f828976 elementor-widget elementor-widget-spacer\" data-id=\"f828976\" data-element_type=\"widget\" data-e-type=\"widget\" data-widget_type=\"spacer.default\">\n\t\t\t\t<div class=\"elementor-widget-container\">\n\t\t\t\t\t\t\t<div class=\"elementor-spacer\">\n\t\t\t<div class=\"elementor-spacer-inner\"><\/div>\n\t\t<\/div>\n\t\t\t\t\t\t<\/div>\n\t\t\t\t<\/div>\n\t\t\t\t<div class=\"elementor-element elementor-element-d8349da elementor-widget elementor-widget-gallery\" data-id=\"d8349da\" data-element_type=\"widget\" data-e-type=\"widget\" data-settings=\"{&quot;lazyload&quot;:&quot;yes&quot;,&quot;gallery_layout&quot;:&quot;grid&quot;,&quot;columns&quot;:4,&quot;columns_tablet&quot;:2,&quot;columns_mobile&quot;:1,&quot;gap&quot;:{&quot;unit&quot;:&quot;px&quot;,&quot;size&quot;:10,&quot;sizes&quot;:[]},&quot;gap_tablet&quot;:{&quot;unit&quot;:&quot;px&quot;,&quot;size&quot;:10,&quot;sizes&quot;:[]},&quot;gap_mobile&quot;:{&quot;unit&quot;:&quot;px&quot;,&quot;size&quot;:10,&quot;sizes&quot;:[]},&quot;link_to&quot;:&quot;file&quot;,&quot;aspect_ratio&quot;:&quot;3:2&quot;,&quot;overlay_background&quot;:&quot;yes&quot;,&quot;content_hover_animation&quot;:&quot;fade-in&quot;}\" data-widget_type=\"gallery.default\">\n\t\t\t\t<div class=\"elementor-widget-container\">\n\t\t\t\t\t\t\t<div class=\"elementor-gallery__container\">\n\t\t\t\t\t\t\t<a class=\"e-gallery-item elementor-gallery-item elementor-animated-content\" href=\"https:\/\/cocinas-tenerife.com\/wp-content\/uploads\/2020\/04\/badmoebel-bad_cascada774.jpg\" data-elementor-open-lightbox=\"yes\" data-elementor-lightbox-slideshow=\"d8349da\" data-e-action-hash=\"#elementor-action%3Aaction%3Dlightbox%26settings%3DeyJpZCI6MzM3NiwidXJsIjoiaHR0cHM6XC9cL2NvY2luYXMtdGVuZXJpZmUuY29tXC93cC1jb250ZW50XC91cGxvYWRzXC8yMDIwXC8wNFwvYmFkbW9lYmVsLWJhZF9jYXNjYWRhNzc0LmpwZyIsInNsaWRlc2hvdyI6ImQ4MzQ5ZGEifQ%3D%3D\">\n\t\t\t\t\t<div class=\"e-gallery-image elementor-gallery-item__image\" data-thumbnail=\"https:\/\/cocinas-tenerife.com\/wp-content\/uploads\/2020\/04\/badmoebel-bad_cascada774-768x443.jpg\" data-width=\"768\" data-height=\"443\" aria-label=\"Badm\u00f6bel - Moderne Badezimmer bei 1-2-3 K\u00fcchen, Puerto de la Cruz, Teneriffa\" role=\"img\" ><\/div>\n\t\t\t\t\t\t\t\t\t\t\t<div class=\"elementor-gallery-item__overlay\"><\/div>\n\t\t\t\t\t\t\t\t\t\t\t\t\t\t<\/a>\n\t\t\t\t\t\t\t<a class=\"e-gallery-item elementor-gallery-item elementor-animated-content\" href=\"https:\/\/cocinas-tenerife.com\/wp-content\/uploads\/2020\/04\/badmoebel-bad_cemento803_zementoptik_nobilia.jpg\" data-elementor-open-lightbox=\"yes\" data-elementor-lightbox-slideshow=\"d8349da\" data-e-action-hash=\"#elementor-action%3Aaction%3Dlightbox%26settings%3DeyJpZCI6MzM3OSwidXJsIjoiaHR0cHM6XC9cL2NvY2luYXMtdGVuZXJpZmUuY29tXC93cC1jb250ZW50XC91cGxvYWRzXC8yMDIwXC8wNFwvYmFkbW9lYmVsLWJhZF9jZW1lbnRvODAzX3plbWVudG9wdGlrX25vYmlsaWEuanBnIiwic2xpZGVzaG93IjoiZDgzNDlkYSJ9\">\n\t\t\t\t\t<div class=\"e-gallery-image elementor-gallery-item__image\" data-thumbnail=\"https:\/\/cocinas-tenerife.com\/wp-content\/uploads\/2020\/04\/badmoebel-bad_cemento803_zementoptik_nobilia-768x443.jpg\" data-width=\"768\" data-height=\"443\" aria-label=\"Badm\u00f6bel - Moderne Badezimmer bei 1-2-3 K\u00fcchen, Puerto de la Cruz, Teneriffa\" role=\"img\" ><\/div>\n\t\t\t\t\t\t\t\t\t\t\t<div class=\"elementor-gallery-item__overlay\"><\/div>\n\t\t\t\t\t\t\t\t\t\t\t\t\t\t<\/a>\n\t\t\t\t\t\t\t<a class=\"e-gallery-item elementor-gallery-item elementor-animated-content\" href=\"https:\/\/cocinas-tenerife.com\/wp-content\/uploads\/2020\/04\/badmoebel-bad_easytouch963.jpg\" data-elementor-open-lightbox=\"yes\" data-elementor-lightbox-slideshow=\"d8349da\" data-e-action-hash=\"#elementor-action%3Aaction%3Dlightbox%26settings%3DeyJpZCI6MzM4MiwidXJsIjoiaHR0cHM6XC9cL2NvY2luYXMtdGVuZXJpZmUuY29tXC93cC1jb250ZW50XC91cGxvYWRzXC8yMDIwXC8wNFwvYmFkbW9lYmVsLWJhZF9lYXN5dG91Y2g5NjMuanBnIiwic2xpZGVzaG93IjoiZDgzNDlkYSJ9\">\n\t\t\t\t\t<div class=\"e-gallery-image elementor-gallery-item__image\" data-thumbnail=\"https:\/\/cocinas-tenerife.com\/wp-content\/uploads\/2020\/04\/badmoebel-bad_easytouch963-768x443.jpg\" data-width=\"768\" data-height=\"443\" aria-label=\"Badm\u00f6bel - Moderne Badezimmer bei 1-2-3 K\u00fcchen, Puerto de la Cruz, Teneriffa\" role=\"img\" ><\/div>\n\t\t\t\t\t\t\t\t\t\t\t<div class=\"elementor-gallery-item__overlay\"><\/div>\n\t\t\t\t\t\t\t\t\t\t\t\t\t\t<\/a>\n\t\t\t\t\t\t\t<a class=\"e-gallery-item elementor-gallery-item elementor-animated-content\" href=\"https:\/\/cocinas-tenerife.com\/wp-content\/uploads\/2020\/04\/badmoebel-bad_fashion165_moderner_look_nobilia.jpg\" data-elementor-open-lightbox=\"yes\" data-elementor-lightbox-slideshow=\"d8349da\" data-e-action-hash=\"#elementor-action%3Aaction%3Dlightbox%26settings%3DeyJpZCI6MzM4NSwidXJsIjoiaHR0cHM6XC9cL2NvY2luYXMtdGVuZXJpZmUuY29tXC93cC1jb250ZW50XC91cGxvYWRzXC8yMDIwXC8wNFwvYmFkbW9lYmVsLWJhZF9mYXNoaW9uMTY1X21vZGVybmVyX2xvb2tfbm9iaWxpYS5qcGciLCJzbGlkZXNob3ciOiJkODM0OWRhIn0%3D\">\n\t\t\t\t\t<div class=\"e-gallery-image elementor-gallery-item__image\" data-thumbnail=\"https:\/\/cocinas-tenerife.com\/wp-content\/uploads\/2020\/04\/badmoebel-bad_fashion165_moderner_look_nobilia-768x443.jpg\" data-width=\"768\" data-height=\"443\" aria-label=\"Badm\u00f6bel - Moderne Badezimmer bei 1-2-3 K\u00fcchen, Puerto de la Cruz, Teneriffa\" role=\"img\" ><\/div>\n\t\t\t\t\t\t\t\t\t\t\t<div class=\"elementor-gallery-item__overlay\"><\/div>\n\t\t\t\t\t\t\t\t\t\t\t\t\t\t<\/a>\n\t\t\t\t\t\t\t<a class=\"e-gallery-item elementor-gallery-item elementor-animated-content\" href=\"https:\/\/cocinas-tenerife.com\/wp-content\/uploads\/2020\/04\/badmoebel-bad_inline551_riva887.jpg\" data-elementor-open-lightbox=\"yes\" data-elementor-lightbox-slideshow=\"d8349da\" data-e-action-hash=\"#elementor-action%3Aaction%3Dlightbox%26settings%3DeyJpZCI6MzM4OCwidXJsIjoiaHR0cHM6XC9cL2NvY2luYXMtdGVuZXJpZmUuY29tXC93cC1jb250ZW50XC91cGxvYWRzXC8yMDIwXC8wNFwvYmFkbW9lYmVsLWJhZF9pbmxpbmU1NTFfcml2YTg4Ny5qcGciLCJzbGlkZXNob3ciOiJkODM0OWRhIn0%3D\">\n\t\t\t\t\t<div class=\"e-gallery-image elementor-gallery-item__image\" data-thumbnail=\"https:\/\/cocinas-tenerife.com\/wp-content\/uploads\/2020\/04\/badmoebel-bad_inline551_riva887-768x443.jpg\" data-width=\"768\" data-height=\"443\" aria-label=\"Badm\u00f6bel - Moderne Badezimmer bei 1-2-3 K\u00fcchen, Puerto de la Cruz, Teneriffa\" role=\"img\" ><\/div>\n\t\t\t\t\t\t\t\t\t\t\t<div class=\"elementor-gallery-item__overlay\"><\/div>\n\t\t\t\t\t\t\t\t\t\t\t\t\t\t<\/a>\n\t\t\t\t\t\t\t<a class=\"e-gallery-item elementor-gallery-item elementor-animated-content\" href=\"https:\/\/cocinas-tenerife.com\/wp-content\/uploads\/2020\/04\/badmoebel-bad_structura403.jpg\" data-elementor-open-lightbox=\"yes\" data-elementor-lightbox-slideshow=\"d8349da\" data-e-action-hash=\"#elementor-action%3Aaction%3Dlightbox%26settings%3DeyJpZCI6MzM5MSwidXJsIjoiaHR0cHM6XC9cL2NvY2luYXMtdGVuZXJpZmUuY29tXC93cC1jb250ZW50XC91cGxvYWRzXC8yMDIwXC8wNFwvYmFkbW9lYmVsLWJhZF9zdHJ1Y3R1cmE0MDMuanBnIiwic2xpZGVzaG93IjoiZDgzNDlkYSJ9\">\n\t\t\t\t\t<div class=\"e-gallery-image elementor-gallery-item__image\" data-thumbnail=\"https:\/\/cocinas-tenerife.com\/wp-content\/uploads\/2020\/04\/badmoebel-bad_structura403-768x443.jpg\" data-width=\"768\" data-height=\"443\" aria-label=\"Badm\u00f6bel - Moderne Badezimmer bei 1-2-3 K\u00fcchen, Puerto de la Cruz, Teneriffa\" role=\"img\" ><\/div>\n\t\t\t\t\t\t\t\t\t\t\t<div class=\"elementor-gallery-item__overlay\"><\/div>\n\t\t\t\t\t\t\t\t\t\t\t\t\t\t<\/a>\n\t\t\t\t\t\t\t<a class=\"e-gallery-item elementor-gallery-item elementor-animated-content\" href=\"https:\/\/cocinas-tenerife.com\/wp-content\/uploads\/2020\/04\/badmoebel-bad_structura405_eiche_sierra_nobilia.jpg\" data-elementor-open-lightbox=\"yes\" data-elementor-lightbox-slideshow=\"d8349da\" data-e-action-hash=\"#elementor-action%3Aaction%3Dlightbox%26settings%3DeyJpZCI6MzM5NCwidXJsIjoiaHR0cHM6XC9cL2NvY2luYXMtdGVuZXJpZmUuY29tXC93cC1jb250ZW50XC91cGxvYWRzXC8yMDIwXC8wNFwvYmFkbW9lYmVsLWJhZF9zdHJ1Y3R1cmE0MDVfZWljaGVfc2llcnJhX25vYmlsaWEuanBnIiwic2xpZGVzaG93IjoiZDgzNDlkYSJ9\">\n\t\t\t\t\t<div class=\"e-gallery-image elementor-gallery-item__image\" data-thumbnail=\"https:\/\/cocinas-tenerife.com\/wp-content\/uploads\/2020\/04\/badmoebel-bad_structura405_eiche_sierra_nobilia-768x443.jpg\" data-width=\"768\" data-height=\"443\" aria-label=\"Badm\u00f6bel - Moderne Badezimmer bei 1-2-3 K\u00fcchen, Puerto de la Cruz, Teneriffa\" role=\"img\" ><\/div>\n\t\t\t\t\t\t\t\t\t\t\t<div class=\"elementor-gallery-item__overlay\"><\/div>\n\t\t\t\t\t\t\t\t\t\t\t\t\t\t<\/a>\n\t\t\t\t\t\t\t<a class=\"e-gallery-item elementor-gallery-item elementor-animated-content\" href=\"https:\/\/cocinas-tenerife.com\/wp-content\/uploads\/2020\/04\/badmoebel-bad_touch337_eiche_havanna_nobilia.jpg\" data-elementor-open-lightbox=\"yes\" data-elementor-lightbox-slideshow=\"d8349da\" data-e-action-hash=\"#elementor-action%3Aaction%3Dlightbox%26settings%3DeyJpZCI6MzM5NywidXJsIjoiaHR0cHM6XC9cL2NvY2luYXMtdGVuZXJpZmUuY29tXC93cC1jb250ZW50XC91cGxvYWRzXC8yMDIwXC8wNFwvYmFkbW9lYmVsLWJhZF90b3VjaDMzN19laWNoZV9oYXZhbm5hX25vYmlsaWEuanBnIiwic2xpZGVzaG93IjoiZDgzNDlkYSJ9\">\n\t\t\t\t\t<div class=\"e-gallery-image elementor-gallery-item__image\" data-thumbnail=\"https:\/\/cocinas-tenerife.com\/wp-content\/uploads\/2020\/04\/badmoebel-bad_touch337_eiche_havanna_nobilia-768x443.jpg\" data-width=\"768\" data-height=\"443\" aria-label=\"Badm\u00f6bel - Moderne Badezimmer bei 1-2-3 K\u00fcchen, Puerto de la Cruz, Teneriffa\" role=\"img\" ><\/div>\n\t\t\t\t\t\t\t\t\t\t\t<div class=\"elementor-gallery-item__overlay\"><\/div>\n\t\t\t\t\t\t\t\t\t\t\t\t\t\t<\/a>\n\t\t\t\t\t<\/div>\n\t\t\t\t\t<\/div>\n\t\t\t\t<\/div>\n\t\t\t\t<div class=\"elementor-element elementor-element-1413d15 elementor-widget elementor-widget-spacer\" data-id=\"1413d15\" data-element_type=\"widget\" data-e-type=\"widget\" data-widget_type=\"spacer.default\">\n\t\t\t\t<div class=\"elementor-widget-container\">\n\t\t\t\t\t\t\t<div class=\"elementor-spacer\">\n\t\t\t<div class=\"elementor-spacer-inner\"><\/div>\n\t\t<\/div>\n\t\t\t\t\t\t<\/div>\n\t\t\t\t<\/div>\n\t\t\t\t\t<\/div>\n\t\t<\/div>\n\t\t\t\t\t<\/div>\n\t\t<\/section>\n\t\t\t\t<\/div>\n\t\t","protected":false},"excerpt":{"rendered":"<p>Muebles de ba\u00f1o y dise\u00f1o de cuartos de ba\u00f1o Refugio y oasis de bienestar en uno Ya sea con aspecto de madera, hormig\u00f3n moderno o frentes de laca de alta calidad, insp\u00edrese en las tendencias actuales y cree su propio oasis de bienestar personal. Los muebles de ba\u00f1o de alta calidad en dise\u00f1os nobles y [&hellip;]<\/p>\n","protected":false},"author":2,"featured_media":0,"parent":0,"menu_order":0,"comment_status":"closed","ping_status":"closed","template":"","meta":{"footnotes":""},"class_list":["post-1651","page","type-page","status-publish","hentry"],"yoast_head":"<!-- This site is optimized with the Yoast SEO plugin v27.4 - https:\/\/yoast.com\/product\/yoast-seo-wordpress\/ -->\n<title>Muebles de ba\u00f1o - 123 Cocinas, Puerto de la Cruz, Tenerife<\/title>\n<meta name=\"robots\" content=\"index, follow, max-snippet:-1, max-image-preview:large, max-video-preview:-1\" \/>\n<link rel=\"canonical\" href=\"https:\/\/cocinas-tenerife.com\/es\/muebles-de-bano\/\" \/>\n<meta property=\"og:locale\" content=\"es_ES\" \/>\n<meta property=\"og:type\" content=\"article\" \/>\n<meta property=\"og:title\" content=\"Muebles de ba\u00f1o - 123 Cocinas, Puerto de la Cruz, Tenerife\" \/>\n<meta property=\"og:description\" content=\"Muebles de ba\u00f1o y dise\u00f1o de cuartos de ba\u00f1o Refugio y oasis de bienestar en uno Ya sea con aspecto de madera, hormig\u00f3n moderno o frentes de laca de alta calidad, insp\u00edrese en las tendencias actuales y cree su propio oasis de bienestar personal. Los muebles de ba\u00f1o de alta calidad en dise\u00f1os nobles y [&hellip;]\" \/>\n<meta property=\"og:url\" content=\"https:\/\/cocinas-tenerife.com\/es\/muebles-de-bano\/\" \/>\n<meta property=\"og:site_name\" content=\"123 Cocinas, Puerto de la Cruz, Tenerife\" \/>\n<meta property=\"article:modified_time\" content=\"2020-10-28T12:29:12+00:00\" \/>\n<meta property=\"og:image\" content=\"https:\/\/cocinas-tenerife.com\/wp-content\/uploads\/2019\/12\/badezimmer-0307_lux817_50493_19-1351x381-1.jpg\" \/>\n<meta name=\"twitter:card\" content=\"summary_large_image\" \/>\n<meta name=\"twitter:label1\" content=\"Tiempo de lectura\" \/>\n\t<meta name=\"twitter:data1\" content=\"1 minuto\" \/>\n<script type=\"application\/ld+json\" class=\"yoast-schema-graph\">{\"@context\":\"https:\\\/\\\/schema.org\",\"@graph\":[{\"@type\":\"WebPage\",\"@id\":\"https:\\\/\\\/cocinas-tenerife.com\\\/es\\\/muebles-de-bano\\\/\",\"url\":\"https:\\\/\\\/cocinas-tenerife.com\\\/es\\\/muebles-de-bano\\\/\",\"name\":\"Muebles de ba\u00f1o - 123 Cocinas, Puerto de la Cruz, Tenerife\",\"isPartOf\":{\"@id\":\"https:\\\/\\\/cocinas-tenerife.com\\\/es\\\/#website\"},\"primaryImageOfPage\":{\"@id\":\"https:\\\/\\\/cocinas-tenerife.com\\\/es\\\/muebles-de-bano\\\/#primaryimage\"},\"image\":{\"@id\":\"https:\\\/\\\/cocinas-tenerife.com\\\/es\\\/muebles-de-bano\\\/#primaryimage\"},\"thumbnailUrl\":\"https:\\\/\\\/cocinas-tenerife.com\\\/wp-content\\\/uploads\\\/2019\\\/12\\\/badezimmer-0307_lux817_50493_19-1351x381-1.jpg\",\"datePublished\":\"2019-10-03T14:08:22+00:00\",\"dateModified\":\"2020-10-28T12:29:12+00:00\",\"breadcrumb\":{\"@id\":\"https:\\\/\\\/cocinas-tenerife.com\\\/es\\\/muebles-de-bano\\\/#breadcrumb\"},\"inLanguage\":\"es\",\"potentialAction\":[{\"@type\":\"ReadAction\",\"target\":[\"https:\\\/\\\/cocinas-tenerife.com\\\/es\\\/muebles-de-bano\\\/\"]}]},{\"@type\":\"ImageObject\",\"inLanguage\":\"es\",\"@id\":\"https:\\\/\\\/cocinas-tenerife.com\\\/es\\\/muebles-de-bano\\\/#primaryimage\",\"url\":\"https:\\\/\\\/cocinas-tenerife.com\\\/wp-content\\\/uploads\\\/2019\\\/12\\\/badezimmer-0307_lux817_50493_19-1351x381-1.jpg\",\"contentUrl\":\"https:\\\/\\\/cocinas-tenerife.com\\\/wp-content\\\/uploads\\\/2019\\\/12\\\/badezimmer-0307_lux817_50493_19-1351x381-1.jpg\"},{\"@type\":\"BreadcrumbList\",\"@id\":\"https:\\\/\\\/cocinas-tenerife.com\\\/es\\\/muebles-de-bano\\\/#breadcrumb\",\"itemListElement\":[{\"@type\":\"ListItem\",\"position\":1,\"name\":\"Portada\",\"item\":\"https:\\\/\\\/cocinas-tenerife.com\\\/es\\\/\"},{\"@type\":\"ListItem\",\"position\":2,\"name\":\"Muebles de ba\u00f1o\"}]},{\"@type\":\"WebSite\",\"@id\":\"https:\\\/\\\/cocinas-tenerife.com\\\/es\\\/#website\",\"url\":\"https:\\\/\\\/cocinas-tenerife.com\\\/es\\\/\",\"name\":\"123-Cocinas\",\"description\":\"Ihr K\u00fcchen-Spezialist in Puerto de la Cruz\",\"publisher\":{\"@id\":\"https:\\\/\\\/cocinas-tenerife.com\\\/es\\\/#organization\"},\"potentialAction\":[{\"@type\":\"SearchAction\",\"target\":{\"@type\":\"EntryPoint\",\"urlTemplate\":\"https:\\\/\\\/cocinas-tenerife.com\\\/es\\\/?s={search_term_string}\"},\"query-input\":{\"@type\":\"PropertyValueSpecification\",\"valueRequired\":true,\"valueName\":\"search_term_string\"}}],\"inLanguage\":\"es\"},{\"@type\":\"Organization\",\"@id\":\"https:\\\/\\\/cocinas-tenerife.com\\\/es\\\/#organization\",\"name\":\"1 2 3 Cocinas\",\"url\":\"https:\\\/\\\/cocinas-tenerife.com\\\/es\\\/\",\"logo\":{\"@type\":\"ImageObject\",\"inLanguage\":\"es\",\"@id\":\"https:\\\/\\\/cocinas-tenerife.com\\\/es\\\/#\\\/schema\\\/logo\\\/image\\\/\",\"url\":\"https:\\\/\\\/cocinas-tenerife.com\\\/wp-content\\\/uploads\\\/2015\\\/02\\\/Logo-123cocinas-hoch-1024x533.jpg\",\"contentUrl\":\"https:\\\/\\\/cocinas-tenerife.com\\\/wp-content\\\/uploads\\\/2015\\\/02\\\/Logo-123cocinas-hoch-1024x533.jpg\",\"width\":1024,\"height\":533,\"caption\":\"1 2 3 Cocinas\"},\"image\":{\"@id\":\"https:\\\/\\\/cocinas-tenerife.com\\\/es\\\/#\\\/schema\\\/logo\\\/image\\\/\"}}]}<\/script>\n<!-- \/ Yoast SEO plugin. -->","yoast_head_json":{"title":"Muebles de ba\u00f1o - 123 Cocinas, Puerto de la Cruz, Tenerife","robots":{"index":"index","follow":"follow","max-snippet":"max-snippet:-1","max-image-preview":"max-image-preview:large","max-video-preview":"max-video-preview:-1"},"canonical":"https:\/\/cocinas-tenerife.com\/es\/muebles-de-bano\/","og_locale":"es_ES","og_type":"article","og_title":"Muebles de ba\u00f1o - 123 Cocinas, Puerto de la Cruz, Tenerife","og_description":"Muebles de ba\u00f1o y dise\u00f1o de cuartos de ba\u00f1o Refugio y oasis de bienestar en uno Ya sea con aspecto de madera, hormig\u00f3n moderno o frentes de laca de alta calidad, insp\u00edrese en las tendencias actuales y cree su propio oasis de bienestar personal. Los muebles de ba\u00f1o de alta calidad en dise\u00f1os nobles y [&hellip;]","og_url":"https:\/\/cocinas-tenerife.com\/es\/muebles-de-bano\/","og_site_name":"123 Cocinas, Puerto de la Cruz, Tenerife","article_modified_time":"2020-10-28T12:29:12+00:00","og_image":[{"url":"https:\/\/cocinas-tenerife.com\/wp-content\/uploads\/2019\/12\/badezimmer-0307_lux817_50493_19-1351x381-1.jpg","type":"","width":"","height":""}],"twitter_card":"summary_large_image","twitter_misc":{"Tiempo de lectura":"1 minuto"},"schema":{"@context":"https:\/\/schema.org","@graph":[{"@type":"WebPage","@id":"https:\/\/cocinas-tenerife.com\/es\/muebles-de-bano\/","url":"https:\/\/cocinas-tenerife.com\/es\/muebles-de-bano\/","name":"Muebles de ba\u00f1o - 123 Cocinas, Puerto de la Cruz, Tenerife","isPartOf":{"@id":"https:\/\/cocinas-tenerife.com\/es\/#website"},"primaryImageOfPage":{"@id":"https:\/\/cocinas-tenerife.com\/es\/muebles-de-bano\/#primaryimage"},"image":{"@id":"https:\/\/cocinas-tenerife.com\/es\/muebles-de-bano\/#primaryimage"},"thumbnailUrl":"https:\/\/cocinas-tenerife.com\/wp-content\/uploads\/2019\/12\/badezimmer-0307_lux817_50493_19-1351x381-1.jpg","datePublished":"2019-10-03T14:08:22+00:00","dateModified":"2020-10-28T12:29:12+00:00","breadcrumb":{"@id":"https:\/\/cocinas-tenerife.com\/es\/muebles-de-bano\/#breadcrumb"},"inLanguage":"es","potentialAction":[{"@type":"ReadAction","target":["https:\/\/cocinas-tenerife.com\/es\/muebles-de-bano\/"]}]},{"@type":"ImageObject","inLanguage":"es","@id":"https:\/\/cocinas-tenerife.com\/es\/muebles-de-bano\/#primaryimage","url":"https:\/\/cocinas-tenerife.com\/wp-content\/uploads\/2019\/12\/badezimmer-0307_lux817_50493_19-1351x381-1.jpg","contentUrl":"https:\/\/cocinas-tenerife.com\/wp-content\/uploads\/2019\/12\/badezimmer-0307_lux817_50493_19-1351x381-1.jpg"},{"@type":"BreadcrumbList","@id":"https:\/\/cocinas-tenerife.com\/es\/muebles-de-bano\/#breadcrumb","itemListElement":[{"@type":"ListItem","position":1,"name":"Portada","item":"https:\/\/cocinas-tenerife.com\/es\/"},{"@type":"ListItem","position":2,"name":"Muebles de ba\u00f1o"}]},{"@type":"WebSite","@id":"https:\/\/cocinas-tenerife.com\/es\/#website","url":"https:\/\/cocinas-tenerife.com\/es\/","name":"123-Cocinas","description":"Ihr K\u00fcchen-Spezialist in Puerto de la Cruz","publisher":{"@id":"https:\/\/cocinas-tenerife.com\/es\/#organization"},"potentialAction":[{"@type":"SearchAction","target":{"@type":"EntryPoint","urlTemplate":"https:\/\/cocinas-tenerife.com\/es\/?s={search_term_string}"},"query-input":{"@type":"PropertyValueSpecification","valueRequired":true,"valueName":"search_term_string"}}],"inLanguage":"es"},{"@type":"Organization","@id":"https:\/\/cocinas-tenerife.com\/es\/#organization","name":"1 2 3 Cocinas","url":"https:\/\/cocinas-tenerife.com\/es\/","logo":{"@type":"ImageObject","inLanguage":"es","@id":"https:\/\/cocinas-tenerife.com\/es\/#\/schema\/logo\/image\/","url":"https:\/\/cocinas-tenerife.com\/wp-content\/uploads\/2015\/02\/Logo-123cocinas-hoch-1024x533.jpg","contentUrl":"https:\/\/cocinas-tenerife.com\/wp-content\/uploads\/2015\/02\/Logo-123cocinas-hoch-1024x533.jpg","width":1024,"height":533,"caption":"1 2 3 Cocinas"},"image":{"@id":"https:\/\/cocinas-tenerife.com\/es\/#\/schema\/logo\/image\/"}}]}},"_links":{"self":[{"href":"https:\/\/cocinas-tenerife.com\/es\/wp-json\/wp\/v2\/pages\/1651","targetHints":{"allow":["GET"]}}],"collection":[{"href":"https:\/\/cocinas-tenerife.com\/es\/wp-json\/wp\/v2\/pages"}],"about":[{"href":"https:\/\/cocinas-tenerife.com\/es\/wp-json\/wp\/v2\/types\/page"}],"author":[{"embeddable":true,"href":"https:\/\/cocinas-tenerife.com\/es\/wp-json\/wp\/v2\/users\/2"}],"replies":[{"embeddable":true,"href":"https:\/\/cocinas-tenerife.com\/es\/wp-json\/wp\/v2\/comments?post=1651"}],"version-history":[{"count":4,"href":"https:\/\/cocinas-tenerife.com\/es\/wp-json\/wp\/v2\/pages\/1651\/revisions"}],"predecessor-version":[{"id":4039,"href":"https:\/\/cocinas-tenerife.com\/es\/wp-json\/wp\/v2\/pages\/1651\/revisions\/4039"}],"wp:attachment":[{"href":"https:\/\/cocinas-tenerife.com\/es\/wp-json\/wp\/v2\/media?parent=1651"}],"curies":[{"name":"wp","href":"https:\/\/api.w.org\/{rel}","templated":true}]}}